{"id":7307,"date":"2024-11-08T21:28:40","date_gmt":"2024-11-08T21:28:40","guid":{"rendered":"https:\/\/www.ndm.com.pa\/es\/?page_id=7307"},"modified":"2024-11-08T21:29:40","modified_gmt":"2024-11-08T21:29:40","slug":"visa-de-corta-estancia-para-visitar-familiares","status":"publish","type":"page","link":"https:\/\/www.ndm.com.pa\/es\/servicios-legales\/derecho-migratorio\/visa-de-corta-estancia-para-visitar-familiares\/","title":{"rendered":"Visa de corta estancia para visitar familiares"},"content":{"rendered":"\n<p>Una Visa de Corta Estancia es una opci\u00f3n valiosa. En esta gu\u00eda completa, te guiaremos <strong>a trav\u00e9s del proceso, requisitos e informaci\u00f3n esencial<\/strong> para obtener esta visa, asegurando que puedas reunirte con tus seres queridos. Visitar a la familia es una experiencia invaluable que cierra la brecha creada por la distancia. Para aquellos que desean visitar a su c\u00f3nyuge, familiares directos o colaterales en Panam\u00e1.<\/p>\n\n\n\n<h2 class=\"gb-headline gb-headline-f644d34f gb-headline-text\"><span class=\"ez-toc-section\" id=\"%C2%BFPor_que_elegir_la_Visa_de_Corta_Estancia_para_Visitas_Familiares\"><\/span>\u00bfPor qu\u00e9 elegir la Visa de Corta Estancia para Visitas Familiares?<span class=\"ez-toc-section-end\"><\/span><\/h2>\n\n\n\n<p>La Visa de Corta Estancia para Visitas Familiares, tambi\u00e9n conocida como \u00abVisa de Corta Estancia,\u00bb est\u00e1 disponible para extranjeros que desean visitar a su c\u00f3nyuge, familiares directos o colaterales hasta el segundo grado de consanguinidad, que puedan demostrar su nacionalidad paname\u00f1a o residencia temporal o permanente. Esta visa se otorga por un per\u00edodo de hasta nueve meses y no es prorrogable.<\/p>\n\n\n\n<h2 class=\"gb-headline gb-headline-018bb8d8 gb-headline-text\"><span class=\"ez-toc-section\" id=\"Elegibilidad_para_la_Visa\"><\/span><strong>Elegibilidad para la Visa<\/strong><span class=\"ez-toc-section-end\"><\/span><\/h2>\n\n\n\n<p>Si el solicitante es menor de edad, uno de sus padres o un tutor legal con derechos debidamente certificados de custodia y cuidado debe presentar la solicitud de visa en su nombre.<\/p>\n\n\n\n<h2 class=\"gb-headline gb-headline-45a8bb66 gb-headline-text\"><span class=\"ez-toc-section\" id=\"Solicitud_de_Visa_de_Corta_Estancia_para_Visitas_Familiares\"><\/span>Solicitud de <strong>Visa de Corta Estancia para Visitas Familiares<\/strong><span class=\"ez-toc-section-end\"><\/span><\/h2>\n\n\n\n<p>Para solicitar la Visa de Corta Estancia para Visitas Familiares, necesitas preparar los siguientes documentos:<\/p>\n\n\n\n<ul class=\"wp-block-list\">\n<li><strong>Formulario de solicitud de visa.<\/strong><\/li>\n\n\n\n<li>Prueba de la relaci\u00f3n entre t\u00fa y el familiar que deseas visitar.<\/li>\n\n\n\n<li>Pago de B\/.100.00 por servicios migratorios al Servicio Nacional de Migraci\u00f3n.<\/li>\n\n\n\n<li>Un dep\u00f3sito de B\/.500.00 como garant\u00eda para el Servicio Nacional de Migraci\u00f3n.<\/li>\n\n\n\n<li>Una copia de tu pasaporte o documento de viaje con al menos 3 meses de validez.<\/li>\n\n\n\n<li>Una reserva de vuelo confirmada con itinerario de viaje.<\/li>\n\n\n\n<li>Una copia de tu tarjeta de identificaci\u00f3n o tarjeta de residencia de tu pa\u00eds de origen, si corresponde.<\/li>\n\n\n\n<li>Tres fotograf\u00edas tama\u00f1o pasaporte.<\/li>\n\n\n\n<li>Una reserva de hotel confirmada, si aplica.<\/li>\n\n\n\n<li>Un certificado de antecedentes penales de tu pa\u00eds de origen o de tu pa\u00eds de residencia.<\/li>\n\n\n\n<li>Un certificado de salud emitido por un profesional de la salud calificado dentro de los tres meses previos a la solicitud de la visa.<\/li>\n\n\n\n<li>Una declaraci\u00f3n jurada de tu historial personal.<\/li>\n<\/ul>\n\n\n\n<h2 class=\"gb-headline gb-headline-0cef45bc gb-headline-text\"><span class=\"ez-toc-section\" id=\"Proceso_de_Solicitud\"><\/span><strong>Proceso de Solicitud<\/strong><span class=\"ez-toc-section-end\"><\/span><\/h2>\n\n\n\n<p>El proceso para solicitar una Visa de Corta Estancia para Visitas Familiares incluye varios pasos:<\/p>\n\n\n\n<ul class=\"wp-block-list\">\n<li>Reunir todos los documentos requeridos seg\u00fan la lista de verificaci\u00f3n.<\/li>\n\n\n\n<li>Completar el formulario de solicitud de visa.<\/li>\n\n\n\n<li>Pagar las tarifas necesarias.<\/li>\n\n\n\n<li>Presentar tu solicitud al Servicio Nacional de Migraci\u00f3n.<\/li>\n\n\n\n<li>Asistir a una entrevista o proporcionar informaci\u00f3n adicional si se solicita.<\/li>\n\n\n\n<li>Esperar a que la visa sea procesada.<\/li>\n<\/ul>\n\n\n\n<h2 class=\"gb-headline gb-headline-56d6cd04 gb-headline-text\"><span class=\"ez-toc-section\" id=\"Conclusion\"><\/span>Conclusi\u00f3n<span class=\"ez-toc-section-end\"><\/span><\/h2>\n\n\n\n<p>La Visa de Corta Estancia para Visitas Familiares es una v\u00eda para reconectar con tus seres queridos en Panam\u00e1. Siguiendo los requisitos y procedimientos establecidos, puedes hacer realidad tu visita familiar. No dejes que la distancia te aleje de esos momentos especiales.<\/p>\n\n\n<div class=\"gb-container gb-container-0ec4c649\">\n<div class=\"gb-grid-wrapper gb-grid-wrapper-2c4da3cd\">\n<div class=\"gb-grid-column gb-grid-column-7a7a14a2\"><div class=\"gb-container gb-container-7a7a14a2\" id=\"contacto\">\n\n<h3 class=\"gb-headline gb-headline-e0970646\" id=\"free-consultation\"><span class=\"ez-toc-section\" id=\"Te_contactaremos\"><\/span><span class=\"gb-icon\"><svg aria-hidden=\"true\" role=\"img\" height=\"1em\" width=\"1em\" viewBox=\"0 0 512 512\" xmlns=\"http:\/\/www.w3.org\/2000\/svg\"><path fill=\"currentColor\" d=\"M464 64H48C21.49 64 0 85.49 0 112v288c0 26.51 21.49 48 48 48h416c26.51 0 48-21.49 48-48V112c0-26.51-21.49-48-48-48zm0 48v40.805c-22.422 18.259-58.168 46.651-134.587 106.49-16.841 13.247-50.201 45.072-73.413 44.701-23.208.375-56.579-31.459-73.413-44.701C106.18 199.465 70.425 171.067 48 152.805V112h416zM48 400V214.398c22.914 18.251 55.409 43.862 104.938 82.646 21.857 17.205 60.134 55.186 103.062 54.955 42.717.231 80.509-37.199 103.053-54.947 49.528-38.783 82.032-64.401 104.947-82.653V400H48z\"><\/path><\/svg><\/span><span class=\"gb-headline-text\">Te contactaremos<\/span><span class=\"ez-toc-section-end\"><\/span><\/h3>\n\n\n\n\t\t\t\t\t\t<script>\n\t\t\t\t\t\t\twindow.hsFormsOnReady = window.hsFormsOnReady || [];\n\t\t\t\t\t\t\twindow.hsFormsOnReady.push(()=>{\n\t\t\t\t\t\t\t\thbspt.forms.create({\n\t\t\t\t\t\t\t\t\tportalId: 22633994,\n\t\t\t\t\t\t\t\t\tformId: \"65a5afb3-e520-4745-bfa0-ab5a1cb6982a\",\n\t\t\t\t\t\t\t\t\ttarget: \"#hbspt-form-1776294907000-9280988465\",\n\t\t\t\t\t\t\t\t\tregion: \"na1\",\n\t\t\t\t\t\t\t\t\t\n\t\t\t\t\t\t\t})});\n\t\t\t\t\t\t<\/script>\n\t\t\t\t\t\t<div class=\"hbspt-form\" id=\"hbspt-form-1776294907000-9280988465\"><\/div>\n\n<\/div><\/div>\n<\/div>\n<\/div>","protected":false},"excerpt":{"rendered":"<p>Una Visa de Corta Estancia es una opci\u00f3n valiosa. En esta gu\u00eda completa, te guiaremos a trav\u00e9s del proceso, requisitos e informaci\u00f3n esencial para obtener esta visa, asegurando que puedas reunirte con tus seres queridos. Visitar a la familia es una experiencia invaluable que cierra la brecha creada por la distancia. Para aquellos que &#8230; <\/p>\n<p class=\"read-more-container\"><a title=\"Visa de corta estancia para visitar familiares\" class=\"read-more button\" href=\"https:\/\/www.ndm.com.pa\/es\/servicios-legales\/derecho-migratorio\/visa-de-corta-estancia-para-visitar-familiares\/#more-7307\" aria-label=\"Leer m\u00e1s sobre Visa de corta estancia para visitar familiares\">Leer m\u00e1s<\/a><\/p>\n","protected":false},"author":1,"featured_media":7308,"parent":7208,"menu_order":0,"comment_status":"closed","ping_status":"closed","template":"","meta":{"content-type":"","inline_featured_image":false,"footnotes":""},"class_list":{"0":"post-7307","1":"page","2":"type-page","3":"status-publish","4":"has-post-thumbnail","6":"infinite-scroll-item"},"_links":{"self":[{"href":"https:\/\/www.ndm.com.pa\/es\/wp-json\/wp\/v2\/pages\/7307","targetHints":{"allow":["GET"]}}],"collection":[{"href":"https:\/\/www.ndm.com.pa\/es\/wp-json\/wp\/v2\/pages"}],"about":[{"href":"https:\/\/www.ndm.com.pa\/es\/wp-json\/wp\/v2\/types\/page"}],"author":[{"embeddable":true,"href":"https:\/\/www.ndm.com.pa\/es\/wp-json\/wp\/v2\/users\/1"}],"replies":[{"embeddable":true,"href":"https:\/\/www.ndm.com.pa\/es\/wp-json\/wp\/v2\/comments?post=7307"}],"version-history":[{"count":2,"href":"https:\/\/www.ndm.com.pa\/es\/wp-json\/wp\/v2\/pages\/7307\/revisions"}],"predecessor-version":[{"id":7310,"href":"https:\/\/www.ndm.com.pa\/es\/wp-json\/wp\/v2\/pages\/7307\/revisions\/7310"}],"up":[{"embeddable":true,"href":"https:\/\/www.ndm.com.pa\/es\/wp-json\/wp\/v2\/pages\/7208"}],"wp:featuredmedia":[{"embeddable":true,"href":"https:\/\/www.ndm.com.pa\/es\/wp-json\/wp\/v2\/media\/7308"}],"wp:attachment":[{"href":"https:\/\/www.ndm.com.pa\/es\/wp-json\/wp\/v2\/media?parent=7307"}],"curies":[{"name":"wp","href":"https:\/\/api.w.org\/{rel}","templated":true}]}}