{"id":7301,"date":"2024-11-08T21:06:28","date_gmt":"2024-11-08T21:06:28","guid":{"rendered":"https:\/\/www.ndm.com.pa\/es\/?page_id=7301"},"modified":"2024-11-08T21:07:04","modified_gmt":"2024-11-08T21:07:04","slug":"visa-de-trabajador-domestico-en-panama","status":"publish","type":"page","link":"https:\/\/www.ndm.com.pa\/es\/servicios-legales\/derecho-migratorio\/visa-de-trabajador-domestico-en-panama\/","title":{"rendered":"Visa de trabajador dom\u00e9stico en Panam\u00e1"},"content":{"rendered":"<div class=\"gb-container gb-container-0ba5bf47\">\n<div class=\"gb-container gb-container-b46138df\">\n\n<p class=\"gb-headline gb-headline-b61b1892 gb-headline-text\">Una visa de trabajador dom\u00e9stico en Panam\u00e1<strong> es un tipo espec\u00edfico de visa dise\u00f1ada para ciudadanos extranjeros que desean trabajar en Panam\u00e1 como empleados dom\u00e9sticos.<\/strong><strong> <\/strong>Esta categor\u00eda incluye roles como empleados de limpieza, ni\u00f1eras, jardineros y otras posiciones t\u00edpicas asociadas al mantenimiento y cuidado del hogar.<\/p>\n\n<\/div>\n\n<div class=\"gb-container gb-container-e74639b0\">\n\n<h2 class=\"gb-headline gb-headline-b6718098 gb-headline-text\"><span class=\"ez-toc-section\" id=\"Elegibilidad_para_la_visa_de_hogar\"><\/span>Elegibilidad para la visa de hogar<span class=\"ez-toc-section-end\"><\/span><\/h2>\n\n\n\n<p class=\"gb-headline gb-headline-cc9a1b02 gb-headline-text\">Puede solicitar una visa de Trabajador Dom\u00e9stico para visitar Panam\u00e1 con su empleador si usted:<\/p>\n\n\n\n<ul class=\"wp-block-list\">\n<li>Vive fuera de Panam\u00e1<\/li>\n\n\n\n<li>Est\u00e1 empleado como trabajador dom\u00e9stico en un entorno de hogar privado.<\/li>\n\n\n\n<li>Cumple con otros requisitos de elegibilidad.<\/li>\n<\/ul>\n\n\n\n<p class=\"gb-headline gb-headline-5dde809f gb-headline-text\">Si actualmente est\u00e1 en Panam\u00e1 como turista (no como residente), existe la posibilidad de cambiar su estatus, especialmente si est\u00e1 interesado en una \u00abvisa de trabajador dom\u00e9stico\u00bb. Para que esto ocurra, debe:<\/p>\n\n\n\n<ul class=\"wp-block-list\">\n<li>Conseguir un trabajo con un empleador dispuesto a respaldar su solicitud,<\/li>\n\n\n\n<li>No haber excedido el tiempo de su estatus de turista,<\/li>\n\n\n\n<li>Cumplir con otros requisitos de calificaci\u00f3n.<\/li>\n<\/ul>\n\n\n\n<p class=\"gb-headline gb-headline-afc160d4 gb-headline-text\">Los roles t\u00edpicamente asociados con la visa de trabajador dom\u00e9stico incluyen:<\/p>\n\n\n\n<ul class=\"wp-block-list\">\n<li>Empleados de limpieza<\/li>\n\n\n\n<li>Choferes<\/li>\n\n\n\n<li>Cocineros o chefs<\/li>\n\n\n\n<li>Asistentes de cuidado personal para el empleador<\/li>\n\n\n\n<li>Ni\u00f1eras o cuidadoras de ni\u00f1os.<\/li>\n<\/ul>\n\n\n<div class=\"gb-container gb-container-8820dbb9 gbp-card--border\">\n<div class=\"gb-container gb-container-d9049b2e\">\n\n<h3 class=\"gb-headline gb-headline-9cfb7547 gb-headline-text\"><span class=\"ez-toc-section\" id=\"Asistencia_Profesional_para_Visas\"><\/span>Asistencia Profesional para Visas<span class=\"ez-toc-section-end\"><\/span><\/h3>\n\n\n\n<div class=\"gb-headline gb-headline-1dd94b05 gb-headline-text\">Inicie el proceso de visa para su empleada dom\u00e9stica.<\/div>\n\n<\/div>\n\n<div class=\"gb-container gb-container-d8be39fd\">\n\n<a class=\"gb-button gb-button-4adcefba gb-button-text gbp-button--primary\" href=\"#free-consultation\">Hable con Nosotros<\/a>\n\n<\/div>\n<\/div>\n\n\n<h2 class=\"gb-headline gb-headline-4b94d04a gb-headline-text\"><span class=\"ez-toc-section\" id=\"Lo_que_debe_hacer\"><\/span>Lo que debe hacer<span class=\"ez-toc-section-end\"><\/span><\/h2>\n\n\n\n<ol class=\"wp-block-list\">\n<li>Verifique si cumple con los requisitos de elegibilidad.<\/li>\n\n\n\n<li><a href=\"https:\/\/www.ndm.com.pa\/check-if-you-need-a-visa-for-your-panama-trip\/\" data-type=\"page\" data-id=\"6336\">Verifique si necesita solicitar una visa para visitar Panam\u00e1.<\/a><\/li>\n\n\n\n<li>Al iniciar un proceso de solicitud de visa de Trabajador Dom\u00e9stico, es importante entender que todas las solicitudes de visa realizadas dentro de la Rep\u00fablica de Panam\u00e1 y destinadas al Servicio Nacional de Migraci\u00f3n deben ser gestionadas por un representante legalmente autorizado en nombre del solicitante.<\/li>\n<\/ol>\n\n<\/div>\n\n<div class=\"gb-container gb-container-019a24e1\">\n\n<h2 class=\"gb-headline gb-headline-4e80424e gb-headline-text\"><span class=\"ez-toc-section\" id=\"Lo_que_puede_y_no_puede_hacer\"><\/span>Lo que puede y no puede hacer<span class=\"ez-toc-section-end\"><\/span><\/h2>\n\n\n\n<h3 class=\"gb-headline gb-headline-70362d4e gb-headline-text\"><span class=\"ez-toc-section\" id=\"Puede\"><\/span>Puede:<span class=\"ez-toc-section-end\"><\/span><\/h3>\n\n\n\n<ul class=\"wp-block-list\">\n<li>Viajar internacionalmente y luego regresar a Panam\u00e1 para completar su estad\u00eda autorizada<\/li>\n\n\n\n<li>Cambiar a otro rol de trabajador dom\u00e9stico en un hogar privado.<\/li>\n<\/ul>\n\n\n\n<h3 class=\"gb-headline gb-headline-3734b1be gb-headline-text\"><span class=\"ez-toc-section\" id=\"No_puede\"><\/span>No puede:<span class=\"ez-toc-section-end\"><\/span><\/h3>\n\n\n\n<ul class=\"wp-block-list\">\n<li>Realizar cualquier trabajo que no sea el de trabajador dom\u00e9stico en un hogar privado,<\/li>\n\n\n\n<li>Permanecer en Panam\u00e1 por per\u00edodos superiores a cuatro a\u00f1os,<\/li>\n\n\n\n<li>Cambiar su estatus laboral o renunciar sin informar previamente al Servicio Nacional de Migraci\u00f3n. La no conformidad puede resultar en la cancelaci\u00f3n de su visa.<\/li>\n<\/ul>\n\n<\/div>\n\n<div class=\"gb-container gb-container-f33d9bc6\">\n\n<h2 class=\"gb-headline gb-headline-f1671120 gb-headline-text\"><span class=\"ez-toc-section\" id=\"Costo_de_la_visa_de_trabajador_domestico\"><\/span>Costo de la visa de trabajador dom\u00e9stico<span class=\"ez-toc-section-end\"><\/span><\/h2>\n\n\n\n<p class=\"gb-headline gb-headline-bb3bf8b6 gb-headline-text\">La obtenci\u00f3n de la Visa de Trabajador Dom\u00e9stico tiene un costo de B\/.600.00, o el equivalente de 600 d\u00f3lares estadounidenses, con una validez de hasta 1 a\u00f1o.<\/p>\n\n\n\n<p class=\"gb-headline gb-headline-425bcd7d gb-headline-text\">Tenga en cuenta que el costo mencionado anteriormente corresponde \u00fanicamente a las tarifas gubernamentales para obtener el estatus de visa de trabajador dom\u00e9stico. No incluye los cargos relacionados con nuestros servicios profesionales. Para informaci\u00f3n sobre nuestros honorarios de servicios, cont\u00e1ctenos directamente.<\/p>\n\n<\/div>\n\n<div class=\"gb-container gb-container-a569942d\">\n\n<h2 class=\"gb-headline gb-headline-53a74ab2 gb-headline-text\"><span class=\"ez-toc-section\" id=\"Documentos_y_formulario_de_solicitud_de_trabajador_domestico\"><\/span>Documentos y formulario de solicitud de trabajador dom\u00e9stico<span class=\"ez-toc-section-end\"><\/span><\/h2>\n\n\n\n<p class=\"gb-headline gb-headline-99c13151 gb-headline-text\">Debe tener un pasaporte o documento de viaje que sea v\u00e1lido durante toda su estad\u00eda en Panam\u00e1. Su pasaporte debe tener una p\u00e1gina en blanco para la Visa de Trabajador Dom\u00e9stico.<\/p>\n\n\n\n<ol class=\"wp-block-list\">\n<li>Un Poder Notarial y Solicitud conteniendo los nombres y nacionalidades de sus padres.<\/li>\n\n\n\n<li>Tres (3) fotograf\u00edas recientes.<\/li>\n\n\n\n<li>Una copia autenticada de su pasaporte.<\/li>\n\n\n\n<li>Un Certificado de No Antecedentes Penales.<\/li>\n\n\n\n<li>Un Certificado de Salud v\u00e1lido.<\/li>\n\n\n\n<li>Una Declaraci\u00f3n Jurada de Historial Personal.<\/li>\n\n\n\n<li>Una copia verificada del documento de identidad o permiso de residencia de su pa\u00eds de origen.<\/li>\n\n\n\n<li>Un Dep\u00f3sito de Garant\u00eda de quinientos balboas (B\/.500.00) por cada nacional extranjero, pagado por el empleador al Servicio Nacional de Migraci\u00f3n.<\/li>\n\n\n\n<li>Una tarifa de servicio de migraci\u00f3n de cien balboas (B\/.100.00) pagadera al Servicio Nacional de Migraci\u00f3n.<\/li>\n\n\n\n<li>Un comprobante de servicios p\u00fablicos, que indique la ubicaci\u00f3n de la residencia donde se realizar\u00e1 el servicio dom\u00e9stico.<\/li>\n\n\n\n<li>Evidencia de afiliaci\u00f3n del nacional extranjero al Fondo de Seguridad Social, junto con una copia de su tarjeta.<\/li>\n\n\n\n<li>Una Carta de Responsabilidad del Empleador.<\/li>\n\n\n\n<li>Un Contrato de Trabajo.<\/li>\n\n\n\n<li>Una copia certificada de la identificaci\u00f3n de la persona responsable o tarjeta de residente.<\/li>\n\n\n\n<li>Prueba de estabilidad financiera de la persona responsable, que puede demostrarse con:\n<ul class=\"wp-block-list\">\n<li>Carta del empleador, junto con tal\u00f3n de pago.<\/li>\n\n\n\n<li>Declaraci\u00f3n de impuestos con su correspondiente liquidaci\u00f3n.<\/li>\n\n\n\n<li>Carta de referencia bancaria de un banco local, debidamente sellada.<\/li>\n<\/ul>\n<\/li>\n\n\n\n<li>Formulario de Solicitud de Trabajador Dom\u00e9stico completo.<\/li>\n<\/ol>\n\n\n<div class=\"gb-container gb-container-27c37f7b gbp-section-bg-img-overlay\">\n<div class=\"gb-container gb-container-15180995\">\n\n<h3 class=\"gb-headline gb-headline-67e7ffb2 gb-headline-text\"><span class=\"ez-toc-section\" id=\"%C2%BFNecesita_mas_detalles\"><\/span>\u00bfNecesita m\u00e1s detalles?<span class=\"ez-toc-section-end\"><\/span><\/h3>\n\n\n\n<div class=\"gb-headline gb-headline-71b2c680 gb-headline-text\">Consulte a nuestro abogado para m\u00e1s informaci\u00f3n.<\/div>\n\n<\/div>\n\n<div class=\"gb-container gb-container-bba44316\">\n\n<a class=\"gb-button gb-button-a9b35328 gb-button-text gbp-button--primary\" href=\"#free-consultation\">Consulte a un Abogado<\/a>\n\n<\/div>\n<\/div>\n\n\n<div style=\"height:20px\" aria-hidden=\"true\" class=\"wp-block-spacer wp-embed-aspect-16-9 wp-has-aspect-ratio\"><\/div>\n\n<\/div>\n\n<div class=\"gb-container gb-container-93eed896\">\n\n<h2 class=\"gb-headline gb-headline-f924b9a1 gb-headline-text\"><span class=\"ez-toc-section\" id=\"Duracion_para_recibir_una_decision\"><\/span>Duraci\u00f3n para recibir una decisi\u00f3n<span class=\"ez-toc-section-end\"><\/span><\/h2>\n\n\n\n<p class=\"gb-headline gb-headline-790662e9 gb-headline-text\">Despu\u00e9s de presentar su solicitud de Visa de Trabajador Dom\u00e9stico en el consulado de su pa\u00eds, confirmar su identidad y proporcionar los documentos requeridos, generalmente puede anticipar una decisi\u00f3n sobre su visa en un plazo de sesenta (60) d\u00edas h\u00e1biles.<br><br>Es importante no finalizar sus planes de viaje hasta que su Visa de Trabajador Dom\u00e9stico haya sido oficialmente concedida.<br><br>Al ser aprobada su visa, es imperativo que su representante legal autorizado haga una visita personal al Servicio Nacional de Migraci\u00f3n. Su rol ser\u00e1 garantizar que su pasaporte reciba el sello oficial de la Visa de Trabajador Dom\u00e9stico.<\/p>\n\n<\/div>\n\n<div class=\"gb-container gb-container-d6b1c3b4\">\n\n<h2 class=\"gb-headline gb-headline-fe4aa4ed gb-headline-text\"><span class=\"ez-toc-section\" id=\"Formulario_de_solicitud_de_trabajador_domestico_para_renovacion\"><\/span>Formulario de solicitud de trabajador dom\u00e9stico para renovaci\u00f3n<span class=\"ez-toc-section-end\"><\/span><\/h2>\n\n\n\n<p class=\"gb-headline gb-headline-aa10a60a gb-headline-text\">Para una solicitud de extensi\u00f3n de la visa de trabajador dom\u00e9stico, se requieren los siguientes documentos:<\/p>\n\n\n\n<ul class=\"wp-block-list\">\n<li>Un Poder Notarial y el formulario de solicitud de trabajador dom\u00e9stico completado.<\/li>\n\n\n\n<li>Tarifa de servicio de migraci\u00f3n, de cincuenta balboas (B\/.50.00), pagadera al Servicio Nacional de Migraci\u00f3n.<\/li>\n\n\n\n<li>Una factura de servicios p\u00fablicos que indique la ubicaci\u00f3n de la residencia donde se realiza el servicio dom\u00e9stico.<\/li>\n\n\n\n<li>Una constancia del Fondo de Seguridad Social.<\/li>\n\n\n\n<li>Una Carta de Responsabilidad del Empleador.<\/li>\n\n\n\n<li>Una copia de la tarjeta de identificaci\u00f3n anterior.<\/li>\n<\/ul>\n\n\n<div class=\"gb-container gb-container-73be05d7 gbp-card--border\">\n<div class=\"gb-container gb-container-62921f42\">\n\n<h3 class=\"gb-headline gb-headline-3f181f4a gb-headline-text\"><span class=\"ez-toc-section\" id=\"Aclare_sus_dudas\"><\/span>Aclare sus dudas<span class=\"ez-toc-section-end\"><\/span><\/h3>\n\n\n\n<div class=\"gb-headline gb-headline-2cc1f69b gb-headline-text\">Env\u00ede sus preguntas a nuestro equipo legal.<\/div>\n\n<\/div>\n\n<div class=\"gb-container gb-container-4d86a3e9\">\n\n<a class=\"gb-button gb-button-f2237776 gb-button-text gbp-button--primary\" href=\"#free-consultation\">Consulte Ahora<\/a>\n\n<\/div>\n<\/div>\n<\/div>\n\n<div class=\"gb-container gb-container-0ec4c649\">\n<div class=\"gb-grid-wrapper gb-grid-wrapper-2c4da3cd\">\n<div class=\"gb-grid-column gb-grid-column-7a7a14a2\"><div class=\"gb-container gb-container-7a7a14a2\" id=\"contacto\">\n\n<h3 class=\"gb-headline gb-headline-e0970646\" id=\"free-consultation\"><span class=\"ez-toc-section\" id=\"Te_contactaremos\"><\/span><span class=\"gb-icon\"><svg aria-hidden=\"true\" role=\"img\" height=\"1em\" width=\"1em\" viewBox=\"0 0 512 512\" xmlns=\"http:\/\/www.w3.org\/2000\/svg\"><path fill=\"currentColor\" d=\"M464 64H48C21.49 64 0 85.49 0 112v288c0 26.51 21.49 48 48 48h416c26.51 0 48-21.49 48-48V112c0-26.51-21.49-48-48-48zm0 48v40.805c-22.422 18.259-58.168 46.651-134.587 106.49-16.841 13.247-50.201 45.072-73.413 44.701-23.208.375-56.579-31.459-73.413-44.701C106.18 199.465 70.425 171.067 48 152.805V112h416zM48 400V214.398c22.914 18.251 55.409 43.862 104.938 82.646 21.857 17.205 60.134 55.186 103.062 54.955 42.717.231 80.509-37.199 103.053-54.947 49.528-38.783 82.032-64.401 104.947-82.653V400H48z\"><\/path><\/svg><\/span><span class=\"gb-headline-text\">Te contactaremos<\/span><span class=\"ez-toc-section-end\"><\/span><\/h3>\n\n\n\n\t\t\t\t\t\t<script>\n\t\t\t\t\t\t\twindow.hsFormsOnReady = window.hsFormsOnReady || [];\n\t\t\t\t\t\t\twindow.hsFormsOnReady.push(()=>{\n\t\t\t\t\t\t\t\thbspt.forms.create({\n\t\t\t\t\t\t\t\t\tportalId: 22633994,\n\t\t\t\t\t\t\t\t\tformId: \"65a5afb3-e520-4745-bfa0-ab5a1cb6982a\",\n\t\t\t\t\t\t\t\t\ttarget: \"#hbspt-form-1776294142000-0593724586\",\n\t\t\t\t\t\t\t\t\tregion: \"na1\",\n\t\t\t\t\t\t\t\t\t\n\t\t\t\t\t\t\t})});\n\t\t\t\t\t\t<\/script>\n\t\t\t\t\t\t<div class=\"hbspt-form\" id=\"hbspt-form-1776294142000-0593724586\"><\/div>\n\n<\/div><\/div>\n<\/div>\n<\/div>\n<\/div>","protected":false},"excerpt":{"rendered":"<p>Una visa de trabajador dom\u00e9stico en Panam\u00e1 es un tipo espec\u00edfico de visa dise\u00f1ada para ciudadanos extranjeros que desean trabajar en Panam\u00e1 como empleados dom\u00e9sticos. Esta categor\u00eda incluye roles como empleados de limpieza, ni\u00f1eras, jardineros y otras posiciones t\u00edpicas asociadas al mantenimiento y cuidado del hogar. Elegibilidad para la visa de hogar Puede solicitar &#8230; <\/p>\n<p class=\"read-more-container\"><a title=\"Visa de trabajador dom\u00e9stico en Panam\u00e1\" class=\"read-more button\" href=\"https:\/\/www.ndm.com.pa\/es\/servicios-legales\/derecho-migratorio\/visa-de-trabajador-domestico-en-panama\/#more-7301\" aria-label=\"Leer m\u00e1s sobre Visa de trabajador dom\u00e9stico en Panam\u00e1\">Leer m\u00e1s<\/a><\/p>\n","protected":false},"author":1,"featured_media":7302,"parent":7208,"menu_order":0,"comment_status":"closed","ping_status":"closed","template":"","meta":{"content-type":"","inline_featured_image":false,"footnotes":""},"class_list":{"0":"post-7301","1":"page","2":"type-page","3":"status-publish","4":"has-post-thumbnail","6":"infinite-scroll-item"},"_links":{"self":[{"href":"https:\/\/www.ndm.com.pa\/es\/wp-json\/wp\/v2\/pages\/7301","targetHints":{"allow":["GET"]}}],"collection":[{"href":"https:\/\/www.ndm.com.pa\/es\/wp-json\/wp\/v2\/pages"}],"about":[{"href":"https:\/\/www.ndm.com.pa\/es\/wp-json\/wp\/v2\/types\/page"}],"author":[{"embeddable":true,"href":"https:\/\/www.ndm.com.pa\/es\/wp-json\/wp\/v2\/users\/1"}],"replies":[{"embeddable":true,"href":"https:\/\/www.ndm.com.pa\/es\/wp-json\/wp\/v2\/comments?post=7301"}],"version-history":[{"count":1,"href":"https:\/\/www.ndm.com.pa\/es\/wp-json\/wp\/v2\/pages\/7301\/revisions"}],"predecessor-version":[{"id":7303,"href":"https:\/\/www.ndm.com.pa\/es\/wp-json\/wp\/v2\/pages\/7301\/revisions\/7303"}],"up":[{"embeddable":true,"href":"https:\/\/www.ndm.com.pa\/es\/wp-json\/wp\/v2\/pages\/7208"}],"wp:featuredmedia":[{"embeddable":true,"href":"https:\/\/www.ndm.com.pa\/es\/wp-json\/wp\/v2\/media\/7302"}],"wp:attachment":[{"href":"https:\/\/www.ndm.com.pa\/es\/wp-json\/wp\/v2\/media?parent=7301"}],"curies":[{"name":"wp","href":"https:\/\/api.w.org\/{rel}","templated":true}]}}