{"id":7284,"date":"2024-11-08T18:22:26","date_gmt":"2024-11-08T18:22:26","guid":{"rendered":"https:\/\/www.ndm.com.pa\/es\/?page_id=7284"},"modified":"2024-11-08T20:40:56","modified_gmt":"2024-11-08T20:40:56","slug":"visa-de-paises-amigos-de-panama","status":"publish","type":"page","link":"https:\/\/www.ndm.com.pa\/es\/servicios-legales\/derecho-migratorio\/visa-de-paises-amigos-de-panama\/","title":{"rendered":"Visa de Pa\u00edses Amigos de Panam\u00e1"},"content":{"rendered":"<div class=\"gb-container gb-container-0ba5bf47\">\n<div class=\"gb-container gb-container-b46138df\">\n\n<p>La visa de Pa\u00edses Amigos de Panam\u00e1 es un programa \u00fanico iniciado por el gobierno de Panam\u00e1 para impulsar la inmigraci\u00f3n desde ciertos \u00abpa\u00edses amigos\u00bb. <strong>Este programa se enfoca en atraer inversionistas extranjeros, profesionales y trabajadores de los pa\u00edses designados, impulsando el crecimiento y el progreso econ\u00f3mico de Panam\u00e1.<\/strong><\/p>\n\n\n\n<p><br>Los solicitantes de la visa de Pa\u00edses Amigos de Panam\u00e1 inicialmente reciben una <strong>residencia provisional v\u00e1lida por 2 a\u00f1os<\/strong>, tras lo cual deben demostrar el cumplimiento continuo de los requisitos para ser elegibles para la residencia permanente. Esta solicitud de visa cubre a un solicitante principal y permite la inclusi\u00f3n de dependientes opcionales, incluyendo c\u00f3nyuge, padres e hijos hasta los 25 a\u00f1os de edad.<\/p>\n\n\n\n<p><br>Las personas de los pa\u00edses elegibles pueden solicitar la visa de Pa\u00edses Amigos de Panam\u00e1, brind\u00e1ndoles la oportunidad de vivir y trabajar en Panam\u00e1. Entre los requisitos necesarios se encuentran la prueba de solvencia econ\u00f3mica, un registro policial limpio y un v\u00ednculo econ\u00f3mico o profesional propuesto con Panam\u00e1.<\/p>\n\n<\/div>\n\n<div class=\"gb-container gb-container-e74639b0\">\n\n<h2 class=\"gb-headline gb-headline-4b94d04a gb-headline-text\"><span class=\"ez-toc-section\" id=\"Todo_sobre_la_visa_de_paises_amigos\"><\/span>Todo sobre la visa de pa\u00edses amigos<span class=\"ez-toc-section-end\"><\/span><\/h2>\n\n\n\n<figure class=\"wp-block-table is-style-stripes\"><table class=\"has-white-background-color has-background has-fixed-layout\"><tbody><tr><td>Tipo de Programa<\/td><td>Visa de Pa\u00edses Amigos Panam\u00e1<\/td><\/tr><tr><td>Tiempo para ciudadan\u00eda<\/td><td>Hasta 5 a\u00f1os<\/td><\/tr><tr><td>Tiempo para Residencia Permanente<\/td><td>2 a\u00f1os<\/td><\/tr><tr><td>Inversi\u00f3n M\u00ednima<\/td><td>US$200,000<\/td><\/tr><tr><td>Requisito de Presencia F\u00edsica<\/td><td>No especificado<\/td><\/tr><tr><td>Tiempo de Procesamiento de Solicitud<\/td><td>1-2 meses<\/td><\/tr><tr><td>Viaje sin visa con Ciudadan\u00eda Otorgada<\/td><td>S\u00ed, a 120+ pa\u00edses<\/td><\/tr><tr><td>Opciones de Inversi\u00f3n<\/td><td>Bienes ra\u00edces, negocios, etc.<\/td><\/tr><\/tbody><\/table><\/figure>\n\n\n<div class=\"gb-container gb-container-8820dbb9 gbp-card--border\">\n<div class=\"gb-container gb-container-d9049b2e\">\n\n<h3 class=\"gb-headline gb-headline-9cfb7547 gb-headline-text\"><span class=\"ez-toc-section\" id=\"Obten_Residencia_en_Panama\"><\/span>Obt\u00e9n Residencia en Panam\u00e1<span class=\"ez-toc-section-end\"><\/span><\/h3>\n\n\n\n<div class=\"gb-headline gb-headline-1dd94b05 gb-headline-text\">Es posible obtener residencia con la visa de Pa\u00edses Amigos<\/div>\n\n<\/div>\n\n<div class=\"gb-container gb-container-d8be39fd\">\n\n<a class=\"gb-button gb-button-4adcefba gb-button-text gbp-button--primary\" href=\"#free-consultation\">Aplicar<\/a>\n\n<\/div>\n<\/div>\n<\/div>\n\n<div class=\"gb-container gb-container-019a24e1\">\n\n<h2 class=\"gb-headline gb-headline-f1671120 gb-headline-text\"><span class=\"ez-toc-section\" id=\"Solicitar_la_Visa_de_Paises_Amigos_de_Panama\"><\/span><strong>Solicitar la Visa de Pa\u00edses Amigos de Panam\u00e1<\/strong><span class=\"ez-toc-section-end\"><\/span><\/h2>\n\n\n\n<p>La solicitud de visa debe realizarse una vez que haya llegado al pa\u00eds. El primer estado que obtendr\u00e1 al solicitar la visa de Pa\u00edses Amigos ser\u00e1 la residencia temporal por 6 meses.<\/p>\n\n\n\n<p>Este es el tiempo que normalmente tarda la autoridad de migraci\u00f3n en procesar su solicitud y otorgarle la residencia provisional por 2 a\u00f1os.<\/p>\n\n<\/div>\n\n<div class=\"gb-container gb-container-f33d9bc6\">\n\n<h2 class=\"gb-headline gb-headline-53a74ab2 gb-headline-text\"><span class=\"ez-toc-section\" id=\"Costo_de_la_Visa_de_Paises_Amigos\"><\/span>Costo de la Visa de Pa\u00edses Amigos<span class=\"ez-toc-section-end\"><\/span><\/h2>\n\n\n\n<p>Como parte del programa de inversi\u00f3n de la visa de pa\u00edses amigos de Panam\u00e1, se aplican ciertas tarifas gubernamentales. Esto incluye:<\/p>\n\n\n\n<ul class=\"wp-block-list\">\n<li>Cheque bancario certificado de B\/.250.00 destinado al Tesoro Nacional de Panam\u00e1.&nbsp;<\/li>\n\n\n\n<li>Cheque certificado de B\/.800.00 a favor del Servicio Nacional de Migraci\u00f3n.<\/li>\n<\/ul>\n\n\n\n<p>Descargo de responsabilidad: Adem\u00e1s de las tarifas gubernamentales, los solicitantes tambi\u00e9n deben considerar los costos legales y notariales obligatorios requeridos por las autoridades paname\u00f1as. Consulte con un asesor legal para una evaluaci\u00f3n completa de los costos.<\/p>\n\n<\/div>\n\n<div class=\"gb-container gb-container-a569942d\">\n\n<h2 class=\"gb-headline gb-headline-f924b9a1 gb-headline-text\" id=\"Panama-friendly-nations-visa-countries\"><span class=\"ez-toc-section\" id=\"Paises_de_la_visa_de_Paises_Amigos_de_Panama\"><\/span>Pa\u00edses de la visa de Pa\u00edses Amigos de Panam\u00e1<span class=\"ez-toc-section-end\"><\/span><\/h2>\n\n\n\n<p class=\"gb-headline gb-headline-790662e9 gb-headline-text\">Descubra r\u00e1pidamente si su pa\u00eds est\u00e1 en la lista de 50 naciones que califican para el programa especial de visa de Panam\u00e1. \u00a1Simplemente seleccione su pa\u00eds de la lista y vea si puede aplicar!<\/p>\n\n<\/div>\n\n<div class=\"gb-container gb-container-93eed896\">\n\n<h2 class=\"gb-headline gb-headline-fe4aa4ed gb-headline-text\"><span class=\"ez-toc-section\" id=\"Requisitos_de_la_visa_de_paises_amigos_de_Panama\"><\/span>Requisitos de la visa de pa\u00edses amigos de Panam\u00e1<span class=\"ez-toc-section-end\"><\/span><\/h2>\n\n\n\n<p class=\"gb-headline gb-headline-aa10a60a gb-headline-text\">En el marco del programa de Visa de Pa\u00edses Amigos de Panam\u00e1, el Servicio Nacional de Migraci\u00f3n de Panam\u00e1 puede ofrecer un Permiso de Residencia Provisional, v\u00e1lido por dos a\u00f1os. Esto est\u00e1 disponible para personas de ciertas naciones con fuertes relaciones diplom\u00e1ticas y econ\u00f3micas con Panam\u00e1, que deseen realizar actividades profesionales o econ\u00f3micas en el pa\u00eds.<\/p>\n\n\n\n<ol class=\"wp-block-list\">\n<li>Poder y Solicitud Notarizados, que deben incluir el nombre y la nacionalidad de los padres del solicitante.<\/li>\n\n\n\n<li>Tres (3) fotograf\u00edas.<\/li>\n\n\n\n<li>Copia debidamente comparada del pasaporte (notarizada o autenticada correspondiente).<\/li>\n\n\n\n<li>Certificado de Antecedentes Penales.<\/li>\n\n\n\n<li>Certificado de Salud.<\/li>\n\n\n\n<li>Cheque certificado de B\/.250.00 a favor del Tesoro Nacional.<\/li>\n\n\n\n<li>Cheque certificado de B\/.800.00 a favor del <a href=\"https:\/\/www.migracion.gob.pa\/\" data-type=\"link\" data-id=\"https:\/\/www.migracion.gob.pa\/\" target=\"_blank\" rel=\"noopener\">Servicio Nacional de Migraci\u00f3n.<\/a><\/li>\n\n\n\n<li>Declaraci\u00f3n Jurada de Antecedentes Personales.<\/li>\n<\/ol>\n\n\n\n<h3 class=\"gb-headline gb-headline-3fab9898 gb-headline-text\"><span class=\"ez-toc-section\" id=\"Por_razones_laborales\"><\/span><strong>Por razones laborales:<\/strong><span class=\"ez-toc-section-end\"><\/span><\/h3>\n\n\n\n<ol class=\"wp-block-list\">\n<li>Carta de empleo en membrete de la empresa (notarizada).<\/li>\n\n\n\n<li>Certificado de Registro P\u00fablico de Panam\u00e1 de la empresa empleadora.<\/li>\n\n\n\n<li>Copia del Aviso de Operaci\u00f3n de la Empresa Empleadora (Notarizada).<\/li>\n\n\n\n<li>Copia del poder y solicitud de permiso presentada a MITRADEL firmada por el representante legal y el solicitante.<\/li>\n<\/ol>\n\n\n\n<h3 class=\"gb-headline gb-headline-416719fc gb-headline-text\"><span class=\"ez-toc-section\" id=\"Por_razones_de_inversion_en_bienes_raices\"><\/span>Por razones de inversi\u00f3n en bienes ra\u00edces:<span class=\"ez-toc-section-end\"><\/span><\/h3>\n\n\n\n<ol class=\"wp-block-list\">\n<li>Certificado del Registro P\u00fablico de Panam\u00e1 que acredite la propiedad de un bien inmueble con un valor m\u00ednimo de 200,000.00. La operaci\u00f3n de adquisici\u00f3n de la propiedad puede ser financiada a trav\u00e9s de un banco local.<\/li>\n<\/ol>\n\n\n\n<h3 class=\"gb-headline gb-headline-053a9561 gb-headline-text\"><span class=\"ez-toc-section\" id=\"Por_razones_de_deposito_a_plazo_fijo\"><\/span>Por razones de dep\u00f3sito a plazo fijo:<span class=\"ez-toc-section-end\"><\/span><\/h3>\n\n\n\n<ol class=\"wp-block-list\">\n<li>Certificado de un banco con licencia general que opere en el territorio nacional que acredite la existencia del dep\u00f3sito a plazo fijo por un monto de 200,000.00.<\/li>\n<\/ol>\n\n\n\n<h3 class=\"gb-headline gb-headline-2f605c60 gb-headline-text\"><span class=\"ez-toc-section\" id=\"Para_dependientes\"><\/span>Para dependientes:<span class=\"ez-toc-section-end\"><\/span><\/h3>\n\n\n\n<ol class=\"wp-block-list\">\n<li>Una carta de responsabilidad del residente o nacional.<\/li>\n\n\n\n<li>Prueba de parentesco, certificado de matrimonio para c\u00f3nyuge o certificado de nacimiento para hijos.<\/li>\n\n\n\n<li>Para solicitantes entre 18 y 25 a\u00f1os de edad: Certificaci\u00f3n de una instituci\u00f3n educativa que acredite la condici\u00f3n de estudiante regular a tiempo completo y una declaraci\u00f3n jurada de estar soltero.<\/li>\n\n\n\n<li>Carta de trabajo actualizada con su respectiva planilla o tarjeta de la Caja de Seguro Social y copia del permiso de trabajo.<\/li>\n\n\n\n<li>Copia de la declaraci\u00f3n de impuestos, con su paz y salvo, y debe cumplir con el ingreso m\u00ednimo de mil balboas (B\/.1,000.00) mensuales m\u00e1s cien balboas (B\/.100.00) adicionales por cada dependiente.<\/li>\n\n\n\n<li>Prueba de solvencia financiera del residente.<ul class=\"wp-block-list\"><br><\/ul><\/li>\n<\/ol>\n\n<\/div>\n<\/div>\n\n<div class=\"gb-container gb-container-a0aa8167 gb-button gb-button-bc59bba8 gb-accordion__toggle gb-block-is-current\">\n\n<h2 class=\"gb-headline gb-headline-38c694e7 gb-headline-text\"><span class=\"ez-toc-section\" id=\"El_Proceso_Cronograma\"><\/span><strong>El Proceso \/ Cronograma<\/strong><span class=\"ez-toc-section-end\"><\/span><\/h2>\n\n\n\n<p>Si elige la primera opci\u00f3n, los pasos ser\u00e1n&nbsp;<\/p>\n\n\n\n<ol start=\"2\" class=\"wp-block-list\">\n<li>Establecer la Empresa&nbsp;<\/li>\n\n\n\n<li>Inscribirse al Seguro Social de Panam\u00e1&nbsp;<\/li>\n\n\n\n<li>Registrar la empresa en el SS de Panam\u00e1&nbsp;<\/li>\n\n\n\n<li>Abrir una cuenta bancaria personal y luego cuenta bancaria de la empresa.<\/li>\n<\/ol>\n\n\n\n<p>Para establecer un negocio en Panam\u00e1, necesita 3 personas que formen parte de la junta directiva de la empresa.<\/p>\n\n\n\n<p>Para abrir una cuenta bancaria, al menos 2 personas en el directorio deben ser residentes, ya que los bancos est\u00e1n restringidos para turistas; si no tiene esta persona, puede contactarnos y lo ayudaremos.<\/p>\n\n\n\n<p>Puede obtener una licencia de conducir solo cuando obtenga su primera c\u00e9dula. Debe ir a la embajada canadiense con esta c\u00e9dula y obtener un paquete de licencia de conducir.&nbsp;<\/p>\n\n\n\n<p>La solicitud de visa debe realizarse una vez que haya llegado al pa\u00eds. El primer estado que obtendr\u00e1 al solicitar la visa de Pa\u00edses Amigos ser\u00e1 la residencia temporal por 6 meses.<\/p>\n\n\n\n<p>Este es el tiempo que normalmente tarda la autoridad de migraci\u00f3n en procesar su solicitud y otorgarle la residencia provisional por 2 a\u00f1os.&nbsp;<\/p>\n\n\n\n<p>Desde el momento en que tenga sus documentos listos y la empresa registrada en el Registro P\u00fablico, necesitamos de 7 a 8 d\u00edas para obtener su primera c\u00e9dula.<\/p>\n\n\n\n<p>Para cualquier consulta, no dude en comunicarse.<\/p>\n\n\n<div class=\"gb-container gb-container-add19ea8 gbp-section\">\n<div class=\"gb-container gb-container-e1da7a0d gbp-section__inner\">\n<div class=\"gb-container gb-container-029daf89\">\n\n<h2 class=\"gb-headline gb-headline-cd4f2519 gb-headline-text gbp-section__headline\"><span class=\"ez-toc-section\" id=\"Preguntas_Frecuentes\"><\/span>Preguntas Frecuentes<span class=\"ez-toc-section-end\"><\/span><\/h2>\n\n\n\n<div class=\"gb-headline gb-headline-fefe96b2 gb-headline-text gbp-section__text\">Si est\u00e1 considerando la Visa de Pa\u00edses Amigos, esta secci\u00f3n es ideal para usted. Encuentre respuestas a sus preguntas y conozca los requisitos y procedimientos de manera sencilla.<\/div>\n\n<\/div>\n<\/div>\n\n<div class=\"gb-container gb-container-d1ca8a6d\">\n<div class=\"gb-container gb-container-a54746fc gb-accordion\" data-accordion-multiple-open>\n<div class=\"gb-container gb-container-deae0aa7 gb-accordion__item gb-accordion__item-open\" data-transition=\"slide\">\n\n<button class=\"gb-button gb-button-1cad2e5e gb-accordion__toggle gb-block-is-current\" id=\"gb-accordion-toggle-1cad2e5e\"><span class=\"gb-button-text\">\u00bfQu\u00e9 pa\u00edses se consideran pa\u00edses amigos de Panam\u00e1?<\/span><span class=\"gb-icon\"><svg xmlns=\"http:\/\/www.w3.org\/2000\/svg\" viewBox=\"0 0 448 512\" width=\"1em\" height=\"1em\" role=\"img\" class=\"gb-accordion__icon\"><path d=\"M207.029 381.476L12.686 187.132c-9.373-9.373-9.373-24.569 0-33.941l22.667-22.667c9.357-9.357 24.522-9.375 33.901-.04L224 284.505l154.745-154.021c9.379-9.335 24.544-9.317 33.901.04l22.667 22.667c9.373 9.373 9.373 24.569 0 33.941L240.971 381.476c-9.373 9.372-24.569 9.372-33.942 0z\" fill=\"currentColor\"><\/path><\/svg><svg xmlns=\"http:\/\/www.w3.org\/2000\/svg\" viewBox=\"0 0 448 512\" width=\"1em\" height=\"1em\" role=\"img\" class=\"gb-accordion__icon-open\"><path d=\"M240.971 130.524l194.343 194.343c9.373 9.373 9.373 24.569 0 33.941l-22.667 22.667c-9.357 9.357-24.522 9.375-33.901.04L224 227.495 69.255 381.516c-9.379 9.335-24.544 9.317-33.901-.04l-22.667-22.667c-9.373-9.373-9.373-24.569 0-33.941L207.03 130.525c9.372-9.373 24.568-9.373 33.941-.001z\" fill=\"currentColor\"><\/path><\/svg><\/span><\/button>\n\n\n<div id=\"gb-accordion-content-116a6347\" class=\"gb-accordion__content\"><div class=\"gb-container gb-container-116a6347\">\n\n<p class=\"gb-headline gb-headline-d5063eae gb-headline-text\">El esquema de Visa de Pa\u00edses Amigos de Panam\u00e1 cubre una lista selecta de pa\u00edses con los que Panam\u00e1 mantiene fuertes lazos diplom\u00e1ticos y econ\u00f3micos. Los ciudadanos de estos pa\u00edses son bienvenidos a solicitar la visa, siempre que puedan demostrar estabilidad financiera, un registro criminal limpio y un plan viable de actividad econ\u00f3mica o profesional en Panam\u00e1.<\/p>\n\n<\/div><\/div>\n<\/div>\n\n<div class=\"gb-container gb-container-12dd8e7d gb-accordion__item\" data-transition=\"slide\">\n\n<button class=\"gb-button gb-button-723fcd2e gb-accordion__toggle\" id=\"gb-accordion-toggle-723fcd2e\"><span class=\"gb-button-text\">Lista de pa\u00edses amigos de Panam\u00e1<\/span><span class=\"gb-icon\"><svg xmlns=\"http:\/\/www.w3.org\/2000\/svg\" viewBox=\"0 0 448 512\" width=\"1em\" height=\"1em\" role=\"img\" class=\"gb-accordion__icon\"><path d=\"M207.029 381.476L12.686 187.132c-9.373-9.373-9.373-24.569 0-33.941l22.667-22.667c9.357-9.357 24.522-9.375 33.901-.04L224 284.505l154.745-154.021c9.379-9.335 24.544-9.317 33.901.04l22.667 22.667c9.373 9.373 9.373 24.569 0 33.941L240.971 381.476c-9.373 9.372-24.569 9.372-33.942 0z\" fill=\"currentColor\"><\/path><\/svg><svg xmlns=\"http:\/\/www.w3.org\/2000\/svg\" viewBox=\"0 0 448 512\" width=\"1em\" height=\"1em\" role=\"img\" class=\"gb-accordion__icon-open\"><path d=\"M240.971 130.524l194.343 194.343c9.373 9.373 9.373 24.569 0 33.941l-22.667 22.667c-9.357 9.357-24.522 9.375-33.901.04L224 227.495 69.255 381.516c-9.379 9.335-24.544 9.317-33.901-.04l-22.667-22.667c-9.373-9.373-9.373-24.569 0-33.941L207.03 130.525c9.372-9.373 24.568-9.373 33.941-.001z\" fill=\"currentColor\"><\/path><\/svg><\/span><\/button>\n\n\n<div id=\"gb-accordion-content-321dfdc0\" class=\"gb-accordion__content\"><div class=\"gb-container gb-container-321dfdc0\">\n\n<p class=\"gb-headline gb-headline-7af8b643 gb-headline-text\">Aqu\u00ed est\u00e1 la lista de pa\u00edses cuyos ciudadanos pueden ser elegibles para la Visa de Pa\u00edses Amigos de Panam\u00e1: Estados Unidos, Canad\u00e1, Italia&#8230; [ver m\u00e1s].<\/p>\n\n<\/div><\/div>\n<\/div>\n\n<div class=\"gb-container gb-container-c7b2fb1e gb-accordion__item\" data-transition=\"slide\">\n\n<button class=\"gb-button gb-button-1f087310 gb-accordion__toggle\" id=\"gb-accordion-toggle-1f087310\"><span class=\"gb-button-text\">\u00bfCu\u00e1nto tiempo puedo estar ausente de Panam\u00e1 sin perder mi residencia?<\/span><span class=\"gb-icon\"><svg xmlns=\"http:\/\/www.w3.org\/2000\/svg\" viewBox=\"0 0 448 512\" width=\"1em\" height=\"1em\" role=\"img\" class=\"gb-accordion__icon\"><path d=\"M207.029 381.476L12.686 187.132c-9.373-9.373-9.373-24.569 0-33.941l22.667-22.667c9.357-9.357 24.522-9.375 33.901-.04L224 284.505l154.745-154.021c9.379-9.335 24.544-9.317 33.901.04l22.667 22.667c9.373 9.373 9.373 24.569 0 33.941L240.971 381.476c-9.373 9.372-24.569 9.372-33.942 0z\" fill=\"currentColor\"><\/path><\/svg><svg xmlns=\"http:\/\/www.w3.org\/2000\/svg\" viewBox=\"0 0 448 512\" width=\"1em\" height=\"1em\" role=\"img\" class=\"gb-accordion__icon-open\"><path d=\"M240.971 130.524l194.343 194.343c9.373 9.373 9.373 24.569 0 33.941l-22.667 22.667c-9.357 9.357-24.522 9.375-33.901.04L224 227.495 69.255 381.516c-9.379 9.335-24.544 9.317-33.901-.04l-22.667-22.667c-9.373-9.373-9.373-24.569 0-33.941L207.03 130.525c9.372-9.373 24.568-9.373 33.941-.001z\" fill=\"currentColor\"><\/path><\/svg><\/span><\/button>\n\n\n<div id=\"gb-accordion-content-201e8c74\" class=\"gb-accordion__content\"><div class=\"gb-container gb-container-201e8c74\">\n\n<p class=\"gb-headline gb-headline-44f41eb7 gb-headline-text\">Si tiene una visa de Pa\u00edses Amigos en Panam\u00e1, puede ausentarse del pa\u00eds hasta por 2 a\u00f1os sin perder su residencia. Sin embargo, si no puede regresar dentro de ese per\u00edodo, deber\u00e1 comenzar el proceso nuevamente.<\/p>\n\n<\/div><\/div>\n<\/div>\n\n<div class=\"gb-container gb-container-b15e7d3a gb-accordion__item\" data-transition=\"slide\">\n\n<button class=\"gb-button gb-button-4da3703b gb-accordion__toggle\" id=\"gb-accordion-toggle-4da3703b\"><span class=\"gb-button-text\">\u00bfCu\u00e1nto cuesta la residencia permanente en Panam\u00e1?<\/span><span class=\"gb-icon\"><svg xmlns=\"http:\/\/www.w3.org\/2000\/svg\" viewBox=\"0 0 448 512\" width=\"1em\" height=\"1em\" role=\"img\" class=\"gb-accordion__icon\"><path d=\"M207.029 381.476L12.686 187.132c-9.373-9.373-9.373-24.569 0-33.941l22.667-22.667c9.357-9.357 24.522-9.375 33.901-.04L224 284.505l154.745-154.021c9.379-9.335 24.544-9.317 33.901.04l22.667 22.667c9.373 9.373 9.373 24.569 0 33.941L240.971 381.476c-9.373 9.372-24.569 9.372-33.942 0z\" fill=\"currentColor\"><\/path><\/svg><svg xmlns=\"http:\/\/www.w3.org\/2000\/svg\" viewBox=\"0 0 448 512\" width=\"1em\" height=\"1em\" role=\"img\" class=\"gb-accordion__icon-open\"><path d=\"M240.971 130.524l194.343 194.343c9.373 9.373 9.373 24.569 0 33.941l-22.667 22.667c-9.357 9.357-24.522 9.375-33.901.04L224 227.495 69.255 381.516c-9.379 9.335-24.544 9.317-33.901-.04l-22.667-22.667c-9.373-9.373-9.373-24.569 0-33.941L207.03 130.525c9.372-9.373 24.568-9.373 33.941-.001z\" fill=\"currentColor\"><\/path><\/svg><\/span><\/button>\n\n\n<div id=\"gb-accordion-content-9fbc3c2c\" class=\"gb-accordion__content\"><div class=\"gb-container gb-container-9fbc3c2c\">\n\n<p class=\"gb-headline gb-headline-7887c989 gb-headline-text\">El costo de la residencia permanente en Panam\u00e1 var\u00eda seg\u00fan la opci\u00f3n de visa elegida. Por ejemplo, la Visa de Pa\u00edses Amigos puede comenzar desde $5,000 y m\u00e1s, considerando los honorarios legales y los gastos gubernamentales.<\/p>\n\n<\/div><\/div>\n<\/div>\n<\/div>\n<\/div>\n\n<div class=\"gb-container gb-container-760182d5 gbp-section__inner\">\n<div class=\"gb-container gb-container-6486cc10\">\n\n<h3 class=\"gb-headline gb-headline-5f381b16 gb-headline-text gbp-section__headline\"><span class=\"ez-toc-section\" id=\"%C2%BFTienes_preguntas_adicionales\"><\/span>\u00bfTienes preguntas adicionales?<span class=\"ez-toc-section-end\"><\/span><\/h3>\n\n\n\n<div class=\"gb-headline gb-headline-7e679968 gb-headline-text gbp-section__text\">Contacta a uno de nuestros abogados de inmigraci\u00f3n, y podemos resolver tus dudas.<\/div>\n\n\n\n<a class=\"gb-button gb-button-b28ba548 gb-button-text gbp-button--primary\" href=\"#\">Habla con un Abogado<\/a>\n\n<\/div>\n<\/div>\n<\/div>\n<\/div>\n\n<div class=\"gb-container gb-container-0ec4c649\">\n<div class=\"gb-grid-wrapper gb-grid-wrapper-2c4da3cd\">\n<div class=\"gb-grid-column gb-grid-column-7a7a14a2\"><div class=\"gb-container gb-container-7a7a14a2\" id=\"contacto\">\n\n<h3 class=\"gb-headline gb-headline-e0970646\" id=\"free-consultation\"><span class=\"ez-toc-section\" id=\"Te_contactaremos\"><\/span><span class=\"gb-icon\"><svg aria-hidden=\"true\" role=\"img\" height=\"1em\" width=\"1em\" viewBox=\"0 0 512 512\" xmlns=\"http:\/\/www.w3.org\/2000\/svg\"><path fill=\"currentColor\" d=\"M464 64H48C21.49 64 0 85.49 0 112v288c0 26.51 21.49 48 48 48h416c26.51 0 48-21.49 48-48V112c0-26.51-21.49-48-48-48zm0 48v40.805c-22.422 18.259-58.168 46.651-134.587 106.49-16.841 13.247-50.201 45.072-73.413 44.701-23.208.375-56.579-31.459-73.413-44.701C106.18 199.465 70.425 171.067 48 152.805V112h416zM48 400V214.398c22.914 18.251 55.409 43.862 104.938 82.646 21.857 17.205 60.134 55.186 103.062 54.955 42.717.231 80.509-37.199 103.053-54.947 49.528-38.783 82.032-64.401 104.947-82.653V400H48z\"><\/path><\/svg><\/span><span class=\"gb-headline-text\">Te contactaremos<\/span><span class=\"ez-toc-section-end\"><\/span><\/h3>\n\n\n\n\t\t\t\t\t\t<script>\n\t\t\t\t\t\t\twindow.hsFormsOnReady = window.hsFormsOnReady || [];\n\t\t\t\t\t\t\twindow.hsFormsOnReady.push(()=>{\n\t\t\t\t\t\t\t\thbspt.forms.create({\n\t\t\t\t\t\t\t\t\tportalId: 22633994,\n\t\t\t\t\t\t\t\t\tformId: \"65a5afb3-e520-4745-bfa0-ab5a1cb6982a\",\n\t\t\t\t\t\t\t\t\ttarget: \"#hbspt-form-1776294091000-6041029945\",\n\t\t\t\t\t\t\t\t\tregion: \"na1\",\n\t\t\t\t\t\t\t\t\t\n\t\t\t\t\t\t\t})});\n\t\t\t\t\t\t<\/script>\n\t\t\t\t\t\t<div class=\"hbspt-form\" id=\"hbspt-form-1776294091000-6041029945\"><\/div>\n\n<\/div><\/div>\n<\/div>\n<\/div>","protected":false},"excerpt":{"rendered":"<p>La visa de Pa\u00edses Amigos de Panam\u00e1 es un programa \u00fanico iniciado por el gobierno de Panam\u00e1 para impulsar la inmigraci\u00f3n desde ciertos \u00abpa\u00edses amigos\u00bb. Este programa se enfoca en atraer inversionistas extranjeros, profesionales y trabajadores de los pa\u00edses designados, impulsando el crecimiento y el progreso econ\u00f3mico de Panam\u00e1. Los solicitantes de la visa &#8230; <\/p>\n<p class=\"read-more-container\"><a title=\"Visa de Pa\u00edses Amigos de Panam\u00e1\" class=\"read-more button\" href=\"https:\/\/www.ndm.com.pa\/es\/servicios-legales\/derecho-migratorio\/visa-de-paises-amigos-de-panama\/#more-7284\" aria-label=\"Leer m\u00e1s sobre Visa de Pa\u00edses Amigos de Panam\u00e1\">Leer m\u00e1s<\/a><\/p>\n","protected":false},"author":1,"featured_media":7288,"parent":7208,"menu_order":0,"comment_status":"closed","ping_status":"closed","template":"","meta":{"content-type":"","inline_featured_image":false,"footnotes":""},"class_list":{"0":"post-7284","1":"page","2":"type-page","3":"status-publish","4":"has-post-thumbnail","6":"infinite-scroll-item"},"_links":{"self":[{"href":"https:\/\/www.ndm.com.pa\/es\/wp-json\/wp\/v2\/pages\/7284","targetHints":{"allow":["GET"]}}],"collection":[{"href":"https:\/\/www.ndm.com.pa\/es\/wp-json\/wp\/v2\/pages"}],"about":[{"href":"https:\/\/www.ndm.com.pa\/es\/wp-json\/wp\/v2\/types\/page"}],"author":[{"embeddable":true,"href":"https:\/\/www.ndm.com.pa\/es\/wp-json\/wp\/v2\/users\/1"}],"replies":[{"embeddable":true,"href":"https:\/\/www.ndm.com.pa\/es\/wp-json\/wp\/v2\/comments?post=7284"}],"version-history":[{"count":3,"href":"https:\/\/www.ndm.com.pa\/es\/wp-json\/wp\/v2\/pages\/7284\/revisions"}],"predecessor-version":[{"id":7287,"href":"https:\/\/www.ndm.com.pa\/es\/wp-json\/wp\/v2\/pages\/7284\/revisions\/7287"}],"up":[{"embeddable":true,"href":"https:\/\/www.ndm.com.pa\/es\/wp-json\/wp\/v2\/pages\/7208"}],"wp:featuredmedia":[{"embeddable":true,"href":"https:\/\/www.ndm.com.pa\/es\/wp-json\/wp\/v2\/media\/7288"}],"wp:attachment":[{"href":"https:\/\/www.ndm.com.pa\/es\/wp-json\/wp\/v2\/media?parent=7284"}],"curies":[{"name":"wp","href":"https:\/\/api.w.org\/{rel}","templated":true}]}}