{"id":7272,"date":"2024-11-01T18:15:39","date_gmt":"2024-11-01T18:15:39","guid":{"rendered":"https:\/\/www.ndm.com.pa\/es\/?page_id=7272"},"modified":"2024-11-08T20:41:04","modified_gmt":"2024-11-08T20:41:04","slug":"visas-de-inversionista-calificado","status":"publish","type":"page","link":"https:\/\/www.ndm.com.pa\/es\/servicios-legales\/derecho-migratorio\/visas-de-inversionista-calificado\/","title":{"rendered":"Visa de Inversionista Calificado"},"content":{"rendered":"<div class=\"gb-container gb-container-b46138df\">\n\n<p class=\"gb-headline gb-headline-b61b1892 gb-headline-text\">El programa de Residencia Permanente para Inversionistas Calificados de Panam\u00e1, com\u00fanmente conocido como la Golden visa o &#8216;Visa Dorada,&#8217; <strong>ofrece a los inversionistas una v\u00eda inmediata a la residencia permanente tras la aprobaci\u00f3n de la solicitud, sin obligaci\u00f3n de residencia continua en el pa\u00eds.<\/strong> Para mantener este estatus, sin embargo, se espera que los inversionistas viajen a Panam\u00e1 al menos una vez cada dos a\u00f1os.<br><br>Este programa de Visa Dorada permite una variedad de inversiones calificadas, tales como la compra de bienes ra\u00edces, dep\u00f3sitos bancarios o la participaci\u00f3n en fondos de inversi\u00f3n.<br><br>Los inversionistas con dominio del espa\u00f1ol tienen la ventaja de un camino disponible hacia la ciudadan\u00eda bajo la Visa Dorada. La duraci\u00f3n hacia la naturalizaci\u00f3n puede variar entre uno y cinco a\u00f1os, dependiendo de la nacionalidad inicial de la persona.<\/p>\n\n<\/div>\n\n<div class=\"gb-container gb-container-e74639b0\">\n\n<h2 class=\"gb-headline gb-headline-ed635ec4 gb-headline-text\"><span class=\"ez-toc-section\" id=\"Destacados_de_la_ciudadania_por_inversion_en_Panama\"><\/span>Destacados de la ciudadan\u00eda por inversi\u00f3n en Panam\u00e1<span class=\"ez-toc-section-end\"><\/span><\/h2>\n\n\n\n<figure class=\"wp-block-table is-style-stripes has-small-font-size\"><table class=\"has-white-background-color has-background has-fixed-layout\"><tbody><tr><td>Tipo de Programa<\/td><td>Programa de Inversionista Calificado<\/td><\/tr><tr><td>Tiempo para la ciudadan\u00eda<\/td><td>Hasta 5 a\u00f1os<\/td><\/tr><tr><td>Tiempo requerido para la ciudadan\u00eda<\/td><td>Inmediato tras la aprobaci\u00f3n<\/td><\/tr><tr><td>Inversi\u00f3n m\u00ednima<\/td><td>US$300,000<\/td><\/tr><tr><td>Requisito de presencia f\u00edsica<\/td><td>Una visita cada dos a\u00f1os para mantener el estatus<\/td><\/tr><tr><td>Tiempo de procesamiento de la solicitud<\/td><td>1-2 meses<\/td><\/tr><tr><td>Viajes sin visa con ciudadan\u00eda otorgada<\/td><td>141 destinos, incluyendo el \u00e1rea Schengen<\/td><\/tr><tr><td>Opciones de inversi\u00f3n<\/td><td>Bienes ra\u00edces, dep\u00f3sito bancario, inversi\u00f3n en fondos<\/td><\/tr><\/tbody><\/table><\/figure>\n\n\n<div class=\"gb-container gb-container-8820dbb9 gbp-card--border\"><a class=\"gb-container-link\" href=\"#free-consultation\"><\/a>\n<div class=\"gb-container gb-container-d9049b2e\">\n\n<h3 class=\"gb-headline gb-headline-9cfb7547 gb-headline-text\">Inicia tu proceso de visa<\/h3>\n\n\n\n<div class=\"gb-headline gb-headline-1dd94b05 gb-headline-text\">Inicia tu solicitud de visa de inversionista ahora.<\/div>\n\n<\/div>\n<\/div>\n<\/div>\n\n<div class=\"gb-container gb-container-019a24e1\">\n\n<h2 class=\"gb-headline gb-headline-157473d6 gb-headline-text\"><span class=\"ez-toc-section\" id=\"Duracion_de_estadia_con_la_visa_de_inversionista_de_Panama\"><\/span>Duraci\u00f3n de estad\u00eda con la visa de inversionista de Panam\u00e1<span class=\"ez-toc-section-end\"><\/span><\/h2>\n\n\n\n<p class=\"gb-headline gb-headline-71d5ca22 gb-headline-text\">Bajo el programa de Residencia Permanente para Inversionistas Calificados de Panam\u00e1, tambi\u00e9n conocido como la Visa Dorada, los participantes reciben un permiso de residencia permanente que dura un periodo de 5 a\u00f1os. Para mantener este estatus, el participante debe visitar Panam\u00e1 al menos una vez cada dos a\u00f1os, demostrando as\u00ed una conexi\u00f3n con el pa\u00eds. Los activos invertidos bajo la Visa Dorada pueden ser vendidos despu\u00e9s de estos 5 a\u00f1os.<br><br>Tras mantener la residencia legal en Panam\u00e1 durante un periodo de cinco a\u00f1os mediante la Visa Dorada, los inversionistas se vuelven elegibles para solicitar la ciudadan\u00eda paname\u00f1a.<\/p>\n\n<\/div>\n\n<div class=\"gb-container gb-container-f33d9bc6\">\n\n<h2 class=\"gb-headline gb-headline-f1671120 gb-headline-text\"><span class=\"ez-toc-section\" id=\"Cuando_aplicar_y_cuanto_tiempo_lleva\"><\/span>Cu\u00e1ndo aplicar y cu\u00e1nto tiempo lleva<span class=\"ez-toc-section-end\"><\/span><\/h2>\n\n\n\n<p class=\"gb-headline gb-headline-bb3bf8b6 gb-headline-text\">Puedes iniciar el proceso de solicitud para la Visa Dorada tan pronto como 60 d\u00edas antes de cumplir con la duraci\u00f3n de residencia requerida en Panam\u00e1. Generalmente, estos tr\u00e1mites suelen durar alrededor de 1-2 meses. Las solicitudes pueden presentarse independientemente de tu ubicaci\u00f3n actual, ya sea dentro o fuera de Panam\u00e1, siempre que cuentes con un apoderado legal para interactuar con el Ministerio de Servicios de Inmigraci\u00f3n de Panam\u00e1.<\/p>\n\n<\/div>\n\n<div class=\"gb-container gb-container-a569942d\">\n\n<h2 class=\"gb-headline gb-headline-53a74ab2 gb-headline-text\"><span class=\"ez-toc-section\" id=\"Tasas_gubernamentales_de_la_visa_de_inversion_de_Panama\"><\/span>Tasas gubernamentales de la visa de inversi\u00f3n de Panam\u00e1<span class=\"ez-toc-section-end\"><\/span><\/h2>\n\n\n\n<p class=\"gb-headline gb-headline-99c13151 gb-headline-text\">Para el Programa de Residencia Permanente para Inversionistas Calificados de Panam\u00e1, se deben pagar ciertas tasas al <a href=\"https:\/\/mici.gob.pa\/wp-content\/uploads\/2021\/09\/requisitos-permiso-de-residencia-permanente-en-calidad-de-inversionista.pdf\" data-type=\"link\" data-id=\"https:\/\/mici.gob.pa\/wp-content\/uploads\/2021\/09\/requisitos-permiso-de-residencia-permanente-en-calidad-de-inversionista.pdf\" target=\"_blank\" rel=\"noopener\">gobierno. <\/a> Esto incluye un cheque certificado de B\/.250.00 dirigido al Tesoro Nacional y otro cheque certificado de B\/.800.00 dirigido al Servicio Nacional de Migraci\u00f3n.<\/p>\n\n\n<div class=\"gb-container gb-container-27c37f7b gbp-card--border\"><a class=\"gb-container-link\" href=\"#free-consultation\"><\/a>\n<div class=\"gb-container gb-container-15180995\">\n\n<h3 class=\"gb-headline gb-headline-67e7ffb2 gb-headline-text\">Asesor\u00eda Profesional para Visas<\/h3>\n\n\n\n<div class=\"gb-headline gb-headline-71b2c680 gb-headline-text\">Recibe ayuda experta con tu visa de inversionista.<\/div>\n\n<\/div>\n<\/div>\n<\/div>\n\n<div class=\"gb-container gb-container-93eed896\">\n\n<h2 class=\"gb-headline gb-headline-f924b9a1 gb-headline-text\"><span class=\"ez-toc-section\" id=\"Elegibilidad_para_aplicar_a_la_visa_dorada_de_Panama\"><\/span>Elegibilidad para aplicar a la visa dorada de Panam\u00e1<span class=\"ez-toc-section-end\"><\/span><\/h2>\n\n\n\n<p class=\"gb-headline gb-headline-790662e9 gb-headline-text\">El esquema de Residencia Permanente para Inversionistas Calificados de Panam\u00e1 ofrece tres canales de inversi\u00f3n diferentes, cada uno con un periodo de bloqueo de cinco a\u00f1os:<\/p>\n\n\n\n<ul class=\"wp-block-list\">\n<li>Inversi\u00f3n en propiedad: una suma de $800,000 invertida en bienes ra\u00edces en Panam\u00e1, sin ning\u00fan tipo de gravamen.<\/li>\n\n\n\n<li>Inversi\u00f3n en el mercado de valores: una inversi\u00f3n de $500,000 en valores negociados en la Bolsa de Valores de Panam\u00e1, facilitada a trav\u00e9s de una firma de corretaje paname\u00f1a certificada.<\/li>\n\n\n\n<li>Dep\u00f3sito bancario: un dep\u00f3sito de $750,000 en un banco autorizado en Panam\u00e1. Los intereses acumulados de este dep\u00f3sito est\u00e1n exentos de impuestos en Panam\u00e1.<\/li>\n<\/ul>\n\n\n\n<h3 class=\"gb-headline gb-headline-1882ad27 gb-headline-text\">Costos adicionales:<\/h3>\n\n\n\n<ul class=\"wp-block-list\">\n<li>Por cada dependiente, se requiere una inversi\u00f3n adicional de $2,000.<\/li>\n\n\n\n<li>El Servicio Nacional de Migraci\u00f3n requiere una tasa de $5,000 del solicitante principal y $1,000 por cada dependiente.<\/li>\n\n\n\n<li>Un pago de $5,000 debe ser depositado en el Tesoro Nacional por el solicitante principal y $1,000 adicionales por cada dependiente.<\/li>\n<\/ul>\n\n<\/div>\n\n<div class=\"gb-container gb-container-d6b1c3b4\">\n\n<h2 class=\"gb-headline gb-headline-fe4aa4ed gb-headline-text\"><span class=\"ez-toc-section\" id=\"Documentos_necesarios_para_la_visa_dorada\"><\/span>Documentos necesarios para la visa dorada<span class=\"ez-toc-section-end\"><\/span><\/h2>\n\n\n\n<p class=\"gb-headline gb-headline-aa10a60a gb-headline-text\">Este permiso, como parte del programa de Visa Dorada, se otorga por dos (2) a\u00f1os, tras lo cual puedes solicitar la residencia permanente. Si tienes dependientes bajo la Visa Dorada, la inversi\u00f3n debe incrementarse en dos mil balboas (B\/. 2,000.00) por dependiente, lo cual puede sustentarse con una referencia bancaria local.<\/p>\n\n\n\n<ul class=\"wp-block-list\">\n<li>Poder notarial y solicitud de aplicaci\u00f3n. El poder notarial debe especificar los nombres y nacionalidades de los padres del solicitante.<\/li>\n\n\n\n<li>Tres (3) fotos.<\/li>\n\n\n\n<li>Copia certificada de tu pasaporte.<\/li>\n\n\n\n<li>Certificado de antecedentes penales.<\/li>\n\n\n\n<li>Certificado de salud.<\/li>\n\n\n\n<li>Un cheque certificado de B\/250.00 a nombre del Tesoro Nacional.<\/li>\n\n\n\n<li>Un cheque certificado de B\/800.00 a nombre del Servicio Nacional de Migraci\u00f3n.<\/li>\n\n\n\n<li>Declaraci\u00f3n jurada de historial personal.<\/li>\n\n\n\n<li>Certificado bancario que verifique la creaci\u00f3n de una cuenta de dep\u00f3sito a plazo fijo a nombre del solicitante, con un monto m\u00ednimo de trescientos mil balboas (B\/.300,000.00) o su equivalente en moneda extranjera, con una duraci\u00f3n m\u00ednima de tres (3) a\u00f1os en cualquier banco autorizado dentro del pa\u00eds. Este dep\u00f3sito a plazo fijo debe estar libre de grav\u00e1menes.<\/li>\n\n\n\n<li>Copia autenticada del certificado de dep\u00f3sito a plazo fijo del banco.<\/li>\n<\/ul>\n\n\n\n<h3 class=\"gb-headline gb-headline-ec1e9197 gb-headline-text\">Para Dependientes<\/h3>\n\n\n\n<ul class=\"wp-block-list\">\n<li>Carta de responsabilidad.<\/li>\n\n\n\n<li>Prueba de relaci\u00f3n.<\/li>\n\n\n\n<li>Prueba de residencia.<\/li>\n\n\n\n<li>Si el dependiente es mayor de 18 a\u00f1os, se requiere un certificado de solter\u00eda y registros educativos certificados.<\/li>\n<\/ul>\n\n\n\n<h3 class=\"gb-headline gb-headline-a212ff8c gb-headline-text\">Permiso de Residencia Permanente por Dep\u00f3sito a Plazo Fijo de Autosuficiencia (PRP-SEP-DPF)<\/h3>\n\n\n\n<p class=\"gb-headline gb-headline-23a7eb88 gb-headline-text\">Para una solicitud de Residencia Permanente, se deben presentar los requisitos previamente mencionados, excluyendo el Certificado de Antecedentes Penales y los cheques.<\/p>\n\n\n<div class=\"gb-container gb-container-73be05d7 gbp-card--border\"><a class=\"gb-container-link\" href=\"#free-consultation\"><\/a>\n<div class=\"gb-container gb-container-62921f42\">\n\n<h3 class=\"gb-headline gb-headline-3f181f4a gb-headline-text\">\u00bfTienes m\u00e1s preguntas?<\/h3>\n\n\n\n<div class=\"gb-headline gb-headline-2cc1f69b gb-headline-text\">Env\u00edanos tus preguntas para recibir asesor\u00eda profesional.<\/div>\n\n<\/div>\n<\/div>\n\n\n<h2 class=\"wp-block-heading gb-headline gb-headline-9d2f0d92 gb-headline-text\"><span class=\"ez-toc-section\" id=\"Beneficios_del_programa_de_visa_dorada_de_Panama\"><\/span>Beneficios del programa de visa dorada de Panam\u00e1<span class=\"ez-toc-section-end\"><\/span><\/h2>\n\n\n\n<p class=\"gb-headline gb-headline-c559a541 gb-headline-text\">El camino hacia la naturalizaci\u00f3n a trav\u00e9s de la Visa Dorada implica la participaci\u00f3n de varios organismos p\u00fablicos como el Ministerio de Asuntos Internos y Justicia, el Ministerio de Servicios P\u00fablicos, el Tribunal Electoral, la Oficina de Gobierno y la Presidencia de Panam\u00e1. Todas las solicitudes de naturalizaci\u00f3n bajo la Visa Dorada son aprobadas y firmadas por el Presidente de Panam\u00e1. Se recomienda a los futuros ciudadanos buscar la asistencia de expertos legales para asegurar que todos los procedimientos necesarios se sigan adecuadamente.<\/p>\n\n\n\n<p>El Tribunal Electoral de Panam\u00e1 realiza una entrevista para evaluar el dominio del espa\u00f1ol del solicitante y su comprensi\u00f3n de la historia, geograf\u00eda y derechos civiles de Panam\u00e1 como parte del proceso de la Visa Dorada. La solicitud final se presenta entonces ante la Presidencia en esta etapa.<\/p>\n\n\n\n<p>Aunque Panam\u00e1 no reconoce oficialmente la doble ciudadan\u00eda, no verifica activamente si sus nuevos ciudadanos bajo el programa de Visa Dorada renuncian a otras nacionalidades.<\/p>\n\n\n\n<p>Los ciudadanos de varios pa\u00edses latinoamericanos pueden acelerar su solicitud de ciudadan\u00eda a trav\u00e9s de un acuerdo rec\u00edproco bajo la Visa Dorada. El plazo para este procedimiento acelerado es el siguiente:<\/p>\n\n\n\n<ul class=\"wp-block-list\">\n<li>1 a\u00f1o: Colombia, El Salvador<\/li>\n\n\n\n<li>2 a\u00f1os: Argentina, Ecuador, Espa\u00f1a, Honduras, M\u00e9xico, Nicaragua, Per\u00fa<\/li>\n\n\n\n<li>3 a\u00f1os: Uruguay<\/li>\n<\/ul>\n\n\n\n<h2 class=\"wp-block-heading gb-headline gb-headline-6ed9715b gb-headline-text\"><span class=\"ez-toc-section\" id=\"Proximos_pasos_a_seguir\"><\/span>Pr\u00f3ximos pasos a seguir<span class=\"ez-toc-section-end\"><\/span><\/h2>\n\n\n\n<p>En conclusi\u00f3n, el Programa de Residencia Permanente para Inversionistas Calificados de Panam\u00e1 ofrece una v\u00eda pr\u00e1ctica y eficiente hacia <a href=\"https:\/\/www.ndm.com.pa\/es\/servicios-legales\/derecho-migratorio\/\" data-type=\"link\" data-id=\"https:\/\/www.ndm.com.pa\/legal-services\/labor-immigration-law\/\">la residencia permanente, y potencialmente la ciudadan\u00eda<\/a>, para inversionistas extranjeros. Con sus opciones de inversi\u00f3n flexibles, requisitos m\u00ednimos de presencia f\u00edsica y residencia permanente inmediata tras la aprobaci\u00f3n, el programa ofrece una oportunidad atractiva para quienes buscan diversificar sus inversiones y asegurar un plan confiable para la residencia.<\/p>\n\n\n\n<p>Es importante se\u00f1alar, sin embargo, que cada caso es diferente, y la idoneidad del programa puede depender de diversos factores, incluyendo metas personales, financieras y de inmigraci\u00f3n. Por ello, siempre se recomienda buscar asesor\u00eda legal al considerar programas como este.<\/p>\n\n\n\n<p>Adem\u00e1s, el panorama de los programas de Visa Dorada es din\u00e1mico, con muchos pa\u00edses en todo el mundo ofreciendo sus propias versiones de programas de inmigraci\u00f3n basados en inversi\u00f3n. Es crucial que los futuros solicitantes se mantengan informados sobre las tendencias globales y los cambios en estos programas, ya que el \u00abmejor\u00bb o el \u00abm\u00e1s econ\u00f3mico\u00bb programa puede variar seg\u00fan las necesidades y circunstancias espec\u00edficas de cada individuo.<\/p>\n\n\n<div class=\"gb-container gb-container-ccddbcfc gbp-section__inner\">\n<div class=\"gb-container gb-container-e248304c\">\n\n<h2 class=\"gb-headline gb-headline-10fe8d15 gb-headline-text gbp-section__headline\"><span class=\"ez-toc-section\" id=\"Preguntas_Frecuentes\"><\/span>Preguntas Frecuentes<span class=\"ez-toc-section-end\"><\/span><\/h2>\n\n\n\n<div class=\"gb-headline gb-headline-a280e9ba gb-headline-text gbp-section__text\">La Visa Dorada ofrece residencia a trav\u00e9s de la inversi\u00f3n. Revisa nuestras preguntas frecuentes para obtener informaci\u00f3n detallada sobre los requisitos y beneficios.<\/div>\n\n<\/div>\n<\/div>\n\n<div class=\"gb-container gb-container-943168d5\">\n<div class=\"gb-container gb-container-356b6aff gb-accordion\" data-accordion-multiple-open>\n<div class=\"gb-container gb-container-b7741ea2 gb-accordion__item gb-accordion__item-open\" data-transition=\"slide\">\n\n<button class=\"gb-button gb-button-f176a36c gb-accordion__toggle gb-block-is-current\" id=\"gb-accordion-toggle-f176a36c\"><span class=\"gb-button-text\"> <span class=\"gb-button-text\">\u00bfC\u00f3mo afectar\u00e1 el umbral de inversi\u00f3n m\u00e1s alto a los solicitantes de visas?<\/span><\/span><span class=\"gb-icon\"><svg xmlns=\"http:\/\/www.w3.org\/2000\/svg\" viewBox=\"0 0 448 512\" width=\"1em\" height=\"1em\" role=\"img\" class=\"gb-accordion__icon\"><path d=\"M207.029 381.476L12.686 187.132c-9.373-9.373-9.373-24.569 0-33.941l22.667-22.667c9.357-9.357 24.522-9.375 33.901-.04L224 284.505l154.745-154.021c9.379-9.335 24.544-9.317 33.901.04l22.667 22.667c9.373 9.373 9.373 24.569 0 33.941L240.971 381.476c-9.373 9.372-24.569 9.372-33.942 0z\" fill=\"currentColor\"><\/path><\/svg><svg xmlns=\"http:\/\/www.w3.org\/2000\/svg\" viewBox=\"0 0 448 512\" width=\"1em\" height=\"1em\" role=\"img\" class=\"gb-accordion__icon-open\"><path d=\"M240.971 130.524l194.343 194.343c9.373 9.373 9.373 24.569 0 33.941l-22.667 22.667c-9.357 9.357-24.522 9.375-33.901.04L224 227.495 69.255 381.516c-9.379 9.335-24.544 9.317-33.901-.04l-22.667-22.667c-9.373-9.373-9.373-24.569 0-33.941L207.03 130.525c9.372-9.373 24.568-9.373 33.941-.001z\" fill=\"currentColor\"><\/path><\/svg><\/span><\/button>\n\n\n<div id=\"gb-accordion-content-bdad28fd\" class=\"gb-accordion__content\"><div class=\"gb-container gb-container-bdad28fd\">\n\n<p class=\"gb-headline gb-headline-71f3fd78 gb-headline-text\">El gobierno paname\u00f1o estableci\u00f3 inicialmente un umbral de inversi\u00f3n en bienes ra\u00edces de $300,000 para los dos primeros a\u00f1os del programa. Esta cantidad aumentar\u00e1 a $500,000 a partir de octubre de 2022.<\/p>\n\n<\/div><\/div>\n<\/div>\n\n<div class=\"gb-container gb-container-d0b334de gb-accordion__item\" data-transition=\"slide\">\n\n<button class=\"gb-button gb-button-a889db4e gb-accordion__toggle\" id=\"gb-accordion-toggle-a889db4e\"><span class=\"gb-button-text\"> <span class=\"gb-button-text\">\u00bfC\u00f3mo puedo invertir en Panam\u00e1 como extranjero?<\/span><\/span><span class=\"gb-icon\"><svg xmlns=\"http:\/\/www.w3.org\/2000\/svg\" viewBox=\"0 0 448 512\" width=\"1em\" height=\"1em\" role=\"img\" class=\"gb-accordion__icon\"><path d=\"M207.029 381.476L12.686 187.132c-9.373-9.373-9.373-24.569 0-33.941l22.667-22.667c9.357-9.357 24.522-9.375 33.901-.04L224 284.505l154.745-154.021c9.379-9.335 24.544-9.317 33.901.04l22.667 22.667c9.373 9.373 9.373 24.569 0 33.941L240.971 381.476c-9.373 9.372-24.569 9.372-33.942 0z\" fill=\"currentColor\"><\/path><\/svg><svg xmlns=\"http:\/\/www.w3.org\/2000\/svg\" viewBox=\"0 0 448 512\" width=\"1em\" height=\"1em\" role=\"img\" class=\"gb-accordion__icon-open\"><path d=\"M240.971 130.524l194.343 194.343c9.373 9.373 9.373 24.569 0 33.941l-22.667 22.667c-9.357 9.357-24.522 9.375-33.901.04L224 227.495 69.255 381.516c-9.379 9.335-24.544 9.317-33.901-.04l-22.667-22.667c-9.373-9.373-9.373-24.569 0-33.941L207.03 130.525c9.372-9.373 24.568-9.373 33.941-.001z\" fill=\"currentColor\"><\/path><\/svg><\/span><\/button>\n\n\n<div id=\"gb-accordion-content-506e6d40\" class=\"gb-accordion__content\"><div class=\"gb-container gb-container-506e6d40\">\n\n<p class=\"gb-headline gb-headline-bc6b2904 gb-headline-text\">Como extranjero, puedes invertir en Panam\u00e1 a trav\u00e9s del Programa de Residencia Permanente para Inversionistas Calificados. Las inversiones aceptadas incluyen bienes ra\u00edces, valores en el mercado de valores de Panam\u00e1 y dep\u00f3sitos en un banco autorizado en Panam\u00e1.<\/p>\n\n<\/div><\/div>\n<\/div>\n\n<div class=\"gb-container gb-container-e0d0c094 gb-accordion__item\" data-transition=\"slide\">\n\n<button class=\"gb-button gb-button-75760d10 gb-accordion__toggle\" id=\"gb-accordion-toggle-75760d10\"><span class=\"gb-button-text\"> <span class=\"gb-button-text\">\u00bfCu\u00e1l es la visa dorada m\u00e1s econ\u00f3mica en el mundo?<\/span><\/span><span class=\"gb-icon\"><svg xmlns=\"http:\/\/www.w3.org\/2000\/svg\" viewBox=\"0 0 448 512\" width=\"1em\" height=\"1em\" role=\"img\" class=\"gb-accordion__icon\"><path d=\"M207.029 381.476L12.686 187.132c-9.373-9.373-9.373-24.569 0-33.941l22.667-22.667c9.357-9.357 24.522-9.375 33.901-.04L224 284.505l154.745-154.021c9.379-9.335 24.544-9.317 33.901.04l22.667 22.667c9.373 9.373 9.373 24.569 0 33.941L240.971 381.476c-9.373 9.372-24.569 9.372-33.942 0z\" fill=\"currentColor\"><\/path><\/svg><svg xmlns=\"http:\/\/www.w3.org\/2000\/svg\" viewBox=\"0 0 448 512\" width=\"1em\" height=\"1em\" role=\"img\" class=\"gb-accordion__icon-open\"><path d=\"M240.971 130.524l194.343 194.343c9.373 9.373 9.373 24.569 0 33.941l-22.667 22.667c-9.357 9.357-24.522 9.375-33.901.04L224 227.495 69.255 381.516c-9.379 9.335-24.544 9.317-33.901-.04l-22.667-22.667c-9.373-9.373-9.373-24.569 0-33.941L207.03 130.525c9.372-9.373 24.568-9.373 33.941-.001z\" fill=\"currentColor\"><\/path><\/svg><\/span><\/button>\n\n\n<div id=\"gb-accordion-content-7f2aaf51\" class=\"gb-accordion__content\"><div class=\"gb-container gb-container-7f2aaf51\">\n\n<p class=\"gb-headline gb-headline-d0ce5350 gb-headline-text\">A partir de mi conocimiento hasta septiembre de 2021, el programa de Visa Dorada m\u00e1s econ\u00f3mico es ofrecido por Grecia y requiere una inversi\u00f3n en bienes ra\u00edces de \u20ac250,000 (alrededor de $280,000).<\/p>\n\n<\/div><\/div>\n<\/div>\n\n<div class=\"gb-container gb-container-630f5bd4 gb-accordion__item\" data-transition=\"slide\">\n\n<button class=\"gb-button gb-button-5044f206 gb-accordion__toggle\" id=\"gb-accordion-toggle-5044f206\"><span class=\"gb-button-text\"> <span class=\"gb-button-text\">\u00bfQu\u00e9 pa\u00eds de la UE tiene la visa dorada m\u00e1s accesible?<\/span><\/span><span class=\"gb-icon\"><svg xmlns=\"http:\/\/www.w3.org\/2000\/svg\" viewBox=\"0 0 448 512\" width=\"1em\" height=\"1em\" role=\"img\" class=\"gb-accordion__icon\"><path d=\"M207.029 381.476L12.686 187.132c-9.373-9.373-9.373-24.569 0-33.941l22.667-22.667c9.357-9.357 24.522-9.375 33.901-.04L224 284.505l154.745-154.021c9.379-9.335 24.544-9.317 33.901.04l22.667 22.667c9.373 9.373 9.373 24.569 0 33.941L240.971 381.476c-9.373 9.372-24.569 9.372-33.942 0z\" fill=\"currentColor\"><\/path><\/svg><svg xmlns=\"http:\/\/www.w3.org\/2000\/svg\" viewBox=\"0 0 448 512\" width=\"1em\" height=\"1em\" role=\"img\" class=\"gb-accordion__icon-open\"><path d=\"M240.971 130.524l194.343 194.343c9.373 9.373 9.373 24.569 0 33.941l-22.667 22.667c-9.357 9.357-24.522 9.375-33.901.04L224 227.495 69.255 381.516c-9.379 9.335-24.544 9.317-33.901-.04l-22.667-22.667c-9.373-9.373-9.373-24.569 0-33.941L207.03 130.525c9.372-9.373 24.568-9.373 33.941-.001z\" fill=\"currentColor\"><\/path><\/svg><\/span><\/button>\n\n\n<div id=\"gb-accordion-content-9806b9ca\" class=\"gb-accordion__content\"><div class=\"gb-container gb-container-9806b9ca\">\n\n<p class=\"gb-headline gb-headline-8475b8ea gb-headline-text\">Portugal, Grecia y Espa\u00f1a se consideran generalmente pa\u00edses con programas de Visa Dorada relativamente accesibles y sencillos. Estos programas implican inversiones en bienes ra\u00edces y ofrecen el beneficio de la libre circulaci\u00f3n dentro del \u00c1rea Schengen. <\/p>\n\n<\/div><\/div>\n<\/div>\n<\/div>\n<\/div>\n\n<div class=\"gb-container gb-container-0ec4c649\">\n<div class=\"gb-grid-wrapper gb-grid-wrapper-2c4da3cd\">\n<div class=\"gb-grid-column gb-grid-column-7a7a14a2\"><div class=\"gb-container gb-container-7a7a14a2\" id=\"contacto\">\n\n<h3 class=\"gb-headline gb-headline-e0970646\" id=\"free-consultation\"><span class=\"gb-icon\"><svg aria-hidden=\"true\" role=\"img\" height=\"1em\" width=\"1em\" viewBox=\"0 0 512 512\" xmlns=\"http:\/\/www.w3.org\/2000\/svg\"><path fill=\"currentColor\" d=\"M464 64H48C21.49 64 0 85.49 0 112v288c0 26.51 21.49 48 48 48h416c26.51 0 48-21.49 48-48V112c0-26.51-21.49-48-48-48zm0 48v40.805c-22.422 18.259-58.168 46.651-134.587 106.49-16.841 13.247-50.201 45.072-73.413 44.701-23.208.375-56.579-31.459-73.413-44.701C106.18 199.465 70.425 171.067 48 152.805V112h416zM48 400V214.398c22.914 18.251 55.409 43.862 104.938 82.646 21.857 17.205 60.134 55.186 103.062 54.955 42.717.231 80.509-37.199 103.053-54.947 49.528-38.783 82.032-64.401 104.947-82.653V400H48z\"><\/path><\/svg><\/span><span class=\"gb-headline-text\">Te contactaremos<\/span><\/h3>\n\n\n\n\t\t\t\t\t\t<script>\n\t\t\t\t\t\t\twindow.hsFormsOnReady = window.hsFormsOnReady || [];\n\t\t\t\t\t\t\twindow.hsFormsOnReady.push(()=>{\n\t\t\t\t\t\t\t\thbspt.forms.create({\n\t\t\t\t\t\t\t\t\tportalId: 22633994,\n\t\t\t\t\t\t\t\t\tformId: \"65a5afb3-e520-4745-bfa0-ab5a1cb6982a\",\n\t\t\t\t\t\t\t\t\ttarget: \"#hbspt-form-1776294158000-9927503656\",\n\t\t\t\t\t\t\t\t\tregion: \"na1\",\n\t\t\t\t\t\t\t\t\t\n\t\t\t\t\t\t\t})});\n\t\t\t\t\t\t<\/script>\n\t\t\t\t\t\t<div class=\"hbspt-form\" id=\"hbspt-form-1776294158000-9927503656\"><\/div>\n\n<\/div><\/div>\n<\/div>\n<\/div>\n<\/div>","protected":false},"excerpt":{"rendered":"<p>El programa de Residencia Permanente para Inversionistas Calificados de Panam\u00e1, com\u00fanmente conocido como la Golden visa o &#8216;Visa Dorada,&#8217; ofrece a los inversionistas una v\u00eda inmediata a la residencia permanente tras la aprobaci\u00f3n de la solicitud, sin obligaci\u00f3n de residencia continua en el pa\u00eds. Para mantener este estatus, sin embargo, se espera que los &#8230; <\/p>\n<p class=\"read-more-container\"><a title=\"Visa de Inversionista Calificado\" class=\"read-more button\" href=\"https:\/\/www.ndm.com.pa\/es\/servicios-legales\/derecho-migratorio\/visas-de-inversionista-calificado\/#more-7272\" aria-label=\"Leer m\u00e1s sobre Visa de Inversionista Calificado\">Leer m\u00e1s<\/a><\/p>\n","protected":false},"author":1,"featured_media":7278,"parent":7208,"menu_order":0,"comment_status":"closed","ping_status":"closed","template":"","meta":{"content-type":"","inline_featured_image":false,"footnotes":""},"class_list":{"0":"post-7272","1":"page","2":"type-page","3":"status-publish","4":"has-post-thumbnail","6":"infinite-scroll-item"},"_links":{"self":[{"href":"https:\/\/www.ndm.com.pa\/es\/wp-json\/wp\/v2\/pages\/7272","targetHints":{"allow":["GET"]}}],"collection":[{"href":"https:\/\/www.ndm.com.pa\/es\/wp-json\/wp\/v2\/pages"}],"about":[{"href":"https:\/\/www.ndm.com.pa\/es\/wp-json\/wp\/v2\/types\/page"}],"author":[{"embeddable":true,"href":"https:\/\/www.ndm.com.pa\/es\/wp-json\/wp\/v2\/users\/1"}],"replies":[{"embeddable":true,"href":"https:\/\/www.ndm.com.pa\/es\/wp-json\/wp\/v2\/comments?post=7272"}],"version-history":[{"count":2,"href":"https:\/\/www.ndm.com.pa\/es\/wp-json\/wp\/v2\/pages\/7272\/revisions"}],"predecessor-version":[{"id":7280,"href":"https:\/\/www.ndm.com.pa\/es\/wp-json\/wp\/v2\/pages\/7272\/revisions\/7280"}],"up":[{"embeddable":true,"href":"https:\/\/www.ndm.com.pa\/es\/wp-json\/wp\/v2\/pages\/7208"}],"wp:featuredmedia":[{"embeddable":true,"href":"https:\/\/www.ndm.com.pa\/es\/wp-json\/wp\/v2\/media\/7278"}],"wp:attachment":[{"href":"https:\/\/www.ndm.com.pa\/es\/wp-json\/wp\/v2\/media?parent=7272"}],"curies":[{"name":"wp","href":"https:\/\/api.w.org\/{rel}","templated":true}]}}