{"id":7256,"date":"2024-11-01T15:55:25","date_gmt":"2024-11-01T15:55:25","guid":{"rendered":"https:\/\/www.ndm.com.pa\/es\/?page_id=7256"},"modified":"2026-03-31T22:14:41","modified_gmt":"2026-03-31T22:14:41","slug":"visa-para-pensionados-en-panama","status":"publish","type":"page","link":"https:\/\/www.ndm.com.pa\/es\/servicios-legales\/derecho-migratorio\/visa-para-pensionados-en-panama\/","title":{"rendered":"Visa para Jubilados o pensionados en Panam\u00e1"},"content":{"rendered":"<div class=\"gb-container gb-container-0ba5bf47\">\n<div class=\"gb-container gb-container-b46138df\">\n\n<p class=\"gb-headline gb-headline-b61b1892 gb-headline-text\">El programa de visas de Pensionados en Panam\u00e1 est\u00e1 dise\u00f1ado para ofrecer a los jubilados extranjeros una serie de beneficios fiscales, descuentos y exenciones en una amplia variedad de productos y servicios, para que el pensionado pueda vivir c\u00f3modamente en Panam\u00e1.<\/p>\n\n<\/div>\n\n<div class=\"gb-container gb-container-e74639b0\">\n\n<h2 class=\"gb-headline gb-headline-ed635ec4 gb-headline-text\"><span class=\"ez-toc-section\" id=\"Aspectos_destacados_de_la_visa_de_pensionado_en_Panama\"><\/span>Aspectos destacados de la visa de pensionado en Panam\u00e1<span class=\"ez-toc-section-end\"><\/span><\/h2>\n\n\n\n<figure class=\"wp-block-table is-style-stripes has-small-font-size\"><table class=\"has-base-3-background-color has-background has-fixed-layout\"><tbody><tr><td>Tipo de programa<\/td><td>Panam\u00e1 Pensionado visa<\/td><\/tr><tr><td>Tiempo de residencia permanente.<\/td><td>Inmediatamente despu\u00e9s de la aprobaci\u00f3n si se cumple el requisito de ingresos<\/td><\/tr><tr><td>Inversi\u00f3n m\u00ednima.<\/td><td>Comprobante de ingresos mensuales de US$1.000<\/td><\/tr><tr><td>Requisito de presencia f\u00edsica.<\/td><td>Al menos una visita al a\u00f1o<\/td><\/tr><tr><td>Tiempo de procesamiento de la solicitud.<\/td><td>4-5 meses<\/td><\/tr><tr><td>Tipos de cotizaciones disponibles.<\/td><td>No se requiere contribuci\u00f3n<\/td><\/tr><\/tbody><\/table><\/figure>\n\n\n\n<p>Si est\u00e1s pensando en postularse, solo necesitas demostrar que tienes ingresos<strong> mensuales de al menos $1,000 <\/strong>o $750 si compra una propiedad en Panam\u00e1 con un valor m\u00ednimo de $100,000. Estos ingresos deben provenir de un fondo de pensiones o jubilaci\u00f3n, y necesitaremos documentaci\u00f3n para confirmarlo.<\/p>\n\n\n\n<p>\u00bfTe preguntas por qu\u00e9 Panam\u00e1? Pues es un lugar incre\u00edble para jubilados. Vivienda asequible, clima espectacular, gente muy amable y much\u00edsimas cosas que hacer. <strong>Cubriremos todo lo que necesita saber sobre el programa de visas para Pensionados, <\/strong>incluyendo c\u00f3mo calificar, los beneficios del programa, los requisitos para la ciudadan\u00eda, la autoridad del programa y la base legal del programa.<\/p>\n\n\n<div class=\"gb-container gb-container-8820dbb9 gbp-card--border\">\n<div class=\"gb-container gb-container-d9049b2e\">\n\n<h3 class=\"gb-headline gb-headline-9cfb7547 gb-headline-text\">Simplifica tu migraci\u00f3n<\/h3>\n\n\n\n<div class=\"gb-headline gb-headline-1dd94b05 gb-headline-text\">Perm\u00edtenos manejar tu solicitud de visa.<\/div>\n\n<\/div>\n\n<div class=\"gb-container gb-container-d8be39fd\">\n\n<a class=\"gb-button gb-button-4adcefba gb-button-text gbp-button--primary\" href=\"#free-consultation\">Habla con un abogado<\/a>\n\n<\/div>\n<\/div>\n<\/div>\n\n<div class=\"gb-container gb-container-019a24e1\">\n\n<h2 class=\"gb-headline gb-headline-4b94d04a gb-headline-text\"><span class=\"ez-toc-section\" id=\"Ventajas_y_desventajas_de_retirarse_en_Panama\"><\/span>Ventajas y desventajas de retirarse en Panam\u00e1<span class=\"ez-toc-section-end\"><\/span><\/h2>\n\n\n\n<p>La visa de pensionado en Panam\u00e1 ofrece numerosos beneficios, pero tambi\u00e9n tiene ciertas limitaciones. A continuaci\u00f3n, se muestra una lista de lo que puede y no puede hacer con esta visa. Las ventajas incluyen descuentos en servicios y medicamentos, mientras que las desventajas pueden incluir restricciones laborales. Descubra c\u00f3mo estos aspectos impactan su vida diaria en Panam\u00e1.<\/p>\n\n\n\n<h3 class=\"gb-headline gb-headline-60304c42 gb-headline-text\">Puedes:<\/h3>\n\n\n\n<ol class=\"wp-block-list\">\n<li>Obtener su estatus de Residencia de Jubilado y viva legalmente en Panam\u00e1 como jubilado pensionado.<\/li>\n\n\n\n<li>Trabajo voluntario sin remuneraci\u00f3n.<\/li>\n\n\n\n<li>Abrir una cuenta bancaria en Panam\u00e1.<\/li>\n\n\n\n<li>Obtener una licencia de conducir paname\u00f1a.<\/li>\n\n\n\n<li>Importar un autom\u00f3vil libre de impuestos una vez cada dos a\u00f1os.<\/li>\n\n\n\n<li>Acceso a servicios de atenci\u00f3n m\u00e9dica y descuentos en medicamentos.<\/li>\n\n\n\n<li>Importar bienes personales sin pagar impuestos.<\/li>\n\n\n\n<li>Obtenga descuentos en diversos servicios, como transporte, alojamiento, entretenimiento, etc.<\/li>\n\n\n\n<li><strong>Solicitar la residencia permanente<\/strong> <strong>en menos de 6 meses<\/strong><\/li>\n<\/ol>\n\n\n\n<h3 class=\"gb-headline gb-headline-3734b1be gb-headline-text\">No puedes:<\/h3>\n\n\n\n<ol class=\"wp-block-list\">\n<li>Trabajar para una empresa paname\u00f1a o recibir un salario en Panam\u00e1.<\/li>\n\n\n\n<li>Votar en las elecciones paname\u00f1as.<\/li>\n\n\n\n<li>Obtenga la ciudadan\u00eda paname\u00f1a autom\u00e1ticamente.<\/li>\n\n\n\n<li>Utilice la visa de jubilado para realizar actividades comerciales o de negocio en Panam\u00e1.<\/li>\n\n\n\n<li>Permanecer fuera de Panam\u00e1 por m\u00e1s de dos a\u00f1os consecutivos sin perder la visa de jubilado.<\/li>\n<\/ol>\n\n<\/div>\n\n<div class=\"gb-container gb-container-f33d9bc6\">\n\n<h2 class=\"gb-headline gb-headline-6f7dc928 gb-headline-text\"><span class=\"ez-toc-section\" id=\"Cuando_aplicar_y_cuanto_tiempo_toma\"><\/span>Cu\u00e1ndo aplicar y cu\u00e1nto tiempo toma<span class=\"ez-toc-section-end\"><\/span><\/h2>\n\n\n\n<p>Empezaremos ayud\u00e1ndote a reunir todos los documentos necesarios. Gracias a nuestra experiencia, este paso es sencillo y sin complicaciones.<\/p>\n\n\n\n<h3 class=\"gb-headline gb-headline-48309e82 gb-headline-text\">Presentaci\u00f3n de la solicitud<\/h3>\n\n\n\n<p>Cuando llegue el momento de presentar su solicitud, no se preocupe por la log\u00edstica. Lo acompa\u00f1aremos a la oficina de inmigraci\u00f3n de Panam\u00e1 para garantizar que todo transcurra sin problemas. Adem\u00e1s, recibir\u00e1 su tarjeta de residencia temporal durante esta visita.<\/p>\n\n\n\n<h3 class=\"gb-headline gb-headline-f71c0c33 gb-headline-text\">Espera de aprobaci\u00f3n<\/h3>\n\n\n\n<p>La paciencia es clave. El proceso de aprobaci\u00f3n suele tardar entre 2 y 3 meses, pero ten la seguridad de que te mantendremos informado en cada paso del proceso.<\/p>\n\n\n\n<h3 class=\"gb-headline gb-headline-068bcfdd gb-headline-text\">Pasos finales<\/h3>\n\n\n\n<p>Una vez aprobada su solicitud, \u00a1felicitaciones! \u00a1Ya es residente permanente de Panam\u00e1! Organizaremos su visita final para recoger su tarjeta de residencia permanente.<\/p>\n\n<\/div>\n\n<div class=\"gb-container gb-container-a569942d\">\n\n<h2 class=\"gb-headline gb-headline-53a74ab2 gb-headline-text\"><span class=\"ez-toc-section\" id=\"Costo_de_obtener_una_visa_de_pensionado_en_Panama\"><\/span>Costo de obtener una visa de pensionado en Panam\u00e1<span class=\"ez-toc-section-end\"><\/span><\/h2>\n\n\n\n<p class=\"gb-headline gb-headline-99c13151 gb-headline-text\">El costo de obtener una visa de pensionado en Panam\u00e1 depende de c\u00f3mo se solicite. (Estos costos corresponden a las tarifas de seguridad social cotizadas por el Seguro Social de Panam\u00e1, sin incluir honorarios profesionales).<\/p>\n\n\n\n<figure class=\"wp-block-table is-style-stripes has-small-font-size\"><table class=\"has-fixed-layout\"><tbody><tr><td>Para el solicitante principal<\/td><td>1700$<\/td><\/tr><\/tbody><\/table><figcaption class=\"wp-element-caption\">El precio base para el solicitante principal comienza en 1.700 USD. Tenga en cuenta que esta tarifa no incluye los servicios de traducci\u00f3n, que cuestan 20 USD por p\u00e1gina. Adem\u00e1s, se requiere un pago de 100 USD por residencia permanente seis meses despu\u00e9s al procesar la nueva identificaci\u00f3n.<\/figcaption><\/figure>\n\n\n<div class=\"gb-container gb-container-27c37f7b gbp-card--border\">\n<div class=\"gb-container gb-container-15180995\">\n\n<h3 class=\"gb-headline gb-headline-67e7ffb2 gb-headline-text\">Consulta Legal<\/h3>\n\n\n\n<div class=\"gb-headline gb-headline-71b2c680 gb-headline-text\">Agenda tu consulta gratuita con nosotros hoy mismo.<\/div>\n\n<\/div>\n\n<div class=\"gb-container gb-container-bba44316\">\n\n<a class=\"gb-button gb-button-a9b35328 gb-button-text gbp-button--primary\" href=\"#free-consultation\">Contacto<\/a>\n\n<\/div>\n<\/div>\n\n\n<div style=\"height:20px\" aria-hidden=\"true\" class=\"wp-block-spacer wp-embed-aspect-16-9 wp-has-aspect-ratio\"><\/div>\n\n<\/div>\n\n<div class=\"gb-container gb-container-93eed896\">\n\n<h2 class=\"gb-headline gb-headline-fe4aa4ed gb-headline-text\"><span class=\"ez-toc-section\" id=\"Requisitos_para_el_programa_de_pensionado_en_Panama\"><\/span>Requisitos para el programa de pensionado en Panam\u00e1<span class=\"ez-toc-section-end\"><\/span><\/h2>\n\n\n\n<p>El Programa de Visas para Jubilados Pensionados en Panam\u00e1 est\u00e1 dise\u00f1ado para jubilados que desean establecerse en el pa\u00eds. Para calificar, los jubilados deben cumplir con los siguientes requisitos generales:<\/p>\n\n\n\n<ul class=\"wp-block-list\">\n<li>Presentar una carta que certifique el monto y duraci\u00f3n de su jubilaci\u00f3n (m\u00ednimo $1000 mensuales).<\/li>\n\n\n\n<li>Presentar un certificado m\u00e9dico que demuestre buena salud. Presentar un certificado de antecedentes penales:\n<ul class=\"wp-block-list\">\n<li><strong>Canadienses:<\/strong> <a href=\"https:\/\/www.ndm.com.pa\/moving-to-panama-from-canada\/\">Certificados policiales y de la RCMP autenticados<\/a> en la embajada de Panam\u00e1.<\/li>\n\n\n\n<li><strong>Estadounidenses:<\/strong>Antecedentes del FBI apostillados y autenticados en la <a href=\"https:\/\/www.embassyofpanama.org\/retire-in-panama\" target=\"_blank\" rel=\"noopener\">Embajada de Panam\u00e1<\/a>.<\/li>\n<\/ul>\n<\/li>\n\n\n\n<li>Demostrar medios financieros adicionales, como inversiones u otras fuentes de ingresos. Utilice la propiedad en Panam\u00e1 como prueba econ\u00f3mica, si corresponde.<\/li>\n\n\n\n<li>Presentar una copia de su pasaporte v\u00e1lido y los documentos personales requeridos (certificados de nacimiento\/matrimonio).<\/li>\n<\/ul>\n\n\n\n<h3 class=\"wp-block-heading\">La inclusi\u00f3n de la familia bajo la visa Pensionado<\/h3>\n\n\n\n<p>La Visa de Pensionado permite a los solicitantes principales incluir a sus familias. Los c\u00f3nyuges e hijos menores de 18 a\u00f1os pueden unirse a la solicitud, lo que garantiza una reubicaci\u00f3n sin contratiempos para sus seres queridos. Los dependientes mayores de 18 a\u00f1os pueden calificar si cursan estudios a tiempo completo.<\/p>\n\n\n\n<p>\u00bfQuieres que tu familia est\u00e9 a tu lado? La Visa de Pensionado apoya a los dependientes, permitiendo que tu c\u00f3nyuge e hijos menores se muden contigo. Presenta un comprobante de parentesco y documentos adicionales para un proceso de solicitud sin complicaciones que incluya a toda la familia.<\/p>\n\n\n\n<h4 class=\"gb-headline gb-headline-ec1e9197 gb-headline-text\">Si te retiras en Panam\u00e1 con tu pareja, no te puedes perder esto<\/h4>\n\n\n\n<p>Si planea jubilarse con su pareja y\/o hijos, no debe perder de vista estos documentos para presentarlos en su solicitud. En los casos de hijos a cargo, su permiso ser\u00e1 temporal hasta que cumplan veinticinco (25) a\u00f1os siempre que acrediten que concluyeron sus estudios, sin embargo, no tendr\u00e1n derecho a la permanencia ni a la condici\u00f3n de pensionado.<br><br>Para emigrar con tu pareja, debes presentar <strong>su certificado de matrimonio debidamente autenticado o apostillado por la embajada de Panam\u00e1 en el pa\u00eds donde se encuentra <\/strong>y pagar la tarifa solicitada por las autoridades.<\/p>\n\n\n\n<p>Los jubilados que cumplan con estos requisitos generales podr\u00e1n ser elegibles para solicitar el Programa de Visa de Jubilado Pensionado en Panam\u00e1.<\/p>\n\n<\/div>\n\n<div class=\"gb-container gb-container-d6b1c3b4\">\n\n<h2 class=\"gb-headline gb-headline-9d2f0d92 gb-headline-text\"><span class=\"ez-toc-section\" id=\"Beneficios_de_la_visa_de_pensionado_en_Panama\"><\/span>Beneficios de la visa de pensionado en Panam\u00e1<span class=\"ez-toc-section-end\"><\/span><\/h2>\n\n\n\n<p class=\"gb-headline gb-headline-c559a541 gb-headline-text\">Jubilarse en Panam\u00e1 es m\u00e1s que una simple decisi\u00f3n financiera inteligente: es una mejora en su estilo de vida. Desde ahorros en impuestos hasta incre\u00edbles descuentos, la Visa de Pensionado ofrece beneficios que hacen que vivir aqu\u00ed sea c\u00f3modo y asequible. Adem\u00e1s, con la residencia permanente, se sentir\u00e1 como en casa en este hermoso pa\u00eds.<\/p>\n\n\n\n<h3 class=\"gb-headline gb-headline-5c9b5af4 gb-headline-text\">Ventajas fiscales en Panam\u00e1<\/h3>\n\n\n\n<p>Olv\u00eddese del impuesto sobre la renta sobre sus ingresos extranjeros. La Visa de Pensionado le permite conservar una mayor parte de su dinero, ya sea de la seguridad social, una pensi\u00f3n o ahorros para la jubilaci\u00f3n. Panam\u00e1 facilita que los jubilados disfruten del dinero que tanto les ha costado ganar.<\/p>\n\n\n\n<h3 class=\"gb-headline gb-headline-b937b494 gb-headline-text\">Beneficios de la visa para jubilados y pensionados<\/h3>\n\n\n\n<p>Con la Visa de Pensionado, obtienes acceso a importantes descuentos en servicios esenciales y actividades de ocio. Desde vuelos y hoteles hasta atenci\u00f3n m\u00e9dica y restaurantes, estos beneficios est\u00e1n dise\u00f1ados para que los jubilados disfruten de un estilo de vida c\u00f3modo y asequible en Panam\u00e1.<\/p>\n\n\n\n<h3 class=\"gb-headline gb-headline-40706147 gb-headline-text\">Tarjeta de residente permanente<\/h3>\n\n\n\n<figure class=\"wp-block-image size-large\"><img decoding=\"async\" width=\"1024\" height=\"576\" src=\"https:\/\/www.ndm.com.pa\/es\/wp-content\/uploads\/2026\/03\/image-1024x576.png\" alt=\"Arriba colocas como modelo de una tarjeta permanente, una que dice \u201cProvisional\u201d, la de los jubilados permanentes tiene una inscripci\u00f3n abajo, en letras rojas, que dice \u201cINDEFINIDO\u201d\" class=\"wp-image-7972\" title=\"9 Benefits of Pensionado Visa and Retiree Residence in Panama\" srcset=\"https:\/\/www.ndm.com.pa\/es\/wp-content\/uploads\/2026\/03\/image-1024x576.png 1024w, https:\/\/www.ndm.com.pa\/es\/wp-content\/uploads\/2026\/03\/image-300x169.png 300w, https:\/\/www.ndm.com.pa\/es\/wp-content\/uploads\/2026\/03\/image-768x432.png 768w, https:\/\/www.ndm.com.pa\/es\/wp-content\/uploads\/2026\/03\/image-1536x864.png 1536w, https:\/\/www.ndm.com.pa\/es\/wp-content\/uploads\/2026\/03\/image.png 1600w\" sizes=\"(max-width: 1024px) 100vw, 1024px\" \/><\/figure>\n\n\n\n<p>OJO: Arriba colocas como modelo de una tarjeta permanente, una que dice \u201cProvisional\u201d, la de los jubilados permanentes tiene una inscripci\u00f3n abajo, en letras rojas, que dice \u201cINDEFINIDO\u201d<\/p>\n\n\n\n<p>La residencia permanente significa que no tendr\u00e1s que hacer tr\u00e1mites complicados para quedarte en Panam\u00e1. Vive aqu\u00ed a tiempo completo, disfruta de todas las ventajas y olv\u00eddate de la necesidad de permisos de trabajo o renovaciones constantes. Es tu oportunidad de relajarte y disfrutar plenamente de tu jubilaci\u00f3n.<\/p>\n\n\n\n<h3 class=\"wp-block-heading\">Propiedad en Panam\u00e1 para titulares de visas de pensionado<\/h3>\n\n\n\n<p>Si tiene una Visa de Pensionado en Panam\u00e1, ser propietario de una propiedad aqu\u00ed es una opci\u00f3n fant\u00e1stica. Panam\u00e1 permite a los extranjeros, incluidos los titulares de Visa de Pensionado, comprar y poseer propiedades con los mismos derechos que los locales. No hay restricciones, por lo que puede invertir en terrenos, viviendas o incluso propiedades para alquilar.<\/p>\n\n\n\n<p>Muchos jubilados eligen comprar casas en Panam\u00e1 porque es asequible y el pa\u00eds tiene mucho que ofrecer. Ya sea que les gusten las tranquilas playas de Coronado, las frescas monta\u00f1as de Boquete o la vibrante vida urbana de Ciudad de Panam\u00e1, hay un lugar para todos. Adem\u00e1s, los impuestos sobre la propiedad son bastante bajos, y algunas casas de menos de $120,000 podr\u00edan incluso estar exentas de impuestos.<\/p>\n\n\n\n<p>Ser propietario tambi\u00e9n es una excelente manera de instalarse en su nueva vida en Panam\u00e1. Algunos jubilados incluso alquilan sus casas para obtener ingresos adicionales, especialmente en zonas populares donde los turistas suelen alojarse. Con los beneficios de su Visa de Pensionado y el bajo costo de vida, ser propietario en Panam\u00e1 puede ser una opci\u00f3n inteligente y emocionante.<\/p>\n\n\n<div class=\"gb-container gb-container-0ec4c649\">\n<div class=\"gb-grid-wrapper gb-grid-wrapper-2c4da3cd\">\n<div class=\"gb-grid-column gb-grid-column-7a7a14a2\"><div class=\"gb-container gb-container-7a7a14a2\" id=\"contacto\">\n\n<h3 class=\"gb-headline gb-headline-e0970646\" id=\"free-consultation\"><span class=\"gb-icon\"><svg aria-hidden=\"true\" role=\"img\" height=\"1em\" width=\"1em\" viewBox=\"0 0 512 512\" xmlns=\"http:\/\/www.w3.org\/2000\/svg\"><path fill=\"currentColor\" d=\"M464 64H48C21.49 64 0 85.49 0 112v288c0 26.51 21.49 48 48 48h416c26.51 0 48-21.49 48-48V112c0-26.51-21.49-48-48-48zm0 48v40.805c-22.422 18.259-58.168 46.651-134.587 106.49-16.841 13.247-50.201 45.072-73.413 44.701-23.208.375-56.579-31.459-73.413-44.701C106.18 199.465 70.425 171.067 48 152.805V112h416zM48 400V214.398c22.914 18.251 55.409 43.862 104.938 82.646 21.857 17.205 60.134 55.186 103.062 54.955 42.717.231 80.509-37.199 103.053-54.947 49.528-38.783 82.032-64.401 104.947-82.653V400H48z\"><\/path><\/svg><\/span><span class=\"gb-headline-text\">Te contactaremos<\/span><\/h3>\n\n\n\n\t\t\t\t\t\t<script>\n\t\t\t\t\t\t\twindow.hsFormsOnReady = window.hsFormsOnReady || [];\n\t\t\t\t\t\t\twindow.hsFormsOnReady.push(()=>{\n\t\t\t\t\t\t\t\thbspt.forms.create({\n\t\t\t\t\t\t\t\t\tportalId: 22633994,\n\t\t\t\t\t\t\t\t\tformId: \"65a5afb3-e520-4745-bfa0-ab5a1cb6982a\",\n\t\t\t\t\t\t\t\t\ttarget: \"#hbspt-form-1776294738000-5801334116\",\n\t\t\t\t\t\t\t\t\tregion: \"na1\",\n\t\t\t\t\t\t\t\t\t\n\t\t\t\t\t\t\t})});\n\t\t\t\t\t\t<\/script>\n\t\t\t\t\t\t<div class=\"hbspt-form\" id=\"hbspt-form-1776294738000-5801334116\"><\/div>\n\n<\/div><\/div>\n<\/div>\n<\/div>\n<\/div>\n<\/div>","protected":false},"excerpt":{"rendered":"<p>El programa de visas de Pensionados en Panam\u00e1 est\u00e1 dise\u00f1ado para ofrecer a los jubilados extranjeros una serie de beneficios fiscales, descuentos y exenciones en una amplia variedad de productos y servicios, para que el pensionado pueda vivir c\u00f3modamente en Panam\u00e1. Aspectos destacados de la visa de pensionado en Panam\u00e1 Tipo de programa Panam\u00e1 &#8230; <\/p>\n<p class=\"read-more-container\"><a title=\"Visa para Jubilados o pensionados en Panam\u00e1\" class=\"read-more button\" href=\"https:\/\/www.ndm.com.pa\/es\/servicios-legales\/derecho-migratorio\/visa-para-pensionados-en-panama\/#more-7256\" aria-label=\"Leer m\u00e1s sobre Visa para Jubilados o pensionados en Panam\u00e1\">Leer m\u00e1s<\/a><\/p>\n","protected":false},"author":1,"featured_media":7263,"parent":7208,"menu_order":0,"comment_status":"closed","ping_status":"closed","template":"","meta":{"content-type":"","inline_featured_image":false,"footnotes":""},"class_list":{"0":"post-7256","1":"page","2":"type-page","3":"status-publish","4":"has-post-thumbnail","6":"infinite-scroll-item"},"_links":{"self":[{"href":"https:\/\/www.ndm.com.pa\/es\/wp-json\/wp\/v2\/pages\/7256","targetHints":{"allow":["GET"]}}],"collection":[{"href":"https:\/\/www.ndm.com.pa\/es\/wp-json\/wp\/v2\/pages"}],"about":[{"href":"https:\/\/www.ndm.com.pa\/es\/wp-json\/wp\/v2\/types\/page"}],"author":[{"embeddable":true,"href":"https:\/\/www.ndm.com.pa\/es\/wp-json\/wp\/v2\/users\/1"}],"replies":[{"embeddable":true,"href":"https:\/\/www.ndm.com.pa\/es\/wp-json\/wp\/v2\/comments?post=7256"}],"version-history":[{"count":4,"href":"https:\/\/www.ndm.com.pa\/es\/wp-json\/wp\/v2\/pages\/7256\/revisions"}],"predecessor-version":[{"id":7973,"href":"https:\/\/www.ndm.com.pa\/es\/wp-json\/wp\/v2\/pages\/7256\/revisions\/7973"}],"up":[{"embeddable":true,"href":"https:\/\/www.ndm.com.pa\/es\/wp-json\/wp\/v2\/pages\/7208"}],"wp:featuredmedia":[{"embeddable":true,"href":"https:\/\/www.ndm.com.pa\/es\/wp-json\/wp\/v2\/media\/7263"}],"wp:attachment":[{"href":"https:\/\/www.ndm.com.pa\/es\/wp-json\/wp\/v2\/media?parent=7256"}],"curies":[{"name":"wp","href":"https:\/\/api.w.org\/{rel}","templated":true}]}}