{"id":7229,"date":"2024-10-30T21:22:06","date_gmt":"2024-10-30T21:22:06","guid":{"rendered":"https:\/\/www.ndm.com.pa\/es\/?page_id=7229"},"modified":"2025-08-06T15:58:08","modified_gmt":"2025-08-06T15:58:08","slug":"bienes-raices-en-panama","status":"publish","type":"page","link":"https:\/\/www.ndm.com.pa\/es\/bienes-raices-en-panama\/","title":{"rendered":"Bienes Ra\u00edces en Panam\u00e1"},"content":{"rendered":"<div class=\"gb-container gb-container-0ba5bf47\">\n<div class=\"gb-container gb-container-b46138df\">\n\n<p>Ya sea que est\u00e9 comprando o vendiendo, nuestras soluciones legales personalizadas atienden tanto a clientes locales como internacionales<strong>. Con un profundo conocimiento de las leyes de bienes ra\u00edces en Panam\u00e1, lo guiamos en el cumplimiento y las normativas.<\/strong> Conf\u00ede en nosotros como su socio confiable mientras explora las emocionantes oportunidades del mercado de bienes ra\u00edces en Panam\u00e1.<\/p>\n\n<\/div>\n\n<div class=\"gb-container gb-container-e74639b0\">\n\n<h2 class=\"gb-headline gb-headline-4b94d04a gb-headline-text\"><span class=\"ez-toc-section\" id=\"Asesoria_en_compra_y_venta_de_propiedades\"><\/span><strong><strong>Asesor\u00eda en compra y venta de propiedades<\/strong><\/strong><span class=\"ez-toc-section-end\"><\/span><\/h2>\n\n\n\n<p class=\"gb-headline gb-headline-a061128b gb-headline-text\">Ofrecemos apoyo integral en sus transacciones de bienes ra\u00edces, asegurando que sean legales y beneficien sus intereses. Nuestros servicios incluyen, entre otros:<\/p>\n\n\n\n<p class=\"gb-headline gb-headline-e97ca13f gb-headline-text\"><strong>Revisi\u00f3n de Contratos:<\/strong> Revisamos meticulosamente sus contratos de bienes ra\u00edces, asegurando que sean s\u00f3lidos y beneficiosos para sus intereses.<\/p>\n\n\n\n<p class=\"gb-headline gb-headline-97ce80de gb-headline-text\"><strong>Negociaci\u00f3n:<\/strong> Nuestro equipo negocia en su nombre, buscando asegurar los mejores t\u00e9rminos para sus transacciones de bienes ra\u00edces.<\/p>\n\n\n\n<p class=\"gb-headline gb-headline-4cbb8d7e gb-headline-text\"><strong>Verificaci\u00f3n de T\u00edtulos:<\/strong> Realizamos verificaciones exhaustivas de t\u00edtulos, asegur\u00e1ndonos de que la propiedad que est\u00e1 comprando o vendiendo tenga un t\u00edtulo claro.<\/p>\n\n\n\n<p class=\"gb-headline gb-headline-c100e5fe gb-headline-text\"><strong>Asistencia en el Cierre:<\/strong> Proveemos asistencia robusta durante el cierre, asegurando que todos los requisitos legales se cumplan.<\/p>\n\n\n<div class=\"gb-container gb-container-8820dbb9 gbp-card--border\"><a class=\"gb-container-link\" href=\"#free-consultation\"><\/a>\n<div class=\"gb-container gb-container-d9049b2e\">\n\n<h3 class=\"gb-headline gb-headline-9cfb7547 gb-headline-text\"><span class=\"ez-toc-section\" id=\"Expertos_en_Bienes_Raices_y_Comercial\"><\/span><strong>Expertos en Bienes Ra\u00edces y Comercial<\/strong><span class=\"ez-toc-section-end\"><\/span><\/h3>\n\n\n\n<div class=\"gb-headline gb-headline-1dd94b05 gb-headline-text\">Simplifique sus tratos inmobiliarios con nosotros.<\/div>\n\n<\/div>\n<\/div>\n<\/div>\n\n<div class=\"gb-container gb-container-019a24e1\">\n\n<h2 class=\"gb-headline gb-headline-f1671120 gb-headline-text\"><span class=\"ez-toc-section\" id=\"Creacion_y_Revision_de_Contratos_de_Arrendamiento\"><\/span><strong><strong><strong><strong><strong><strong>Creaci\u00f3n y Revisi\u00f3n de Contratos de Arrendamiento<\/strong><\/strong><\/strong><\/strong><\/strong><\/strong><span class=\"ez-toc-section-end\"><\/span><\/h2>\n\n\n\n<p class=\"gb-headline gb-headline-3d196b7f gb-headline-text\">Nuestro equipo asiste en la creaci\u00f3n y revisi\u00f3n de contratos de arrendamiento tanto residenciales como comerciales, alineados con sus intereses. Nuestros servicios incluyen, entre otros:<\/p>\n\n\n\n<p class=\"gb-headline gb-headline-b0de2159 gb-headline-text\"><strong>Creaci\u00f3n de Arrendamientos:<\/strong> Asistimos en la creaci\u00f3n de contratos de arrendamiento tanto residenciales como comerciales, asegurando que sean legales.<\/p>\n\n\n\n<p class=\"gb-headline gb-headline-9f012467 gb-headline-text\"><strong>Revisi\u00f3n de Arrendamientos:<\/strong> Nuestro equipo revisa y ajusta sus contratos de arrendamiento, garantizando que se ajusten a sus intereses.<\/p>\n\n\n\n<p class=\"gb-headline gb-headline-5e7979af gb-headline-text\"><strong>Negociaci\u00f3n: <\/strong>Negociamos los t\u00e9rminos de arrendamiento en su nombre, asegurando condiciones favorables para usted.<\/p>\n\n<\/div>\n\n<div class=\"gb-container gb-container-f33d9bc6\">\n\n<h2 class=\"gb-headline gb-headline-cb946417 gb-headline-text\" id=\"p-Conclusion\"><span class=\"ez-toc-section\" id=\"Empresas_de_Bienes_Raices\"><\/span><strong><strong><strong><strong><strong>Empresas de Bienes Ra\u00edces<\/strong><\/strong><\/strong><\/strong><\/strong><span class=\"ez-toc-section-end\"><\/span><\/h2>\n\n\n\n<p class=\"gb-headline gb-headline-053bdfa1 gb-headline-text\">Asesoramos en la creaci\u00f3n y administraci\u00f3n de diversos tipos de empresas de bienes ra\u00edces, asegurando que est\u00e9n estructuradas de manera efectiva y en cumplimiento con todas las leyes relevantes. Nuestros servicios incluyen, entre otros:<\/p>\n\n\n\n<p class=\"gb-headline gb-headline-3acf46c5 gb-headline-text\"><strong>Creaci\u00f3n de Empresas:<\/strong> Asesoramos en la creaci\u00f3n de diversos tipos de empresas de bienes ra\u00edces, asegurando que est\u00e9n estructuradas de manera efectiva.<\/p>\n\n\n\n<p class=\"gb-headline gb-headline-9a3b04e8 gb-headline-text\"><strong>Administraci\u00f3n de Empresas:<\/strong> Nuestro equipo asiste en la administraci\u00f3n de sus empresas de bienes ra\u00edces, asegurando que cumplan con todas las leyes relevantes.<\/p>\n\n\n<div class=\"gb-container gb-container-27c37f7b gbp-card--border\"><a class=\"gb-container-link\" href=\"#free-consultation\"><\/a>\n<div class=\"gb-container gb-container-15180995\">\n\n<h3 class=\"gb-headline gb-headline-67e7ffb2 gb-headline-text\"><span class=\"ez-toc-section\" id=\"Servicios_Legales_Confiables_en_Bienes_Raices\"><\/span><strong>Servicios Legales Confiables en Bienes Ra\u00edces<\/strong><span class=\"ez-toc-section-end\"><\/span><\/h3>\n\n\n\n<div class=\"gb-headline gb-headline-71b2c680 gb-headline-text\">Asegure sus inversiones inmobiliarias.<\/div>\n\n<\/div>\n<\/div>\n<\/div>\n\n<div class=\"gb-container gb-container-a569942d\">\n\n<h2 class=\"gb-headline gb-headline-f924b9a1 gb-headline-text\" id=\"Panama-friendly-nations-visa-countries\"><span class=\"ez-toc-section\" id=\"Financiamiento_y_Prestamos_Hipotecarios_de_Bienes_Raices\"><\/span><strong><strong><strong><strong><strong><strong><strong>Financiamiento y Pr\u00e9stamos Hipotecarios de Bienes Ra\u00edces<\/strong><\/strong><\/strong><\/strong><\/strong><\/strong><\/strong><span class=\"ez-toc-section-end\"><\/span><\/h2>\n\n\n\n<p class=\"gb-headline gb-headline-19ddd288 gb-headline-text\">Brindamos asesor\u00eda en la estructuraci\u00f3n y documentaci\u00f3n de pr\u00e9stamos e hipotecas de bienes ra\u00edces, asegurando que sus acuerdos de financiamiento sean en su mejor inter\u00e9s. Nuestros servicios incluyen, entre otros:<\/p>\n\n\n\n<p class=\"gb-headline gb-headline-c7917bae gb-headline-text\"><strong>Asesor\u00eda de Financiamiento:<\/strong> Brindamos asesor\u00eda en la estructuraci\u00f3n de pr\u00e9stamos e hipotecas de bienes ra\u00edces, asegurando que sus acuerdos de financiamiento sean en su mejor inter\u00e9s.<\/p>\n\n\n\n<p class=\"gb-headline gb-headline-f01002a4 gb-headline-text\"><strong>Documentaci\u00f3n:<\/strong> Nuestro equipo asiste en la documentaci\u00f3n de sus pr\u00e9stamos e hipotecas, asegurando que sean legalmente v\u00e1lidos.<\/p>\n\n<\/div>\n\n<div class=\"gb-container gb-container-93eed896\">\n\n<h2 class=\"gb-headline gb-headline-77048157 gb-headline-text\" id=\"p-Conclusion\"><span class=\"ez-toc-section\" id=\"Litigios_Comerciales\"><\/span><strong><strong><strong><strong>Litigios Comerciales<\/strong><\/strong><\/strong><\/strong><span class=\"ez-toc-section-end\"><\/span><\/h2>\n\n\n\n<p class=\"gb-headline gb-headline-312e900f gb-headline-text\">Lo representamos en disputas comerciales relacionadas con bienes ra\u00edces, protegiendo sus intereses en cualquier litigio. Nuestros servicios incluyen, entre otros:<\/p>\n\n\n\n<p class=\"gb-headline gb-headline-bf39e862 gb-headline-text\"><strong>Representaci\u00f3n:<\/strong> Lo representamos en disputas comerciales relacionadas con bienes ra\u00edces, protegiendo sus intereses en cualquier litigio.<\/p>\n\n\n\n<p class=\"gb-headline gb-headline-bab449d5 gb-headline-text\"><strong>Resoluci\u00f3n de Disputas:<\/strong> Nuestro equipo se esfuerza por resolver disputas de manera efectiva, minimizando el impacto en sus operaciones de bienes ra\u00edces.<\/p>\n\n\n<div class=\"gb-container gb-container-374a3aad gbp-card--border\"><a class=\"gb-container-link\" href=\"#free-consultation\"><\/a>\n<div class=\"gb-container gb-container-012f0b36\">\n\n<h3 class=\"gb-headline gb-headline-82530a24 gb-headline-text\"><span class=\"ez-toc-section\" id=\"Apoyo_en_Bienes_Raices_y_Comercial\"><\/span><strong>Apoyo en Bienes Ra\u00edces y Comercial<\/strong><span class=\"ez-toc-section-end\"><\/span><\/h3>\n\n\n\n<div class=\"gb-headline gb-headline-998d5010 gb-headline-text\">Proteja sus inversiones comerciales.<\/div>\n\n<\/div>\n<\/div>\n<\/div>\n\n<div class=\"gb-container gb-container-a0aa8167\">\n\n<h2 class=\"gb-headline gb-headline-9a9c1438 gb-headline-text\" id=\"p-Conclusion\"><span class=\"ez-toc-section\" id=\"Asesoria_Fiscal_en_Bienes_Raices\"><\/span><strong><strong><strong><strong><strong><strong>Asesor\u00eda Fiscal en Bienes Ra\u00edces<\/strong><\/strong><\/strong><\/strong><\/strong><\/strong><span class=\"ez-toc-section-end\"><\/span><\/h2>\n\n\n\n<p class=\"gb-headline gb-headline-08026c1e gb-headline-text\">Asistimos en la planificaci\u00f3n fiscal de bienes ra\u00edces y lo representamos en disputas fiscales, ayud\u00e1ndole a optimizar su posici\u00f3n tributaria. Nuestros servicios incluyen, entre otros:<\/p>\n\n\n\n<p class=\"gb-headline gb-headline-34866255 gb-headline-text\"><strong>Planificaci\u00f3n Fiscal:<\/strong> Asistimos en la planificaci\u00f3n fiscal de bienes ra\u00edces para compras y ventas, ayud\u00e1ndole a optimizar su posici\u00f3n tributaria.<\/p>\n\n\n\n<p class=\"gb-headline gb-headline-88283b39 gb-headline-text\"><strong>Representaci\u00f3n:<\/strong> Lo representamos en disputas fiscales de bienes ra\u00edces, buscando resolverlas a su favor.<\/p>\n\n<\/div>\n\n<div class=\"gb-container gb-container-158a29c1\">\n\n<h2 class=\"gb-headline gb-headline-805342bb gb-headline-text\"><span class=\"ez-toc-section\" id=\"Conclusion\"><\/span><strong><strong>Conclusi\u00f3n<\/strong><\/strong><span class=\"ez-toc-section-end\"><\/span><\/h2>\n\n\n\n<p class=\"gb-headline gb-headline-d46e7d1c gb-headline-text\">En NDM Law Firm and Associates, estamos comprometidos en brindar servicios integrales en bienes ra\u00edces que se alineen con sus objetivos. Ya sea que est\u00e9 comprando, vendiendo, arrendando o administrando bienes ra\u00edces, estamos aqu\u00ed para guiarlo en cada paso del proceso. Cont\u00e1ctenos hoy para programar una consulta.<\/p>\n\n<\/div>\n\n<div class=\"gb-container gb-container-0ec4c649\">\n<div class=\"gb-grid-wrapper gb-grid-wrapper-2c4da3cd\">\n<div class=\"gb-grid-column gb-grid-column-7a7a14a2\"><div class=\"gb-container gb-container-7a7a14a2\" id=\"contacto\">\n\n<h3 class=\"gb-headline gb-headline-e0970646\" id=\"free-consultation\"><span class=\"ez-toc-section\" id=\"Te_contactaremos\"><\/span><span class=\"gb-icon\"><svg aria-hidden=\"true\" role=\"img\" height=\"1em\" width=\"1em\" viewBox=\"0 0 512 512\" xmlns=\"http:\/\/www.w3.org\/2000\/svg\"><path fill=\"currentColor\" d=\"M464 64H48C21.49 64 0 85.49 0 112v288c0 26.51 21.49 48 48 48h416c26.51 0 48-21.49 48-48V112c0-26.51-21.49-48-48-48zm0 48v40.805c-22.422 18.259-58.168 46.651-134.587 106.49-16.841 13.247-50.201 45.072-73.413 44.701-23.208.375-56.579-31.459-73.413-44.701C106.18 199.465 70.425 171.067 48 152.805V112h416zM48 400V214.398c22.914 18.251 55.409 43.862 104.938 82.646 21.857 17.205 60.134 55.186 103.062 54.955 42.717.231 80.509-37.199 103.053-54.947 49.528-38.783 82.032-64.401 104.947-82.653V400H48z\"><\/path><\/svg><\/span><span class=\"gb-headline-text\">Te contactaremos<\/span><span class=\"ez-toc-section-end\"><\/span><\/h3>\n\n\n\n\t\t\t\t\t\t<script>\n\t\t\t\t\t\t\twindow.hsFormsOnReady = window.hsFormsOnReady || [];\n\t\t\t\t\t\t\twindow.hsFormsOnReady.push(()=>{\n\t\t\t\t\t\t\t\thbspt.forms.create({\n\t\t\t\t\t\t\t\t\tportalId: 22633994,\n\t\t\t\t\t\t\t\t\tformId: \"65a5afb3-e520-4745-bfa0-ab5a1cb6982a\",\n\t\t\t\t\t\t\t\t\ttarget: \"#hbspt-form-1776300071000-3939882454\",\n\t\t\t\t\t\t\t\t\tregion: \"na1\",\n\t\t\t\t\t\t\t\t\t\n\t\t\t\t\t\t\t})});\n\t\t\t\t\t\t<\/script>\n\t\t\t\t\t\t<div class=\"hbspt-form\" id=\"hbspt-form-1776300071000-3939882454\"><\/div>\n\n<\/div><\/div>\n<\/div>\n<\/div>\n<\/div>","protected":false},"excerpt":{"rendered":"<p>Ya sea que est\u00e9 comprando o vendiendo, nuestras soluciones legales personalizadas atienden tanto a clientes locales como internacionales. Con un profundo conocimiento de las leyes de bienes ra\u00edces en Panam\u00e1, lo guiamos en el cumplimiento y las normativas. Conf\u00ede en nosotros como su socio confiable mientras explora las emocionantes oportunidades del mercado de bienes &#8230; <\/p>\n<p class=\"read-more-container\"><a title=\"Bienes Ra\u00edces en Panam\u00e1\" class=\"read-more button\" href=\"https:\/\/www.ndm.com.pa\/es\/bienes-raices-en-panama\/#more-7229\" aria-label=\"Leer m\u00e1s sobre Bienes Ra\u00edces en Panam\u00e1\">Leer m\u00e1s<\/a><\/p>\n","protected":false},"author":1,"featured_media":0,"parent":0,"menu_order":0,"comment_status":"closed","ping_status":"closed","template":"","meta":{"content-type":"","inline_featured_image":false,"footnotes":""},"class_list":{"0":"post-7229","1":"page","2":"type-page","3":"status-publish","5":"infinite-scroll-item"},"_links":{"self":[{"href":"https:\/\/www.ndm.com.pa\/es\/wp-json\/wp\/v2\/pages\/7229","targetHints":{"allow":["GET"]}}],"collection":[{"href":"https:\/\/www.ndm.com.pa\/es\/wp-json\/wp\/v2\/pages"}],"about":[{"href":"https:\/\/www.ndm.com.pa\/es\/wp-json\/wp\/v2\/types\/page"}],"author":[{"embeddable":true,"href":"https:\/\/www.ndm.com.pa\/es\/wp-json\/wp\/v2\/users\/1"}],"replies":[{"embeddable":true,"href":"https:\/\/www.ndm.com.pa\/es\/wp-json\/wp\/v2\/comments?post=7229"}],"version-history":[{"count":6,"href":"https:\/\/www.ndm.com.pa\/es\/wp-json\/wp\/v2\/pages\/7229\/revisions"}],"predecessor-version":[{"id":7271,"href":"https:\/\/www.ndm.com.pa\/es\/wp-json\/wp\/v2\/pages\/7229\/revisions\/7271"}],"wp:attachment":[{"href":"https:\/\/www.ndm.com.pa\/es\/wp-json\/wp\/v2\/media?parent=7229"}],"curies":[{"name":"wp","href":"https:\/\/api.w.org\/{rel}","templated":true}]}}