{"id":58,"date":"2024-10-15T16:44:36","date_gmt":"2024-10-15T16:44:36","guid":{"rendered":"https:\/\/www.ndm.com.pa\/es\/?page_id=58"},"modified":"2026-03-19T18:43:13","modified_gmt":"2026-03-19T18:43:13","slug":"abogados-y-consultores","status":"publish","type":"page","link":"https:\/\/www.ndm.com.pa\/es\/bufete-de-abogados\/abogados-y-consultores\/","title":{"rendered":"Abogados y Consultores"},"content":{"rendered":"\n<p class=\"gb-headline gb-headline-a1c71756 gb-headline-text\">En nuestro bufete de abogados, contamos con un equipo dedicado de abogados experimentados en Panam\u00e1 y consultores expertos. Con un profundo conocimiento de las leyes y regulaciones de inmigraci\u00f3n, nuestro equipo est\u00e1 comprometido en ofrecer servicios legales y asesoramiento excepcionales. Ya sea que est\u00e9s buscando asistencia con solicitudes de visa, servicios legales fiscales o navegando asuntos complejos de inmigraci\u00f3n.<\/p>\n\n\n<div class=\"gb-container gb-container-30398763 gbp-section\">\n<div class=\"gb-container gb-container-81d75bbc\">\n<div class=\"gb-grid-wrapper gb-grid-wrapper-9a333aa9\">\n<div class=\"gb-grid-column gb-grid-column-fbbd4cd0\"><div class=\"gb-container gb-container-fbbd4cd0\">\n\n<h2 class=\"gb-headline gb-headline-b4985d6e gb-headline-text gbp-section__headline\"><span class=\"ez-toc-section\" id=\"Abogados_de_Panama\"><\/span>Abogados de Panam\u00e1<span class=\"ez-toc-section-end\"><\/span><\/h2>\n\n\n\n<div class=\"gb-headline gb-headline-effcbf48 gb-headline-text gbp-section__text\"><strong>Nuestro abogado y expertos en inmigraci\u00f3n de Panam\u00e1 est\u00e1n aqu\u00ed para defender sus derechos y ayudarle a alcanzar sus objetivos de inmigraci\u00f3n y arbitraje.<\/strong><\/div>\n\n<\/div><\/div>\n\n<div class=\"gb-grid-column gb-grid-column-8ed50417\"><div class=\"gb-container gb-container-8ed50417\">\n\n<figure class=\"gb-block-image gb-block-image-fc11174c\"><img decoding=\"async\" class=\"gb-image gb-image-fc11174c\" src=\"https:\/\/www.ndm.com.pa\/wp-content\/uploads\/2026\/03\/Melva-Herrera-NDM-law-Firm-scaled.webp\" alt=\"\" title=\"Melva Herrera NDM law Firm\"><\/figure>\n\n\n<div class=\"gb-container gb-container-02e46e0a\">\n\n<div class=\"gb-headline gb-headline-60733427 gb-headline-text\">Melva Herrera<\/div>\n\n\n\n<div class=\"gb-headline gb-headline-0d32e4ea gb-headline-text\">Socio fundador<\/div>\n\n<\/div>\n<\/div><\/div>\n\n<div class=\"gb-grid-column gb-grid-column-620de1ce\"><div class=\"gb-container gb-container-620de1ce\">\n\n<figure class=\"gb-block-image gb-block-image-9373bcea\"><img decoding=\"async\" class=\"gb-image gb-image-9373bcea\" src=\"https:\/\/www.ndm.com.pa\/wp-content\/uploads\/2026\/03\/Nisim-Lici-NDM-law-Firm-scaled.webp\" alt=\"\" title=\"Nisim Lici NDM law Firm\"><\/figure>\n\n\n<div class=\"gb-container gb-container-b9eefb6c\">\n\n<div class=\"gb-headline gb-headline-a40fe72c gb-headline-text\">Nisim Lici<\/div>\n\n\n\n<div class=\"gb-headline gb-headline-c6479c46 gb-headline-text\">Gerente General<\/div>\n\n<\/div>\n<\/div><\/div>\n\n<div class=\"gb-grid-column gb-grid-column-93d86f8b\"><div class=\"gb-container gb-container-93d86f8b\">\n\n<figure class=\"gb-block-image gb-block-image-425ddcc3\"><img decoding=\"async\" class=\"gb-image gb-image-425ddcc3\" src=\"https:\/\/www.ndm.com.pa\/wp-content\/uploads\/2026\/03\/Leysa-Segura-NDM-law-Firm-scaled.webp\" alt=\"\" title=\"Leysa Segura NDM law Firm\"><\/figure>\n\n\n<div class=\"gb-container gb-container-4bbe2778\">\n\n<div class=\"gb-headline gb-headline-87fd2901 gb-headline-text\">Leysa Segura<\/div>\n\n\n\n<div class=\"gb-headline gb-headline-6d6131e7 gb-headline-text\">Asociado Junior<\/div>\n\n<\/div>\n<\/div><\/div>\n\n<div class=\"gb-grid-column gb-grid-column-0bdc9f18\"><div class=\"gb-container gb-container-0bdc9f18\">\n\n<figure class=\"gb-block-image gb-block-image-40bd1636\"><img decoding=\"async\" class=\"gb-image gb-image-40bd1636\" src=\"https:\/\/www.ndm.com.pa\/wp-content\/uploads\/2026\/03\/Reiniero-Espinoza-NDM-law-Firm-scaled.webp\" alt=\"\" title=\"Reiniero Espinoza NDM law Firm\"><\/figure>\n\n\n<div class=\"gb-container gb-container-63647baa\">\n\n<div class=\"gb-headline gb-headline-0a5dab30 gb-headline-text\">Reiniero Espinoza<\/div>\n\n\n\n<div class=\"gb-headline gb-headline-5cb4d739 gb-headline-text\">Abogado<\/div>\n\n<\/div>\n<\/div><\/div>\n\n<div class=\"gb-grid-column gb-grid-column-ea5490be\"><div class=\"gb-container gb-container-ea5490be\">\n\n<figure class=\"gb-block-image gb-block-image-b674093e\"><img decoding=\"async\" class=\"gb-image gb-image-b674093e\" src=\"https:\/\/www.ndm.com.pa\/wp-content\/uploads\/2026\/03\/Cristopher-Herrera-NDM-law-Firm-scaled.webp\" alt=\"\" title=\"Cristopher Herrera NDM law Firm\"><\/figure>\n\n\n<div class=\"gb-container gb-container-a23ec96f\">\n\n<div class=\"gb-headline gb-headline-c21c487d gb-headline-text\">Cristopher Herrera<\/div>\n\n\n\n<div class=\"gb-headline gb-headline-859ec9ad gb-headline-text\">Asistente legal<\/div>\n\n<\/div>\n<\/div><\/div>\n\n<div class=\"gb-grid-column gb-grid-column-b1967d51\"><div class=\"gb-container gb-container-b1967d51\">\n\n<figure class=\"gb-block-image gb-block-image-2c348f07\"><img decoding=\"async\" class=\"gb-image gb-image-2c348f07\" src=\"https:\/\/www.ndm.com.pa\/wp-content\/uploads\/2026\/03\/Leonardo-Reyes-NDM-law-Firm-scaled.webp\" alt=\"\" title=\"Leonardo Reyes NDM law Firm\"><\/figure>\n\n\n<div class=\"gb-container gb-container-10dd0c64\">\n\n<div class=\"gb-headline gb-headline-75d768e9 gb-headline-text\">Leonardo Reyes<\/div>\n\n\n\n<div class=\"gb-headline gb-headline-13e55d8d gb-headline-text\">Asistente legal<\/div>\n\n<\/div>\n<\/div><\/div>\n\n<div class=\"gb-grid-column gb-grid-column-5caea4bd\"><div class=\"gb-container gb-container-5caea4bd\">\n\n<figure class=\"gb-block-image gb-block-image-f7621a43\"><img decoding=\"async\" class=\"gb-image gb-image-f7621a43\" src=\"https:\/\/www.ndm.com.pa\/wp-content\/uploads\/2026\/03\/Monserrat-Salgado-NDM-law-Firm-scaled.webp\" alt=\"\" title=\"Monserrat Salgado NDM law Firm\"><\/figure>\n\n\n<div class=\"gb-container gb-container-39f9a970\">\n\n<div class=\"gb-headline gb-headline-04fc536f gb-headline-text\">Monserrat Salgado<\/div>\n\n\n\n<div class=\"gb-headline gb-headline-666e5aec gb-headline-text\">Asistente legal<\/div>\n\n<\/div>\n<\/div><\/div>\n\n<div class=\"gb-grid-column gb-grid-column-b03e149b\"><div class=\"gb-container gb-container-b03e149b\">\n\n<figure class=\"gb-block-image gb-block-image-0435955b\"><img decoding=\"async\" class=\"gb-image gb-image-0435955b\" src=\"https:\/\/www.ndm.com.pa\/wp-content\/uploads\/2026\/03\/Rhyna-Talavera-NDM-law-Firm-scaled.webp\" alt=\"\" title=\"Rhyna Talavera NDM law Firm\"><\/figure>\n\n\n<div class=\"gb-container gb-container-e42d0918\">\n\n<div class=\"gb-headline gb-headline-5a36e533 gb-headline-text\">Rhyna Talavera<\/div>\n\n\n\n<div class=\"gb-headline gb-headline-1d519f74 gb-headline-text\">Asistente legal<\/div>\n\n<\/div>\n<\/div><\/div>\n\n<div class=\"gb-grid-column gb-grid-column-e278c1af\"><div class=\"gb-container gb-container-e278c1af\">\n\n<figure class=\"gb-block-image gb-block-image-673fde94\"><img decoding=\"async\" class=\"gb-image gb-image-673fde94\" src=\"https:\/\/www.ndm.com.pa\/wp-content\/uploads\/2026\/03\/Gabriel-Grajales-NDM-law-Firm-scaled.webp\" alt=\"\" title=\"Gabriel Grajales NDM law Firm\"><\/figure>\n\n\n<div class=\"gb-container gb-container-c3f693dc\">\n\n<div class=\"gb-headline gb-headline-14290ac9 gb-headline-text\">Gabriel Grajales<\/div>\n\n\n\n<div class=\"gb-headline gb-headline-ca12e037 gb-headline-text\">Asistente legal<\/div>\n\n<\/div>\n<\/div><\/div>\n\n<div class=\"gb-grid-column gb-grid-column-91f34b3a\"><div class=\"gb-container gb-container-91f34b3a\">\n\n<figure class=\"gb-block-image gb-block-image-13774d9e\"><img decoding=\"async\" class=\"gb-image gb-image-13774d9e\" src=\"https:\/\/www.ndm.com.pa\/wp-content\/uploads\/2026\/03\/Sophia-Teano-NDM-law-Firm-scaled.webp\" alt=\"\" title=\"Sophia Teano NDM law Firm\"><\/figure>\n\n\n<div class=\"gb-container gb-container-03404d31\">\n\n<div class=\"gb-headline gb-headline-44d1f5fe gb-headline-text\">Sophia Teano<\/div>\n\n\n\n<div class=\"gb-headline gb-headline-21ea4393 gb-headline-text\">Asistente legal<\/div>\n\n<\/div>\n<\/div><\/div>\n\n<div class=\"gb-grid-column gb-grid-column-0f9ed1c4\"><div class=\"gb-container gb-container-0f9ed1c4\">\n\n<figure class=\"gb-block-image gb-block-image-7850a61e\"><img decoding=\"async\" class=\"gb-image gb-image-7850a61e\" src=\"https:\/\/www.ndm.com.pa\/wp-content\/uploads\/2026\/03\/Edgar-Menendez-NDM-law-Firm-scaled.webp\" alt=\"\" title=\"Edgar Menendez NDM law Firm\"><\/figure>\n\n\n<div class=\"gb-container gb-container-34cc58e7\">\n\n<div class=\"gb-headline gb-headline-7c78fcbe gb-headline-text\">Edgar Menendez <\/div>\n\n\n\n<div class=\"gb-headline gb-headline-1e2959ef gb-headline-text\">Asistente legal<\/div>\n\n<\/div>\n<\/div><\/div>\n\n<div class=\"gb-grid-column gb-grid-column-5fda6c4e\"><div class=\"gb-container gb-container-5fda6c4e\">\n\n<figure class=\"gb-block-image gb-block-image-f1852e51\"><img decoding=\"async\" class=\"gb-image gb-image-f1852e51\" src=\"https:\/\/www.ndm.com.pa\/wp-content\/uploads\/2026\/03\/Emily-Cocheran-NDM-law-Firm-scaled.webp\" alt=\"\" title=\"Emily Cocheran NDM law Firm\"><\/figure>\n\n\n<div class=\"gb-container gb-container-e9693f1b\">\n\n<div class=\"gb-headline gb-headline-7c4e40d5 gb-headline-text\">Emily Cocheran<\/div>\n\n\n\n<div class=\"gb-headline gb-headline-0d0ca5c4 gb-headline-text\">Asistente legal<\/div>\n\n<\/div>\n<\/div><\/div>\n\n<div class=\"gb-grid-column gb-grid-column-cad1f7ef\"><div class=\"gb-container gb-container-cad1f7ef\">\n\n<figure class=\"gb-block-image gb-block-image-f9f625c4\"><img decoding=\"async\" class=\"gb-image gb-image-f9f625c4\" src=\"https:\/\/www.ndm.com.pa\/wp-content\/uploads\/2026\/03\/Nicole-Watnik-NDM-law-Firm-scaled.webp\" alt=\"\" title=\"Nicole Watnik NDM law Firm\"><\/figure>\n\n\n<div class=\"gb-container gb-container-1db5bd2b\">\n\n<div class=\"gb-headline gb-headline-1bee9c73 gb-headline-text\">Nicole Watnik<\/div>\n\n\n\n<div class=\"gb-headline gb-headline-5cbd9197 gb-headline-text\">Asistente legal<\/div>\n\n<\/div>\n<\/div><\/div>\n\n<div class=\"gb-grid-column gb-grid-column-6b132aa2\"><div class=\"gb-container gb-container-6b132aa2\">\n\n<figure class=\"gb-block-image gb-block-image-e9fe9a2f\"><img decoding=\"async\" class=\"gb-image gb-image-e9fe9a2f\" src=\"https:\/\/www.ndm.com.pa\/wp-content\/uploads\/2026\/03\/Monica-Rojas-NDM-law-Firm-scaled.webp\" alt=\"\" title=\"Monica Rojas NDM law Firm\"><\/figure>\n\n\n<div class=\"gb-container gb-container-e311d265\">\n\n<div class=\"gb-headline gb-headline-cfd7e6f8 gb-headline-text\">Monica Rojas<\/div>\n\n\n\n<div class=\"gb-headline gb-headline-9e45e095 gb-headline-text\">Servicio de atenci\u00f3n al cliente<\/div>\n\n<\/div>\n<\/div><\/div>\n\n<div class=\"gb-grid-column gb-grid-column-b0be251d\"><div class=\"gb-container gb-container-b0be251d\">\n\n<figure class=\"gb-block-image gb-block-image-6699c56b\"><img decoding=\"async\" class=\"gb-image gb-image-6699c56b\" src=\"https:\/\/www.ndm.com.pa\/wp-content\/uploads\/2026\/03\/Yudelki-Mojica-NDM-law-Firm-scaled.webp\" alt=\"\" title=\"Yudelki Mojica NDM law Firm\"><\/figure>\n\n\n<div class=\"gb-container gb-container-dc635a08\">\n\n<div class=\"gb-headline gb-headline-431dec71 gb-headline-text\">Yudelki Mojica<\/div>\n\n\n\n<div class=\"gb-headline gb-headline-e4dc949a gb-headline-text\">Gerente administrativo<\/div>\n\n<\/div>\n<\/div><\/div>\n\n<div class=\"gb-grid-column gb-grid-column-f46efa6d\"><div class=\"gb-container gb-container-f46efa6d\">\n\n<figure class=\"gb-block-image gb-block-image-3d2ff9d3\"><img decoding=\"async\" class=\"gb-image gb-image-3d2ff9d3\" src=\"https:\/\/www.ndm.com.pa\/wp-content\/uploads\/2026\/03\/Jesus-Rojas-NDM-law-Firm-scaled.webp\" alt=\"\" title=\"Jesus Rojas NDM law Firm\"><\/figure>\n\n\n<div class=\"gb-container gb-container-4f5947f7\">\n\n<div class=\"gb-headline gb-headline-1b9bd4d9 gb-headline-text\">Jes\u00fas Rojas <\/div>\n\n\n\n<div class=\"gb-headline gb-headline-2b34d9e4 gb-headline-text\">Gerente de Marketing<\/div>\n\n<\/div>\n<\/div><\/div>\n\n<div class=\"gb-grid-column gb-grid-column-211b82b8\"><div class=\"gb-container gb-container-211b82b8\">\n\n<figure class=\"gb-block-image gb-block-image-4c092785\"><img decoding=\"async\" class=\"gb-image gb-image-4c092785\" src=\"https:\/\/www.ndm.com.pa\/wp-content\/uploads\/2026\/03\/Camille-Martinez-NDM-law-Firm-scaled.webp\" alt=\"\" title=\"Camille Martinez NDM law Firm\"><\/figure>\n\n\n<div class=\"gb-container gb-container-b9c7c9b1\">\n\n<div class=\"gb-headline gb-headline-18c4fded gb-headline-text\">Camille Martinez<\/div>\n\n\n\n<div class=\"gb-headline gb-headline-40f549b1 gb-headline-text\">Administrador de la comunidad<\/div>\n\n<\/div>\n<\/div><\/div>\n<\/div>\n\n<div class=\"gb-container gb-container-5989903a\">\n<div class=\"gb-grid-wrapper gb-grid-wrapper-36169e81\">\n<div class=\"gb-grid-column gb-grid-column-d78ac164\"><div class=\"gb-container gb-container-d78ac164\">\n\n<h2 class=\"gb-headline gb-headline-a3a67063 gb-headline-text\"><span class=\"ez-toc-section\" id=\"Expertos_legales_en_Panama\"><\/span>Expertos legales en Panam\u00e1<span class=\"ez-toc-section-end\"><\/span><\/h2>\n\n\n\n<p><strong>Nuestro equipo de abogados de inmigraci\u00f3n y expertos internacionales est\u00e1 aqu\u00ed para guiarlo y apoyarlo. Estamos comprometidos a ayudarle a alcanzar sus objetivos de inmigraci\u00f3n, legales y de arbitraje con asistencia profesional y confiable.<\/strong><\/p>\n\n<\/div><\/div>\n\n<div class=\"gb-grid-column gb-grid-column-c94919d9\"><div class=\"gb-container gb-container-c94919d9\">\n\n<figure class=\"gb-block-image gb-block-image-d4a68553\"><img decoding=\"async\" class=\"gb-image gb-image-d4a68553\" src=\"https:\/\/www.ndm.com.pa\/wp-content\/uploads\/2023\/07\/FOTOS-DEL-TEAM-10.svg\" alt=\"\" title=\"Amarilis Chavez\"><\/figure>\n\n\n<div class=\"gb-container gb-container-098b31fb\">\n\n<div class=\"gb-headline gb-headline-b5798bc5 gb-headline-text\">Amarilis Chavez<\/div>\n\n\n\n<div class=\"gb-headline gb-headline-a29918f4 gb-headline-text\">Socio fundador<\/div>\n\n<\/div>\n<\/div><\/div>\n\n<div class=\"gb-grid-column gb-grid-column-f12c4bd1\"><div class=\"gb-container gb-container-f12c4bd1\">\n\n<figure class=\"gb-block-image gb-block-image-d0a985e3\"><img decoding=\"async\" class=\"gb-image gb-image-d0a985e3\" src=\"https:\/\/www.ndm.com.pa\/wp-content\/uploads\/2023\/07\/FOTOS-DEL-TEAM-02.svg\" alt=\"\" title=\"FOTOS DEL TEAM-02\"><\/figure>\n\n\n<div class=\"gb-container gb-container-f767948a\">\n\n<div class=\"gb-headline gb-headline-2c69d841 gb-headline-text\">Daniela Marcos<\/div>\n\n\n\n<div class=\"gb-headline gb-headline-b545ead2 gb-headline-text\">Asociado Senior<\/div>\n\n<\/div>\n<\/div><\/div>\n\n<div class=\"gb-grid-column gb-grid-column-32ae8c1d\"><div class=\"gb-container gb-container-32ae8c1d\">\n\n<figure class=\"gb-block-image gb-block-image-8df66dc5\"><img decoding=\"async\" class=\"gb-image gb-image-8df66dc5\" src=\"https:\/\/www.ndm.com.pa\/wp-content\/uploads\/2023\/07\/FOTOS-DEL-TEAM-03.svg\" alt=\"\" title=\"FOTOS DEL TEAM-03\"><\/figure>\n\n\n<div class=\"gb-container gb-container-3a31d05f\">\n\n<div class=\"gb-headline gb-headline-8eef8cf4 gb-headline-text\">Oliver Chacon<\/div>\n\n\n\n<div class=\"gb-headline gb-headline-ddd288f7 gb-headline-text\">Asociado Senior<\/div>\n\n<\/div>\n<\/div><\/div>\n<\/div>\n<\/div>\n\n<div class=\"gb-container gb-container-4685a712\">\n\n<h2 class=\"gb-headline gb-headline-1a74f844 gb-headline-text\"><span class=\"ez-toc-section\" id=\"MCO_Abogados_Asociados_%E2%80%93_Spain\"><\/span>MCO Abogados &amp; Asociados &#8211; Spain <span class=\"ez-toc-section-end\"><\/span><\/h2>\n\n\n<div class=\"gb-grid-wrapper gb-grid-wrapper-f45447a9\">\n<div class=\"gb-grid-column gb-grid-column-1a19b3e7\"><div class=\"gb-container gb-container-1a19b3e7\">\n\n<figure class=\"gb-block-image gb-block-image-9a38b118\"><img decoding=\"async\" class=\"gb-image gb-image-9a38b118\" src=\"https:\/\/www.ndm.com.pa\/wp-content\/uploads\/2026\/03\/MABEL-MCO-Abogados-Asociados-scaled.webp\" alt=\"\" title=\"MABEL MCO Abogados &amp; Asociados\"><\/figure>\n\n\n<div class=\"gb-container gb-container-2d2ab033\">\n\n<div class=\"gb-headline gb-headline-4ab04e7f gb-headline-text\">Mabel Pantoja<\/div>\n\n\n\n<div class=\"gb-headline gb-headline-f2faa92f gb-headline-text\">Gesti\u00f3n Global de MCO<\/div>\n\n<\/div>\n<\/div><\/div>\n\n<div class=\"gb-grid-column gb-grid-column-a748e487\"><div class=\"gb-container gb-container-a748e487\">\n\n<figure class=\"wp-block-image size-full\"><img decoding=\"async\" src=\"https:\/\/www.ndm.com.pa\/wp-content\/uploads\/2026\/03\/ULISES-MCO-Abogados-Asociados-scaled.webp\" alt=\"\" class=\"wp-image-8041\" title=\"\"><\/figure>\n\n\n<div class=\"gb-container gb-container-ccb4226c\">\n\n<div class=\"gb-headline gb-headline-85fb5139 gb-headline-text\">Ulises Moral<\/div>\n\n\n\n<div class=\"gb-headline gb-headline-c4e1b0b1 gb-headline-text\">Fundador de MCO<\/div>\n\n<\/div>\n<\/div><\/div>\n\n<div class=\"gb-grid-column gb-grid-column-8cbcdbb8\"><div class=\"gb-container gb-container-8cbcdbb8\">\n\n<figure class=\"gb-block-image gb-block-image-2e502c30\"><img decoding=\"async\" class=\"gb-image gb-image-2e502c30\" src=\"https:\/\/www.ndm.com.pa\/wp-content\/uploads\/2026\/03\/ESTHER-MCO-Abogados-Asociados-scaled.webp\" alt=\"\" title=\"ESTHER MCO Abogados &amp; Asociados\"><\/figure>\n\n\n<div class=\"gb-container gb-container-389e0896\">\n\n<div class=\"gb-headline gb-headline-b7c3c506 gb-headline-text\">Esther Parra<\/div>\n\n\n\n<div class=\"gb-headline gb-headline-28b9154c gb-headline-text\">Abogado en Espa\u00f1a<\/div>\n\n<\/div>\n<\/div><\/div>\n<\/div>\n<\/div>\n<\/div>\n<\/div>","protected":false},"excerpt":{"rendered":"<p>En nuestro bufete de abogados, contamos con un equipo dedicado de abogados experimentados en Panam\u00e1 y consultores expertos. Con un profundo conocimiento de las leyes y regulaciones de inmigraci\u00f3n, nuestro equipo est\u00e1 comprometido en ofrecer servicios legales y asesoramiento excepcionales. Ya sea que est\u00e9s buscando asistencia con solicitudes de visa, servicios legales fiscales o &#8230; <\/p>\n<p class=\"read-more-container\"><a title=\"Abogados y Consultores\" class=\"read-more button\" href=\"https:\/\/www.ndm.com.pa\/es\/bufete-de-abogados\/abogados-y-consultores\/#more-58\" aria-label=\"Leer m\u00e1s sobre Abogados y Consultores\">Leer m\u00e1s<\/a><\/p>\n","protected":false},"author":1,"featured_media":0,"parent":27,"menu_order":0,"comment_status":"closed","ping_status":"closed","template":"","meta":{"content-type":"","inline_featured_image":false,"footnotes":""},"class_list":{"0":"post-58","1":"page","2":"type-page","3":"status-publish","5":"infinite-scroll-item"},"_links":{"self":[{"href":"https:\/\/www.ndm.com.pa\/es\/wp-json\/wp\/v2\/pages\/58","targetHints":{"allow":["GET"]}}],"collection":[{"href":"https:\/\/www.ndm.com.pa\/es\/wp-json\/wp\/v2\/pages"}],"about":[{"href":"https:\/\/www.ndm.com.pa\/es\/wp-json\/wp\/v2\/types\/page"}],"author":[{"embeddable":true,"href":"https:\/\/www.ndm.com.pa\/es\/wp-json\/wp\/v2\/users\/1"}],"replies":[{"embeddable":true,"href":"https:\/\/www.ndm.com.pa\/es\/wp-json\/wp\/v2\/comments?post=58"}],"version-history":[{"count":17,"href":"https:\/\/www.ndm.com.pa\/es\/wp-json\/wp\/v2\/pages\/58\/revisions"}],"predecessor-version":[{"id":7963,"href":"https:\/\/www.ndm.com.pa\/es\/wp-json\/wp\/v2\/pages\/58\/revisions\/7963"}],"up":[{"embeddable":true,"href":"https:\/\/www.ndm.com.pa\/es\/wp-json\/wp\/v2\/pages\/27"}],"wp:attachment":[{"href":"https:\/\/www.ndm.com.pa\/es\/wp-json\/wp\/v2\/media?parent=58"}],"curies":[{"name":"wp","href":"https:\/\/api.w.org\/{rel}","templated":true}]}}