{"id":55,"date":"2024-10-15T16:42:55","date_gmt":"2024-10-15T16:42:55","guid":{"rendered":"https:\/\/www.ndm.com.pa\/es\/?page_id=55"},"modified":"2024-10-15T20:35:44","modified_gmt":"2024-10-15T20:35:44","slug":"abogado-corporativo","status":"publish","type":"page","link":"https:\/\/www.ndm.com.pa\/es\/bufete-de-abogados\/abogado-corporativo\/","title":{"rendered":"Lo que nos hace diferentes"},"content":{"rendered":"<div class=\"gb-container gb-container-0ba5bf47\">\n<div class=\"gb-container gb-container-b46138df\">\n\n<p>NDM es un bufete internacional de abogados con sede en Panam\u00e1 que ha estado proporcionando servicios legales integrales durante los \u00faltimos 17 a\u00f1os. Como una firma legal de primer nivel, NDM ha crecido desde ser una peque\u00f1a firma local hasta convertirse en un centro internacional de servicios para individuos, empresas,  en todo el mundo.<\/p>\n\n<\/div>\n\n<div class=\"gb-container gb-container-e74639b0\">\n\n<h2 class=\"gb-headline gb-headline-4b94d04a gb-headline-text\"><span class=\"ez-toc-section\" id=\"How_Did_We_Design_Our_Mission_to_Empower_You\"><\/span><strong><strong><strong><strong><strong>How Did We Design Our Mission to Empower You?<\/strong><\/strong><\/strong><\/strong><\/strong><span class=\"ez-toc-section-end\"><\/span><\/h2>\n\n\n\n<p>En NDM, nuestra misi\u00f3n gira en torno a ti, nuestro estimado cliente. Reconocemos la singularidad de las necesidades de cada cliente, por lo que adaptamos nuestras soluciones legales para alinearse perfectamente con tus requerimientos espec\u00edficos. <strong>Nuestro equipo multiling\u00fce, que domina el espa\u00f1ol, italiano, ingl\u00e9s y hebreo<\/strong>, est\u00e1 dedicado a garantizar una comunicaci\u00f3n efectiva, asegurando que siempre te sientas escuchado y valorado.<\/p>\n\n\n\n<p>Ya sea que provengas de Espa\u00f1a, Estados Unidos, Israel u otra regi\u00f3n donde se hablen estos idiomas, en Panam\u00e1 no encontrar\u00e1s barreras de comunicaci\u00f3n con nosotros.<\/p>\n\n\n\n<p>En el mundo acelerado de hoy, comprendemos la importancia de:<\/p>\n\n\n\n<ol class=\"wp-block-list\">\n<li><strong>Velocidad:<\/strong> Responder con rapidez a tus necesidades legales.<\/li>\n\n\n\n<li><strong>Eficiencia:<\/strong> Ofrecer resultados con precisi\u00f3n y habilidad.<\/li>\n\n\n\n<li><strong>Innovaci\u00f3n:<\/strong> Utilizar enfoques modernos para resolver desaf\u00edos legales complejos.<\/li>\n<\/ol>\n\n\n\n<p>Como tus abogados corporativos, nuestro papel trasciende la mera prestaci\u00f3n de servicios; buscamos establecer una alianza que priorice tu \u00e9xito. En NDM, no eres solo otro cliente; eres un socio valioso cuyo \u00e9xito es nuestra m\u00e1xima prioridad.<\/p>\n\n\n<div class=\"gb-container gb-container-8820dbb9 gbp-card--border\">\n<div class=\"gb-container gb-container-d9049b2e\">\n\n<h3 class=\"gb-headline gb-headline-9cfb7547 gb-headline-text\"><span class=\"ez-toc-section\" id=\"Consulta_con_un_experto\"><\/span><strong><strong><strong><strong><strong>Consulta<\/strong><\/strong><\/strong><\/strong><\/strong> con un experto<span class=\"ez-toc-section-end\"><\/span><\/h3>\n\n\n\n<div class=\"gb-headline gb-headline-1dd94b05 gb-headline-text\">Resuelve tus problemas con ayuda profesional.<\/div>\n\n<\/div>\n\n<div class=\"gb-container gb-container-d8be39fd\">\n\n<a class=\"gb-button gb-button-4adcefba gb-button-text gbp-button--primary\" href=\"#free-consultation\">cont\u00e1ctanos<\/a>\n\n<\/div>\n<\/div>\n<\/div>\n\n<div class=\"gb-container gb-container-019a24e1\">\n\n<h2 class=\"gb-headline gb-headline-8e41f371 gb-headline-text\" id=\"Pioneering-Excellence,-Integrity,-and-Innovation-in-Business-Legal-Practice\"><span class=\"ez-toc-section\" id=\"Innovacion_en_la_Practica_Legal_Empresarial\"><\/span>Innovaci\u00f3n en la Pr\u00e1ctica Legal Empresarial<span class=\"ez-toc-section-end\"><\/span><\/h2>\n\n\n\n<p>En NDM, uno de los principales bufetes de abogados en Panam\u00e1, nos guiamos por un conjunto de creencias fundamentales que moldean nuestro enfoque de trabajo y nos diferencian en la industria legal. Somos reconocidos como uno de los principales despachos en derecho de privacidad de datos y en litigios de arbitraje, comprometidos con ofrecer excelencia en estas \u00e1reas.<\/p>\n\n\n\n<p><strong>Excelencia<\/strong>: En NDM, nuestros abogados corporativos creen en ofrecer nada menos que lo mejor. Nuestro objetivo es superar tus expectativas en t\u00e9rminos de velocidad, eficiencia y precisi\u00f3n. Como profesionales, no solo brindamos un servicio; estamos en constante mejora y perfeccionamiento de nuestras habilidades y conocimientos para garantizar que ofrecemos servicios legales de la m\u00e1s alta calidad.<\/p>\n\n\n\n<p><strong>Integridad<\/strong>: Mantenemos la honestidad, la \u00e9tica y la transparencia como principios rectores. En cada interacci\u00f3n, ya sea con clientes, colegas o el sistema legal, nuestros abogados corporativos act\u00faan con la m\u00e1xima integridad. Tu confidencialidad y confianza son nuestra prioridad, y mantenemos estos valores en todo momento.<\/p>\n\n\n<div class=\"gb-container gb-container-293b41a2 gbp-card--border\"><a class=\"gb-container-link\" href=\"https:\/\/globalmco.org\/\" rel=\"noopener noreferrer\" target=\"_blank\"><\/a>\n<div class=\"gb-container gb-container-7bb7444f\">\n\n<h3 class=\"gb-headline gb-headline-2c552696 gb-headline-text\"><span class=\"ez-toc-section\" id=\"Nuestro_Colaborador\"><\/span>Nuestro Colaborador <span class=\"ez-toc-section-end\"><\/span><\/h3>\n\n\n\n<div class=\"gb-headline gb-headline-7fe6a1fd gb-headline-text\">MCO, con sede en Espa\u00f1a, colabora con NDM Law Firm en Panam\u00e1 para ofrecer servicios legales especializados a nivel internacional.<\/div>\n\n<\/div>\n\n<div class=\"gb-container gb-container-8d1bb864\">\n\n<figure class=\"gb-block-image gb-block-image-10859b86\"><img decoding=\"async\" class=\"gb-image gb-image-10859b86\" src=\"https:\/\/www.ndm.com.pa\/wp-content\/uploads\/2023\/11\/LOGO-Asociaciones_MCO-300x300.webp\" alt=\"\" title=\"LOGO-Asociaciones_MCO\"><\/figure>\n\n<\/div>\n<\/div>\n\n\n<p>Estamos comprometidos a encontrar nuevas y mejores formas, lideradas por nuestros abogados corporativos, para abordar tus desaf\u00edos legales. Nuestro enfoque innovador, combinado con el uso de tecnolog\u00eda, nos permite ofrecer soluciones efectivas adaptadas a tus necesidades.<\/p>\n\n\n\n<p>T\u00fa est\u00e1s en el centro de todo lo que hacemos. Creemos en una comunicaci\u00f3n clara y efectiva, brindando un servicio personalizado y atento que satisfaga tus necesidades individuales. El objetivo de nuestros abogados corporativos es ofrecer una experiencia legal excepcional que no solo cumpla, sino que supere tus expectativas.<\/p>\n\n\n\n<p>Lo que nos diferencia de otros bufetes de abogados es nuestro equipo de abogados corporativos dedicados y nuestro compromiso con precios honestos y transparentes. Nuestro equipo especializado ofrece asesor\u00eda legal en \u00e1reas clave como derecho comercial, propiedad intelectual, derecho de familia, bienes ra\u00edces y servicios legales fiscales. Con su amplia expe<\/p>\n\n\n\n<p>En NDM, valoramos la singularidad de cada cliente. Nuestro enfoque no se trata de tratar a los clientes como n\u00fameros, sino como individuos \u00fanicos. Trabajamos estrechamente con ellos para asegurarnos de que sus necesidades sean atendidas de manera efectiva. Nuestras ofertas innovadoras, como la posibilidad de agendar citas y consultas en l\u00ednea de manera r\u00e1pida y sencilla, nos diferencian en la industria legal.<\/p>\n\n<\/div>\n\n<div class=\"gb-container gb-container-f33d9bc6\">\n\n<h2 class=\"gb-headline gb-headline-19665156 gb-headline-text\" id=\"3-Class-Litigation\"><span class=\"ez-toc-section\" id=\"Nuestro_enfoque_para_transformar_los_servicios_legales\"><\/span><strong><strong><strong><strong>Nuestro enfoque para transformar los servicios legales<\/strong><\/strong><\/strong><\/strong><span class=\"ez-toc-section-end\"><\/span><\/h2>\n\n\n\n<p>Nuestra visi\u00f3n es convertirnos en la primera opci\u00f3n para individuos y organizaciones que buscan asesor\u00eda legal, tanto a nivel nacional como internacional. Aspiramos a ser reconocidos por ofrecer un servicio al cliente excepcional y obtener resultados de alta calidad como abogados corporativos.<\/p>\n\n\n\n<p>Al demostrarte de manera constante nuestra experiencia y compromiso, buscamos construir una s\u00f3lida y confiable reputaci\u00f3n en el mercado legal, fomentando la confianza y lealtad entre nuestros clientes.<\/p>\n\n\n\n<p>Creemos firmemente que la experiencia y la dedicaci\u00f3n inquebrantable de nuestro equipo de abogados corporativos ser\u00e1n fundamentales para hacer realidad esta visi\u00f3n.<\/p>\n\n<\/div>\n\n<div class=\"gb-container gb-container-dd369647 gbp-section__inner\">\n<div class=\"gb-container gb-container-1e091857\">\n\n<h3 class=\"gb-headline gb-headline-6e5edf17 gb-headline-text gbp-section__headline\"><span class=\"ez-toc-section\" id=\"%C2%BFTienes_alguna_duda\"><\/span>\u00bfTienes alguna duda?<span class=\"ez-toc-section-end\"><\/span><\/h3>\n\n\n\n<div class=\"gb-headline gb-headline-7458abe9 gb-headline-text gbp-section__text\">Contacta a uno de nuestros abogados de inmigraci\u00f3n, y resolveremos tus preguntas.<\/div>\n\n\n\n<a class=\"gb-button gb-button-f3b70cff gb-button-text gbp-button--primary\" href=\"#free-consultation\">Habla con un Abogado<\/a>\n\n<\/div>\n<\/div>\n\n<div class=\"gb-container gb-container-6a6984a1\" id=\"free-consultation\">\n<div class=\"gb-container gb-container-7a7a14a2\" id=\"contacto\">\n\n<h3 class=\"gb-headline gb-headline-e0970646\"><span class=\"ez-toc-section\" id=\"Te_contactaremos\"><\/span><span class=\"gb-icon\"><svg aria-hidden=\"true\" role=\"img\" height=\"1em\" width=\"1em\" viewBox=\"0 0 512 512\" xmlns=\"http:\/\/www.w3.org\/2000\/svg\"><path fill=\"currentColor\" d=\"M464 64H48C21.49 64 0 85.49 0 112v288c0 26.51 21.49 48 48 48h416c26.51 0 48-21.49 48-48V112c0-26.51-21.49-48-48-48zm0 48v40.805c-22.422 18.259-58.168 46.651-134.587 106.49-16.841 13.247-50.201 45.072-73.413 44.701-23.208.375-56.579-31.459-73.413-44.701C106.18 199.465 70.425 171.067 48 152.805V112h416zM48 400V214.398c22.914 18.251 55.409 43.862 104.938 82.646 21.857 17.205 60.134 55.186 103.062 54.955 42.717.231 80.509-37.199 103.053-54.947 49.528-38.783 82.032-64.401 104.947-82.653V400H48z\"><\/path><\/svg><\/span><span class=\"gb-headline-text\">Te contactaremos<\/span><span class=\"ez-toc-section-end\"><\/span><\/h3>\n\n\n\n<script charset=\"utf-8\" type=\"text\/javascript\" src=\"\/\/js.hsforms.net\/forms\/embed\/v2.js\"><\/script>\n<script>\n  hbspt.forms.create({\n    region: \"na1\",\n    portalId: \"22633994\",\n    formId: \"65a5afb3-e520-4745-bfa0-ab5a1cb6982a\"\n  });\n<\/script>\n\n<\/div>\n<\/div>\n<\/div>","protected":false},"excerpt":{"rendered":"<p>NDM es un bufete internacional de abogados con sede en Panam\u00e1 que ha estado proporcionando servicios legales integrales durante los \u00faltimos 17 a\u00f1os. Como una firma legal de primer nivel, NDM ha crecido desde ser una peque\u00f1a firma local hasta convertirse en un centro internacional de servicios para individuos, empresas, en todo el mundo. &#8230; <\/p>\n<p class=\"read-more-container\"><a title=\"Lo que nos hace diferentes\" class=\"read-more button\" href=\"https:\/\/www.ndm.com.pa\/es\/bufete-de-abogados\/abogado-corporativo\/#more-55\" aria-label=\"Leer m\u00e1s sobre Lo que nos hace diferentes\">Leer m\u00e1s<\/a><\/p>\n","protected":false},"author":1,"featured_media":0,"parent":27,"menu_order":0,"comment_status":"closed","ping_status":"closed","template":"","meta":{"content-type":"","inline_featured_image":false,"footnotes":""},"class_list":{"0":"post-55","1":"page","2":"type-page","3":"status-publish","5":"infinite-scroll-item"},"_links":{"self":[{"href":"https:\/\/www.ndm.com.pa\/es\/wp-json\/wp\/v2\/pages\/55","targetHints":{"allow":["GET"]}}],"collection":[{"href":"https:\/\/www.ndm.com.pa\/es\/wp-json\/wp\/v2\/pages"}],"about":[{"href":"https:\/\/www.ndm.com.pa\/es\/wp-json\/wp\/v2\/types\/page"}],"author":[{"embeddable":true,"href":"https:\/\/www.ndm.com.pa\/es\/wp-json\/wp\/v2\/users\/1"}],"replies":[{"embeddable":true,"href":"https:\/\/www.ndm.com.pa\/es\/wp-json\/wp\/v2\/comments?post=55"}],"version-history":[{"count":10,"href":"https:\/\/www.ndm.com.pa\/es\/wp-json\/wp\/v2\/pages\/55\/revisions"}],"predecessor-version":[{"id":82,"href":"https:\/\/www.ndm.com.pa\/es\/wp-json\/wp\/v2\/pages\/55\/revisions\/82"}],"up":[{"embeddable":true,"href":"https:\/\/www.ndm.com.pa\/es\/wp-json\/wp\/v2\/pages\/27"}],"wp:attachment":[{"href":"https:\/\/www.ndm.com.pa\/es\/wp-json\/wp\/v2\/media?parent=55"}],"curies":[{"name":"wp","href":"https:\/\/api.w.org\/{rel}","templated":true}]}}