{"id":45,"date":"2024-10-15T16:33:00","date_gmt":"2024-10-15T16:33:00","guid":{"rendered":"https:\/\/www.ndm.com.pa\/es\/?page_id=45"},"modified":"2024-10-15T21:22:52","modified_gmt":"2024-10-15T21:22:52","slug":"contacto","status":"publish","type":"page","link":"https:\/\/www.ndm.com.pa\/es\/contacto\/","title":{"rendered":"Contacto"},"content":{"rendered":"<section class=\"gb-container gb-container-efcc007f\">\n<div class=\"gb-container gb-container-93e859dc\">\n<div class=\"gb-container gb-container-d4701180\">\n\n<p class=\"gb-headline gb-headline-b1839c0f gb-headline-text\">Por favor, complete nuestro formulario de contacto con su consulta, y nuestro equipo responder\u00e1 r\u00e1pidamente para discutir sus necesidades.<\/p>\n\n\n<p><script charset=\"utf-8\" type=\"text\/javascript\" src=\"\/\/js.hsforms.net\/forms\/embed\/v2.js\"><\/script><br \/>\n<script>\n  hbspt.forms.create({\n    region: \"na1\",\n    portalId: \"22633994\",\n    formId: \"65a5afb3-e520-4745-bfa0-ab5a1cb6982a\"\n  });\n<\/script><\/p>\n\n<\/div>\n\n<div class=\"gb-container gb-container-16e44cdc\">\n\n<h2 class=\"gb-headline gb-headline-c708cd50 gb-headline-text\"><span class=\"ez-toc-section\" id=\"Nuestras_oficinas\"><\/span>Nuestras oficinas<span class=\"ez-toc-section-end\"><\/span><\/h2>\n\n\n\n<h2 class=\"gb-headline gb-headline-2099b1b7 gb-headline-text\"><span class=\"ez-toc-section\" id=\"Ciudad_de_Panama\"><\/span>Ciudad de Panam\u00e1<span class=\"ez-toc-section-end\"><\/span><\/h2>\n\n\n\n<p class=\"gb-headline gb-headline-5b255efd\"><span class=\"gb-icon\"><svg viewBox=\"0 0 368.666 368.666\" xmlns=\"http:\/\/www.w3.org\/2000\/svg\"><path d=\"M184.333 0C102.011 0 35.037 66.974 35.037 149.297c0 33.968 11.132 65.959 32.193 92.515C94.5 276.195 173.8 357.833 177.164 361.291l7.169 7.375 7.17-7.374c3.363-3.459 82.688-85.116 109.963-119.51 21.042-26.534 32.164-58.515 32.164-92.485C333.63 66.974 266.656 0 184.333 0zm101.464 229.355c-21.957 27.687-80.921 89.278-101.463 110.581-20.54-21.302-79.482-82.875-101.434-110.552-18.23-22.984-27.863-50.677-27.863-80.087C55.037 78.002 113.039 20 184.333 20S313.63 78.002 313.63 149.297c0 29.411-9.625 57.095-27.833 80.058z\"><\/path><path d=\"M184.333 59.265c-48.729 0-88.374 39.645-88.374 88.374s39.644 88.374 88.374 88.374 88.374-39.644 88.374-88.374c.001-48.73-39.644-88.374-88.374-88.374zm0 156.748c-37.701 0-68.374-30.672-68.374-68.374s30.672-68.374 68.374-68.374 68.374 30.672 68.374 68.374c.001 37.701-30.673 68.374-68.374 68.374z\"><\/path><path d=\"m180.672 154.314-25.112-19.98-12.453 15.652 40.69 32.371 43.333-53.934-15.593-12.526z\"><\/path><\/svg><\/span><span class=\"gb-headline-text\">Oceania Business Plaza, Torre 2000, 37th Fl, Oficina C, Ciudad de Panam\u00e1, Rep\u00fablica de Panam\u00e1.<\/span><\/p>\n\n\n\n<p><\/p>\n\n\n\n<p class=\"gb-headline gb-headline-561574a1\"><span class=\"gb-icon\"><svg viewBox=\"0 0 1024 1024\" class=\"icon\" xmlns=\"http:\/\/www.w3.org\/2000\/svg\"><path d=\"M744 62H280c-35.3 0-64 28.7-64 64v768c0 35.3 28.7 64 64 64h464c35.3 0 64-28.7 64-64V126c0-35.3-28.7-64-64-64zm-8 824H288V134h448v752zM472 784a40 40 0 1 0 80 0 40 40 0 1 0-80 0z\"><\/path><\/svg><\/span><span class=\"gb-headline-text\">+(507) 830 2656<\/span><\/p>\n\n\n\n<div style=\"height:20px\" aria-hidden=\"true\" class=\"wp-block-spacer\"><\/div>\n\n\n\n<h2 class=\"gb-headline gb-headline-848267e3 gb-headline-text\"><span class=\"ez-toc-section\" id=\"Playa_Venao\"><\/span>Playa Venao<span class=\"ez-toc-section-end\"><\/span><\/h2>\n\n\n\n<p class=\"gb-headline gb-headline-c52fd7d2\"><span class=\"gb-icon\"><svg viewBox=\"0 0 368.666 368.666\" xmlns=\"http:\/\/www.w3.org\/2000\/svg\"><path d=\"M184.333 0C102.011 0 35.037 66.974 35.037 149.297c0 33.968 11.132 65.959 32.193 92.515C94.5 276.195 173.8 357.833 177.164 361.291l7.169 7.375 7.17-7.374c3.363-3.459 82.688-85.116 109.963-119.51 21.042-26.534 32.164-58.515 32.164-92.485C333.63 66.974 266.656 0 184.333 0zm101.464 229.355c-21.957 27.687-80.921 89.278-101.463 110.581-20.54-21.302-79.482-82.875-101.434-110.552-18.23-22.984-27.863-50.677-27.863-80.087C55.037 78.002 113.039 20 184.333 20S313.63 78.002 313.63 149.297c0 29.411-9.625 57.095-27.833 80.058z\"><\/path><path d=\"M184.333 59.265c-48.729 0-88.374 39.645-88.374 88.374s39.644 88.374 88.374 88.374 88.374-39.644 88.374-88.374c.001-48.73-39.644-88.374-88.374-88.374zm0 156.748c-37.701 0-68.374-30.672-68.374-68.374s30.672-68.374 68.374-68.374 68.374 30.672 68.374 68.374c.001 37.701-30.673 68.374-68.374 68.374z\"><\/path><path d=\"m180.672 154.314-25.112-19.98-12.453 15.652 40.69 32.371 43.333-53.934-15.593-12.526z\"><\/path><\/svg><\/span><span class=\"gb-headline-text\">El sitio , Apt 19B Playa Venao , Pedas\u00ed , Los Santos Rep. de Panam\u00e1<\/span><\/p>\n\n\n\n<p><\/p>\n\n\n\n<p class=\"gb-headline gb-headline-0131f59d\"><span class=\"gb-icon\"><svg viewBox=\"0 0 1024 1024\" class=\"icon\" xmlns=\"http:\/\/www.w3.org\/2000\/svg\"><path d=\"M744 62H280c-35.3 0-64 28.7-64 64v768c0 35.3 28.7 64 64 64h464c35.3 0 64-28.7 64-64V126c0-35.3-28.7-64-64-64zm-8 824H288V134h448v752zM472 784a40 40 0 1 0 80 0 40 40 0 1 0-80 0z\"><\/path><\/svg><\/span><span class=\"gb-headline-text\">+(507) 830 2656<\/span><\/p>\n\n<\/div>\n<\/div>\n<\/section>\n\n\n<iframe src=\"https:\/\/www.google.com\/maps\/embed?pb=!1m18!1m12!1m3!1d1970.4511381686636!2d-79.5115528639131!3d8.981139589734735!2m3!1f0!2f0!3f0!3m2!1i1024!2i768!4f13.1!3m3!1m2!1s0x8faca91c708532bd%3A0xe39778de2130feca!2sNDM%20Law%20Firm%20%26%20Associates!5e0!3m2!1sen!2spa!4v1690229112585!5m2!1sen!2spa\" width=\"3000\" height=\"600\" style=\"border:0;\" allowfullscreen=\"\" loading=\"lazy\" referrerpolicy=\"no-referrer-when-downgrade\"><\/iframe>\n","protected":false},"excerpt":{"rendered":"<p>Por favor, complete nuestro formulario de contacto con su consulta, y nuestro equipo responder\u00e1 r\u00e1pidamente para discutir sus necesidades. Nuestras oficinas Ciudad de Panam\u00e1 Oceania Business Plaza, Torre 2000, 37th Fl, Oficina C, Ciudad de Panam\u00e1, Rep\u00fablica de Panam\u00e1. +(507) 830 2656 Playa Venao El sitio , Apt 19B Playa Venao , Pedas\u00ed , &#8230; <\/p>\n<p class=\"read-more-container\"><a title=\"Contacto\" class=\"read-more button\" href=\"https:\/\/www.ndm.com.pa\/es\/contacto\/#more-45\" aria-label=\"Leer m\u00e1s sobre Contacto\">Leer m\u00e1s<\/a><\/p>\n","protected":false},"author":1,"featured_media":0,"parent":0,"menu_order":0,"comment_status":"closed","ping_status":"closed","template":"","meta":{"content-type":"","inline_featured_image":false,"footnotes":""},"class_list":{"0":"post-45","1":"page","2":"type-page","3":"status-publish","5":"infinite-scroll-item"},"_links":{"self":[{"href":"https:\/\/www.ndm.com.pa\/es\/wp-json\/wp\/v2\/pages\/45","targetHints":{"allow":["GET"]}}],"collection":[{"href":"https:\/\/www.ndm.com.pa\/es\/wp-json\/wp\/v2\/pages"}],"about":[{"href":"https:\/\/www.ndm.com.pa\/es\/wp-json\/wp\/v2\/types\/page"}],"author":[{"embeddable":true,"href":"https:\/\/www.ndm.com.pa\/es\/wp-json\/wp\/v2\/users\/1"}],"replies":[{"embeddable":true,"href":"https:\/\/www.ndm.com.pa\/es\/wp-json\/wp\/v2\/comments?post=45"}],"version-history":[{"count":1,"href":"https:\/\/www.ndm.com.pa\/es\/wp-json\/wp\/v2\/pages\/45\/revisions"}],"predecessor-version":[{"id":46,"href":"https:\/\/www.ndm.com.pa\/es\/wp-json\/wp\/v2\/pages\/45\/revisions\/46"}],"wp:attachment":[{"href":"https:\/\/www.ndm.com.pa\/es\/wp-json\/wp\/v2\/media?parent=45"}],"curies":[{"name":"wp","href":"https:\/\/api.w.org\/{rel}","templated":true}]}}