{"id":37,"date":"2024-10-15T16:25:54","date_gmt":"2024-10-15T16:25:54","guid":{"rendered":"https:\/\/www.ndm.com.pa\/es\/?page_id=37"},"modified":"2025-08-05T22:32:29","modified_gmt":"2025-08-05T22:32:29","slug":"servicios-legales","status":"publish","type":"page","link":"https:\/\/www.ndm.com.pa\/es\/servicios-legales\/","title":{"rendered":"Servicios Legales"},"content":{"rendered":"<section class=\"gb-container gb-container-a3a4d599\">\n<div class=\"gb-container gb-container-7b29a31e\">\n\n<p>Nos centramos en dar respuestas claras a sus preguntas legales y encontrar soluciones que funcionen para usted. Nuestro equipo no solo conoce la ley, sino que tambi\u00e9n entiende sus necesidades espec\u00edficas, asegur\u00e1ndose de que se sienta seguro y apoyado.<\/p>\n\n\n<div class=\"gb-grid-wrapper gb-grid-wrapper-c6e299b2\">\n<div class=\"gb-grid-column gb-grid-column-c0757795\"><div class=\"gb-container gb-container-c0757795 gbp-card gbp-card--border\"><a class=\"gb-container-link\" href=\"https:\/\/www.ndm.com.pa\/es\/servicios-legales\/derecho-comercial\/\" rel=\"noopener noreferrer\" target=\"_blank\"><\/a>\n\n<div class=\"gb-headline gb-headline-0a656aff gb-headline-text gbp-section__text\">Derecho comercial<\/div>\n\n\n\n<p>Asesor\u00eda legal en contratos, sociedades y negocios. Protege tu empresa y toma decisiones seguras con respaldo jur\u00eddico.<\/p>\n\n\n<div class=\"gb-container gb-container-c59f4c12\">\n<div class=\"gb-container gb-container-52fb166a\">\n\n<h2 class=\"gb-headline gb-headline-ac551422\"><span class=\"gb-icon\"><svg aria-hidden=\"true\" role=\"img\" height=\"1em\" width=\"1em\" viewBox=\"0 0 256 512\" xmlns=\"http:\/\/www.w3.org\/2000\/svg\"><path fill=\"currentColor\" d=\"M224.3 273l-136 136c-9.4 9.4-24.6 9.4-33.9 0l-22.6-22.6c-9.4-9.4-9.4-24.6 0-33.9l96.4-96.4-96.4-96.4c-9.4-9.4-9.4-24.6 0-33.9L54.3 103c9.4-9.4 24.6-9.4 33.9 0l136 136c9.5 9.4 9.5 24.6.1 34z\"><\/path><\/svg><\/span><\/h2>\n\n<\/div>\n<\/div>\n<\/div><\/div>\n\n<div class=\"gb-grid-column gb-grid-column-ba5ae85c\"><div class=\"gb-container gb-container-ba5ae85c gbp-card gbp-card--border\"><a class=\"gb-container-link\" href=\"https:\/\/www.ndm.com.pa\/es\/servicios-legales\/derecho-procesal-y-civil\/\" rel=\"noopener noreferrer\" target=\"_blank\"><\/a>\n\n<div class=\"gb-headline gb-headline-7f462aab gb-headline-text gbp-section__text\">Derecho procesal y civil<\/div>\n\n\n\n<p>Defensa legal en demandas y conflictos civiles. Te ayudamos a proteger tus derechos y resolver disputas judiciales.<\/p>\n\n\n<div class=\"gb-container gb-container-df001528\">\n<div class=\"gb-container gb-container-c65f09bd\">\n\n<h2 class=\"gb-headline gb-headline-ff7f46dc\"><span class=\"gb-icon\"><svg aria-hidden=\"true\" role=\"img\" height=\"1em\" width=\"1em\" viewBox=\"0 0 256 512\" xmlns=\"http:\/\/www.w3.org\/2000\/svg\"><path fill=\"currentColor\" d=\"M224.3 273l-136 136c-9.4 9.4-24.6 9.4-33.9 0l-22.6-22.6c-9.4-9.4-9.4-24.6 0-33.9l96.4-96.4-96.4-96.4c-9.4-9.4-9.4-24.6 0-33.9L54.3 103c9.4-9.4 24.6-9.4 33.9 0l136 136c9.5 9.4 9.5 24.6.1 34z\"><\/path><\/svg><\/span><\/h2>\n\n<\/div>\n<\/div>\n<\/div><\/div>\n\n<div class=\"gb-grid-column gb-grid-column-836fedff\"><div class=\"gb-container gb-container-836fedff gbp-card gbp-card--border\"><a class=\"gb-container-link\" href=\"https:\/\/www.ndm.com.pa\/es\/servicios-legales\/derecho-penal\/\" rel=\"noopener noreferrer\" target=\"_blank\"><\/a>\n\n<div class=\"gb-headline gb-headline-63cc0673 gb-headline-text gbp-section__text\">Derecho Penal<\/div>\n\n\n\n<p>Representaci\u00f3n en casos penales. Protegemos tus derechos desde la denuncia hasta el juicio, con asesor\u00eda estrat\u00e9gica.<\/p>\n\n\n<div class=\"gb-container gb-container-1f4fe71c\">\n<div class=\"gb-container gb-container-fae73889\">\n\n<h2 class=\"gb-headline gb-headline-3613cec9\"><span class=\"gb-icon\"><svg aria-hidden=\"true\" role=\"img\" height=\"1em\" width=\"1em\" viewBox=\"0 0 256 512\" xmlns=\"http:\/\/www.w3.org\/2000\/svg\"><path fill=\"currentColor\" d=\"M224.3 273l-136 136c-9.4 9.4-24.6 9.4-33.9 0l-22.6-22.6c-9.4-9.4-9.4-24.6 0-33.9l96.4-96.4-96.4-96.4c-9.4-9.4-9.4-24.6 0-33.9L54.3 103c9.4-9.4 24.6-9.4 33.9 0l136 136c9.5 9.4 9.5 24.6.1 34z\"><\/path><\/svg><\/span><\/h2>\n\n<\/div>\n<\/div>\n<\/div><\/div>\n\n<div class=\"gb-grid-column gb-grid-column-7b7a249c\"><div class=\"gb-container gb-container-7b7a249c gbp-card gbp-card--border\"><a class=\"gb-container-link\" href=\"https:\/\/www.ndm.com.pa\/es\/servicios-legales\/resolucion-de-conflictos\/\" rel=\"noopener noreferrer\" target=\"_blank\"><\/a>\n\n<div class=\"gb-headline gb-headline-fb41c28c gb-headline-text gbp-section__text\">Resoluci\u00f3n de conflictos<\/div>\n\n\n\n<p>Soluciones legales por mediaci\u00f3n o arbitraje. Resuelve disputas sin juicio y evita procesos largos y costosos.<\/p>\n\n\n<div class=\"gb-container gb-container-7607c289\">\n<div class=\"gb-container gb-container-090bb46c\">\n\n<h2 class=\"gb-headline gb-headline-49c88bdd\"><span class=\"gb-icon\"><svg aria-hidden=\"true\" role=\"img\" height=\"1em\" width=\"1em\" viewBox=\"0 0 256 512\" xmlns=\"http:\/\/www.w3.org\/2000\/svg\"><path fill=\"currentColor\" d=\"M224.3 273l-136 136c-9.4 9.4-24.6 9.4-33.9 0l-22.6-22.6c-9.4-9.4-9.4-24.6 0-33.9l96.4-96.4-96.4-96.4c-9.4-9.4-9.4-24.6 0-33.9L54.3 103c9.4-9.4 24.6-9.4 33.9 0l136 136c9.5 9.4 9.5 24.6.1 34z\"><\/path><\/svg><\/span><\/h2>\n\n<\/div>\n<\/div>\n<\/div><\/div>\n\n<div class=\"gb-grid-column gb-grid-column-637f391a\"><div class=\"gb-container gb-container-637f391a gbp-card gbp-card--border\"><a class=\"gb-container-link\" href=\"https:\/\/www.ndm.com.pa\/es\/servicios-legales\/derecho-laboral\/\" rel=\"noopener noreferrer\" target=\"_blank\"><\/a>\n\n<div class=\"gb-headline gb-headline-4c3a09c8 gb-headline-text gbp-section__text\">Derecho laboral<\/div>\n\n\n\n<p>Asesor\u00eda laboral para empresas y trabajadores. Contratos, despidos y conflictos con respaldo legal y profesional.<\/p>\n\n\n<div class=\"gb-container gb-container-a9fa5b81\">\n<div class=\"gb-container gb-container-00536367\">\n\n<h2 class=\"gb-headline gb-headline-9da34197\"><span class=\"gb-icon\"><svg aria-hidden=\"true\" role=\"img\" height=\"1em\" width=\"1em\" viewBox=\"0 0 256 512\" xmlns=\"http:\/\/www.w3.org\/2000\/svg\"><path fill=\"currentColor\" d=\"M224.3 273l-136 136c-9.4 9.4-24.6 9.4-33.9 0l-22.6-22.6c-9.4-9.4-9.4-24.6 0-33.9l96.4-96.4-96.4-96.4c-9.4-9.4-9.4-24.6 0-33.9L54.3 103c9.4-9.4 24.6-9.4 33.9 0l136 136c9.5 9.4 9.5 24.6.1 34z\"><\/path><\/svg><\/span><\/h2>\n\n<\/div>\n<\/div>\n<\/div><\/div>\n\n<div class=\"gb-grid-column gb-grid-column-37154231\"><div class=\"gb-container gb-container-37154231 gbp-card gbp-card--border\"><a class=\"gb-container-link\" href=\"https:\/\/www.ndm.com.pa\/es\/servicios-legales\/derecho-familiar\/\" rel=\"noopener noreferrer\" target=\"_blank\"><\/a>\n\n<div class=\"gb-headline gb-headline-697a2812 gb-headline-text gbp-section__text\">Derecho familiar<\/div>\n\n\n\n<p>Acompa\u00f1amiento legal en divorcios, pensiones y custodia. Soluciones jur\u00eddicas con enfoque humano y familiar.<\/p>\n\n\n<div class=\"gb-container gb-container-1f2666b2\">\n<div class=\"gb-container gb-container-3d33dd4f\">\n\n<h2 class=\"gb-headline gb-headline-725f95d5\"><span class=\"gb-icon\"><svg aria-hidden=\"true\" role=\"img\" height=\"1em\" width=\"1em\" viewBox=\"0 0 256 512\" xmlns=\"http:\/\/www.w3.org\/2000\/svg\"><path fill=\"currentColor\" d=\"M224.3 273l-136 136c-9.4 9.4-24.6 9.4-33.9 0l-22.6-22.6c-9.4-9.4-9.4-24.6 0-33.9l96.4-96.4-96.4-96.4c-9.4-9.4-9.4-24.6 0-33.9L54.3 103c9.4-9.4 24.6-9.4 33.9 0l136 136c9.5 9.4 9.5 24.6.1 34z\"><\/path><\/svg><\/span><\/h2>\n\n<\/div>\n<\/div>\n<\/div><\/div>\n\n<div class=\"gb-grid-column gb-grid-column-14894faf\"><div class=\"gb-container gb-container-14894faf gbp-card gbp-card--border\"><a class=\"gb-container-link\" href=\"https:\/\/www.ndm.com.pa\/es\/servicios-legales\/derecho-migratorio\/\" rel=\"noopener noreferrer\" target=\"_blank\"><\/a>\n\n<div class=\"gb-headline gb-headline-f3e8c3a9 gb-headline-text gbp-section__text\">Derecho migratorio<\/div>\n\n\n\n<p>Te guiamos para obtener visas, residencias o permisos. Asesor\u00eda migratoria clara, segura y personalizada.<\/p>\n\n\n<div class=\"gb-container gb-container-b6d09b18\">\n<div class=\"gb-container gb-container-0c713947\">\n\n<h2 class=\"gb-headline gb-headline-85863c0f\"><span class=\"gb-icon\"><svg aria-hidden=\"true\" role=\"img\" height=\"1em\" width=\"1em\" viewBox=\"0 0 256 512\" xmlns=\"http:\/\/www.w3.org\/2000\/svg\"><path fill=\"currentColor\" d=\"M224.3 273l-136 136c-9.4 9.4-24.6 9.4-33.9 0l-22.6-22.6c-9.4-9.4-9.4-24.6 0-33.9l96.4-96.4-96.4-96.4c-9.4-9.4-9.4-24.6 0-33.9L54.3 103c9.4-9.4 24.6-9.4 33.9 0l136 136c9.5 9.4 9.5 24.6.1 34z\"><\/path><\/svg><\/span><\/h2>\n\n<\/div>\n<\/div>\n<\/div><\/div>\n\n<div class=\"gb-grid-column gb-grid-column-b1ff577f\"><div class=\"gb-container gb-container-b1ff577f gbp-card gbp-card--border\"><a class=\"gb-container-link\" href=\"https:\/\/www.ndm.com.pa\/es\/servicios-legales\/proteccion-al-consumidor\/\" rel=\"noopener noreferrer\" target=\"_blank\"><\/a>\n\n<div class=\"gb-headline gb-headline-8f19a8a4 gb-headline-text gbp-section__text\">Protecci\u00f3n al consumidor<\/div>\n\n\n\n<p>Defiende tus derechos ante productos defectuosos, abusos o incumplimientos. Reclama con respaldo legal.<\/p>\n\n\n<div class=\"gb-container gb-container-b332193f\">\n<div class=\"gb-container gb-container-2ddef86d\">\n\n<h2 class=\"gb-headline gb-headline-024bf6f8\"><span class=\"gb-icon\"><svg aria-hidden=\"true\" role=\"img\" height=\"1em\" width=\"1em\" viewBox=\"0 0 256 512\" xmlns=\"http:\/\/www.w3.org\/2000\/svg\"><path fill=\"currentColor\" d=\"M224.3 273l-136 136c-9.4 9.4-24.6 9.4-33.9 0l-22.6-22.6c-9.4-9.4-9.4-24.6 0-33.9l96.4-96.4-96.4-96.4c-9.4-9.4-9.4-24.6 0-33.9L54.3 103c9.4-9.4 24.6-9.4 33.9 0l136 136c9.5 9.4 9.5 24.6.1 34z\"><\/path><\/svg><\/span><\/h2>\n\n<\/div>\n<\/div>\n<\/div><\/div>\n\n<div class=\"gb-grid-column gb-grid-column-2cec3617\"><div class=\"gb-container gb-container-2cec3617 gbp-card gbp-card--border\"><a class=\"gb-container-link\" href=\"https:\/\/www.ndm.com.pa\/es\/servicios-legales\/derecho-sucesorio\/\" rel=\"noopener noreferrer\" target=\"_blank\"><\/a>\n\n<div class=\"gb-headline gb-headline-3afc4bc7 gb-headline-text gbp-section__text\">derecho sucesorio<\/div>\n\n\n\n<p>Te ayudamos en herencias, testamentos y sucesiones. Evita conflictos y cumple con la ley paname\u00f1a.<\/p>\n\n\n<div class=\"gb-container gb-container-8c9830c3\">\n<div class=\"gb-container gb-container-89aad99d\">\n\n<h2 class=\"gb-headline gb-headline-8248418e\"><span class=\"gb-icon\"><svg aria-hidden=\"true\" role=\"img\" height=\"1em\" width=\"1em\" viewBox=\"0 0 256 512\" xmlns=\"http:\/\/www.w3.org\/2000\/svg\"><path fill=\"currentColor\" d=\"M224.3 273l-136 136c-9.4 9.4-24.6 9.4-33.9 0l-22.6-22.6c-9.4-9.4-9.4-24.6 0-33.9l96.4-96.4-96.4-96.4c-9.4-9.4-9.4-24.6 0-33.9L54.3 103c9.4-9.4 24.6-9.4 33.9 0l136 136c9.5 9.4 9.5 24.6.1 34z\"><\/path><\/svg><\/span><\/h2>\n\n<\/div>\n<\/div>\n<\/div><\/div>\n\n<div class=\"gb-grid-column gb-grid-column-ee570fa0\"><div class=\"gb-container gb-container-ee570fa0 gbp-card gbp-card--border\"><a class=\"gb-container-link\" href=\"https:\/\/www.ndm.com.pa\/es\/servicios-legales\/derecho-inmobiliario\/\" rel=\"noopener noreferrer\" target=\"_blank\"><\/a>\n\n<div class=\"gb-headline gb-headline-afa884fc gb-headline-text gbp-section__text\">Derecho inmobiliario<\/div>\n\n\n\n<p>Compra, venta o alquiler de propiedades. Redacci\u00f3n de contratos y revisi\u00f3n legal para una inversi\u00f3n segura.<\/p>\n\n\n<div class=\"gb-container gb-container-696e9a04\">\n<div class=\"gb-container gb-container-25331782\">\n\n<h2 class=\"gb-headline gb-headline-c0a595e6\"><span class=\"gb-icon\"><svg aria-hidden=\"true\" role=\"img\" height=\"1em\" width=\"1em\" viewBox=\"0 0 256 512\" xmlns=\"http:\/\/www.w3.org\/2000\/svg\"><path fill=\"currentColor\" d=\"M224.3 273l-136 136c-9.4 9.4-24.6 9.4-33.9 0l-22.6-22.6c-9.4-9.4-9.4-24.6 0-33.9l96.4-96.4-96.4-96.4c-9.4-9.4-9.4-24.6 0-33.9L54.3 103c9.4-9.4 24.6-9.4 33.9 0l136 136c9.5 9.4 9.5 24.6.1 34z\"><\/path><\/svg><\/span><\/h2>\n\n<\/div>\n<\/div>\n<\/div><\/div>\n<\/div>\n<\/div>\n<\/section>\n\n<div class=\"gb-container gb-container-6007f28e\">\n<div class=\"gb-container gb-container-1e264c3f\">\n<div class=\"gb-container gb-container-05d677de gbp-section\">\n<div class=\"gb-container gb-container-e4c05403\">\n<div class=\"gb-container gb-container-4d917ac2\">\n\n<div class=\"gb-headline gb-headline-3299ffcc gb-headline-text\">Ellos confiaron en nosotros<\/div>\n\n<\/div>\n\n<div class=\"gb-container gb-container-c3524811\">\n<div class=\"gb-container gb-container-23b7e6e9\">\n\n<figure class=\"gb-block-image gb-block-image-0ea91134\"><img decoding=\"async\" class=\"gb-image gb-image-0ea91134\" src=\"https:\/\/www.ndm.com.pa\/wp-content\/uploads\/2023\/07\/Logo-Clientes_Centro-de-Prestamos-La-Bendicion.svg\" alt=\"\" title=\"Logo-Clientes_Centro-de-Prestamos-La-Bendicion\"><\/figure>\n\n<\/div>\n\n<div class=\"gb-container gb-container-1ca4d359\">\n\n<figure class=\"gb-block-image gb-block-image-22041536\"><img decoding=\"async\" class=\"gb-image gb-image-22041536\" src=\"https:\/\/www.ndm.com.pa\/wp-content\/uploads\/2023\/07\/Logo-Clientes_Corporation-Fin.-LC.svg\" alt=\"\" title=\"Logo-Clientes_Corporation-Fin.-LC\"><\/figure>\n\n<\/div>\n\n<div class=\"gb-container gb-container-9962838c\">\n\n<figure class=\"gb-block-image gb-block-image-cc8e5f97\"><img decoding=\"async\" class=\"gb-image gb-image-cc8e5f97\" src=\"https:\/\/www.ndm.com.pa\/wp-content\/uploads\/2023\/07\/Logo-Clientes_El-Fuerte.svg\" alt=\"\" title=\"Logo-Clientes_El-Fuerte\"><\/figure>\n\n<\/div>\n\n<div class=\"gb-container gb-container-c8fa6731\">\n\n<figure class=\"gb-block-image gb-block-image-f1d32d2d\"><img decoding=\"async\" class=\"gb-image gb-image-f1d32d2d\" src=\"https:\/\/www.ndm.com.pa\/wp-content\/uploads\/2023\/07\/Logo-Clientes_Financiera-La-Segurita.svg\" alt=\"\" title=\"Logo-Clientes_Financiera-La-Segurita\"><\/figure>\n\n<\/div>\n\n<div class=\"gb-container gb-container-b81cbd61\">\n\n<figure class=\"gb-block-image gb-block-image-b9f63bbf\"><img decoding=\"async\" class=\"gb-image gb-image-b9f63bbf\" src=\"https:\/\/www.ndm.com.pa\/wp-content\/uploads\/2023\/07\/Logo-Clientes_Grupo-Raphael.svg\" alt=\"\" title=\"Logo-Clientes_Grupo-Raphael\"><\/figure>\n\n<\/div>\n\n<div class=\"gb-container gb-container-74e86ed1\">\n\n<figure class=\"gb-block-image gb-block-image-fbc5cb9d\"><img decoding=\"async\" class=\"gb-image gb-image-fbc5cb9d\" src=\"https:\/\/www.ndm.com.pa\/wp-content\/uploads\/2023\/07\/Logo-Clientes_La-Onda.svg\" alt=\"\" title=\"Logo-Clientes_La-Onda\"><\/figure>\n\n<\/div>\n\n<div class=\"gb-container gb-container-fcfb9014\">\n\n<figure class=\"gb-block-image gb-block-image-61ac640c\"><img decoding=\"async\" class=\"gb-image gb-image-61ac640c\" src=\"https:\/\/www.ndm.com.pa\/wp-content\/uploads\/2023\/07\/Logo-Clientes_SAKS.svg\" alt=\"\" title=\"Logo-Clientes_SAKS\"><\/figure>\n\n<\/div>\n\n<div class=\"gb-container gb-container-2f5783f1\">\n\n<figure class=\"gb-block-image gb-block-image-c1dd8495\"><img decoding=\"async\" class=\"gb-image gb-image-c1dd8495\" src=\"https:\/\/www.ndm.com.pa\/wp-content\/uploads\/2023\/07\/Logo-Clientes_Universal-Xpress.svg\" alt=\"\" title=\"Logo-Clientes_Universal-Xpress\"><\/figure>\n\n<\/div>\n\n<div class=\"gb-container gb-container-02e451b9\">\n\n<figure class=\"gb-block-image gb-block-image-e12ebcc1\"><img decoding=\"async\" class=\"gb-image gb-image-e12ebcc1\" src=\"https:\/\/www.ndm.com.pa\/wp-content\/uploads\/2023\/07\/Logo-Clientes_RapiVale.svg\" alt=\"\" title=\"Logo-Clientes_RapiVale\"><\/figure>\n\n<\/div>\n<\/div>\n<\/div>\n<\/div>\n<\/div>\n<\/div>","protected":false},"excerpt":{"rendered":"<p>Nos centramos en dar respuestas claras a sus preguntas legales y encontrar soluciones que funcionen para usted. Nuestro equipo no solo conoce la ley, sino que tambi\u00e9n entiende sus necesidades espec\u00edficas, asegur\u00e1ndose de que se sienta seguro y apoyado. Ellos confiaron en nosotros<\/p>\n","protected":false},"author":1,"featured_media":0,"parent":0,"menu_order":0,"comment_status":"closed","ping_status":"closed","template":"","meta":{"content-type":"","inline_featured_image":false,"footnotes":""},"class_list":{"0":"post-37","1":"page","2":"type-page","3":"status-publish","5":"infinite-scroll-item"},"_links":{"self":[{"href":"https:\/\/www.ndm.com.pa\/es\/wp-json\/wp\/v2\/pages\/37","targetHints":{"allow":["GET"]}}],"collection":[{"href":"https:\/\/www.ndm.com.pa\/es\/wp-json\/wp\/v2\/pages"}],"about":[{"href":"https:\/\/www.ndm.com.pa\/es\/wp-json\/wp\/v2\/types\/page"}],"author":[{"embeddable":true,"href":"https:\/\/www.ndm.com.pa\/es\/wp-json\/wp\/v2\/users\/1"}],"replies":[{"embeddable":true,"href":"https:\/\/www.ndm.com.pa\/es\/wp-json\/wp\/v2\/comments?post=37"}],"version-history":[{"count":8,"href":"https:\/\/www.ndm.com.pa\/es\/wp-json\/wp\/v2\/pages\/37\/revisions"}],"predecessor-version":[{"id":7630,"href":"https:\/\/www.ndm.com.pa\/es\/wp-json\/wp\/v2\/pages\/37\/revisions\/7630"}],"wp:attachment":[{"href":"https:\/\/www.ndm.com.pa\/es\/wp-json\/wp\/v2\/media?parent=37"}],"curies":[{"name":"wp","href":"https:\/\/api.w.org\/{rel}","templated":true}]}}