{"id":3,"date":"2024-10-10T11:46:23","date_gmt":"2024-10-10T11:46:23","guid":{"rendered":"https:\/\/www.ndm.com.pa\/es\/?page_id=3"},"modified":"2025-11-06T17:57:59","modified_gmt":"2025-11-06T17:57:59","slug":"privacy-policy","status":"publish","type":"page","link":"https:\/\/www.ndm.com.pa\/es\/privacy-policy\/","title":{"rendered":"Privacy Policy"},"content":{"rendered":"\n<p>En NDM Law Firm &amp; Associates reconocemos la importancia de mantener la privacidad y la sensibilidad de la informaci\u00f3n que conservamos en nuestra base de datos, especialmente la informaci\u00f3n personal de las personas con las que nos relacionamos, ya sean clientes, usuarios, colaboradores, candidatos, proveedores u otros.<\/p>\n\n\n\n<p>Como abogados en ejercicio y proveedores de servicios legales, tenemos la obligaci\u00f3n profesional y \u00e9tica de mantener en estricta confidencialidad toda la informaci\u00f3n que recibimos como parte de nuestra relaci\u00f3n abogado-cliente. Adem\u00e1s, estamos comprometidos a proteger la informaci\u00f3n que almacenamos y\/o tratamos de todas las personas, sean naturales o jur\u00eddicas.<\/p>\n\n\n\n<p>En esta Pol\u00edtica de Protecci\u00f3n de Datos (la \u201cPol\u00edtica\u201d) establecemos las pr\u00e1cticas que hemos implementado en nuestras empresas en relaci\u00f3n con el tratamiento de sus datos, desde su recopilaci\u00f3n, uso y con qui\u00e9n compartimos dicha informaci\u00f3n.<\/p>\n\n\n\n<p>Esta Pol\u00edtica complementa todos los acuerdos previos, orales o escritos, entre usted y nosotros relacionados con la recopilaci\u00f3n, uso y divulgaci\u00f3n de su informaci\u00f3n personal, comercial o financiera.<\/p>\n\n\n\n<div id=\"ez-toc-container\" class=\"ez-toc-v2_0_82_2 counter-hierarchy ez-toc-counter ez-toc-custom ez-toc-container-direction\">\n<div class=\"ez-toc-title-container\">\n<p class=\"ez-toc-title\" style=\"cursor:inherit\">Contenido<\/p>\n<span class=\"ez-toc-title-toggle\"><a href=\"#\" class=\"ez-toc-pull-right ez-toc-btn ez-toc-btn-xs ez-toc-btn-default ez-toc-toggle\" aria-label=\"Alternar tabla de contenidos\"><span class=\"ez-toc-js-icon-con\"><span class=\"\"><span class=\"eztoc-hide\" style=\"display:none;\">Toggle<\/span><span class=\"ez-toc-icon-toggle-span\"><svg style=\"fill: #000000;color:#000000\" xmlns=\"http:\/\/www.w3.org\/2000\/svg\" class=\"list-377408\" width=\"20px\" height=\"20px\" viewBox=\"0 0 24 24\" fill=\"none\"><path d=\"M6 6H4v2h2V6zm14 0H8v2h12V6zM4 11h2v2H4v-2zm16 0H8v2h12v-2zM4 16h2v2H4v-2zm16 0H8v2h12v-2z\" fill=\"currentColor\"><\/path><\/svg><svg style=\"fill: #000000;color:#000000\" class=\"arrow-unsorted-368013\" xmlns=\"http:\/\/www.w3.org\/2000\/svg\" width=\"10px\" height=\"10px\" viewBox=\"0 0 24 24\" version=\"1.2\" baseProfile=\"tiny\"><path d=\"M18.2 9.3l-6.2-6.3-6.2 6.3c-.2.2-.3.4-.3.7s.1.5.3.7c.2.2.4.3.7.3h11c.3 0 .5-.1.7-.3.2-.2.3-.5.3-.7s-.1-.5-.3-.7zM5.8 14.7l6.2 6.3 6.2-6.3c.2-.2.3-.5.3-.7s-.1-.5-.3-.7c-.2-.2-.4-.3-.7-.3h-11c-.3 0-.5.1-.7.3-.2.2-.3.5-.3.7s.1.5.3.7z\"\/><\/svg><\/span><\/span><\/span><\/a><\/span><\/div>\n<nav><ul class='ez-toc-list ez-toc-list-level-1 ' ><li class='ez-toc-page-1 ez-toc-heading-level-3'><a class=\"ez-toc-link ez-toc-heading-1\" href=\"https:\/\/www.ndm.com.pa\/es\/privacy-policy\/#Ambito_de_aplicacion_de_esta_Politica\" >\u00c1mbito de aplicaci\u00f3n de esta Pol\u00edtica<\/a><\/li><li class='ez-toc-page-1 ez-toc-heading-level-3'><a class=\"ez-toc-link ez-toc-heading-2\" href=\"https:\/\/www.ndm.com.pa\/es\/privacy-policy\/#Base_legal_de_esta_Politica\" >Base legal de esta Pol\u00edtica<\/a><\/li><li class='ez-toc-page-1 ez-toc-heading-level-3'><a class=\"ez-toc-link ez-toc-heading-3\" href=\"https:\/\/www.ndm.com.pa\/es\/privacy-policy\/#COMO_Y_POR_QUE_RECOPILAMOS_INFORMACION_PERSONAL\" >C\u00d3MO Y POR QU\u00c9 RECOPILAMOS INFORMACI\u00d3N PERSONAL<\/a><\/li><li class='ez-toc-page-1 ez-toc-heading-level-3'><a class=\"ez-toc-link ez-toc-heading-4\" href=\"https:\/\/www.ndm.com.pa\/es\/privacy-policy\/#Si_usted_es_cliente_o_posible_cliente\" >Si usted es cliente o posible cliente<\/a><\/li><li class='ez-toc-page-1 ez-toc-heading-level-3'><a class=\"ez-toc-link ez-toc-heading-5\" href=\"https:\/\/www.ndm.com.pa\/es\/privacy-policy\/#Si_nos_visita_en_nuestros_sitios_web_o_portales_de_servicio\" >Si nos visita en nuestros sitios web o portales de servicio<\/a><\/li><li class='ez-toc-page-1 ez-toc-heading-level-3'><a class=\"ez-toc-link ez-toc-heading-6\" href=\"https:\/\/www.ndm.com.pa\/es\/privacy-policy\/#COMO_COMPARTIMOS_O_TRANSFERIMOS_SU_INFORMACION\" >C\u00d3MO COMPARTIMOS O TRANSFERIMOS SU INFORMACI\u00d3N<\/a><\/li><li class='ez-toc-page-1 ez-toc-heading-level-3'><a class=\"ez-toc-link ez-toc-heading-7\" href=\"https:\/\/www.ndm.com.pa\/es\/privacy-policy\/#Resguardo_de_la_informacion\" >Resguardo de la informaci\u00f3n<\/a><\/li><li class='ez-toc-page-1 ez-toc-heading-level-3'><a class=\"ez-toc-link ez-toc-heading-8\" href=\"https:\/\/www.ndm.com.pa\/es\/privacy-policy\/#Conservacion_de_la_informacion\" >Conservaci\u00f3n de la informaci\u00f3n<\/a><\/li><li class='ez-toc-page-1 ez-toc-heading-level-3'><a class=\"ez-toc-link ez-toc-heading-9\" href=\"https:\/\/www.ndm.com.pa\/es\/privacy-policy\/#Exactitud_de_la_informacion_personal\" >Exactitud de la informaci\u00f3n personal<\/a><\/li><li class='ez-toc-page-1 ez-toc-heading-level-3'><a class=\"ez-toc-link ez-toc-heading-10\" href=\"https:\/\/www.ndm.com.pa\/es\/privacy-policy\/#Vigencia_de_esta_Politica\" >Vigencia de esta Pol\u00edtica<\/a><\/li><\/ul><\/nav><\/div>\n<h3 class=\"wp-block-heading\"><span class=\"ez-toc-section\" id=\"Ambito_de_aplicacion_de_esta_Politica\"><\/span>\u00c1mbito de aplicaci\u00f3n de esta Pol\u00edtica<span class=\"ez-toc-section-end\"><\/span><\/h3>\n\n\n\n<p>Esta Pol\u00edtica se aplica a nosotros, como custodios de la base de datos y como responsables del tratamiento de sus datos personales, y a usted, como persona natural o jur\u00eddica titular de los datos.<\/p>\n\n\n\n<p>Cuando hablamos de \u201cNosotros\u201d, nos referimos a \u201cNDM Law Firm &amp; Associates\u201d.<\/p>\n\n\n\n<p>Cuando hablamos de \u201cUsted\u201d, nos referimos a usted como cliente, usuario, visitante, colaborador, candidato, proveedor o cualquier persona que por cualquier motivo comparta sus datos con nosotros.<\/p>\n\n\n\n<h3 class=\"wp-block-heading\"><span class=\"ez-toc-section\" id=\"Base_legal_de_esta_Politica\"><\/span>Base legal de esta Pol\u00edtica<span class=\"ez-toc-section-end\"><\/span><\/h3>\n\n\n\n<p>Esta Pol\u00edtica se basa en la Ley 81 de 26 de marzo de 2019 (Panam\u00e1) sobre Protecci\u00f3n de Datos Personales, que tiene como finalidad la protecci\u00f3n de los derechos de las personas naturales como titulares de sus datos personales, en relaci\u00f3n con el uso de dichos datos.<\/p>\n\n\n\n<p>La Ley 81 aplica a todas las bases de datos ubicadas en el territorio de la Rep\u00fablica de Panam\u00e1, cuando se almacenen datos personales de nacionales o extranjeros, o cuando el responsable del tratamiento de los datos est\u00e9 domiciliado en la Rep\u00fablica de Panam\u00e1. Se except\u00faan las bases de datos de sujetos regulados por leyes especiales, siempre que dichas leyes establezcan normas t\u00e9cnicas m\u00ednimas necesarias para una protecci\u00f3n igual o superior a la prevista en la Ley 81.<\/p>\n\n\n\n<h3 class=\"wp-block-heading\"><span class=\"ez-toc-section\" id=\"COMO_Y_POR_QUE_RECOPILAMOS_INFORMACION_PERSONAL\"><\/span>C\u00d3MO Y POR QU\u00c9 RECOPILAMOS INFORMACI\u00d3N PERSONAL<span class=\"ez-toc-section-end\"><\/span><\/h3>\n\n\n\n<p>Como firma de abogados y proveedores de servicios legales, recopilamos datos personales como parte de nuestras actividades profesionales para poder brindar servicios a nuestros clientes.<\/p>\n\n\n\n<p>Nunca recopilamos datos personales sin su conocimiento y consentimiento. No utilizamos sus datos personales para fines distintos a los aqu\u00ed indicados.<\/p>\n\n\n\n<p>Es importante destacar que no divulgamos ni vendemos su informaci\u00f3n personal ni su informaci\u00f3n de contacto comercial a terceros para que promocionen sus productos o servicios.<\/p>\n\n\n\n<h3 class=\"wp-block-heading\"><span class=\"ez-toc-section\" id=\"Si_usted_es_cliente_o_posible_cliente\"><\/span>Si usted es cliente o posible cliente<span class=\"ez-toc-section-end\"><\/span><\/h3>\n\n\n\n<p>Cuando solicita un servicio o una cotizaci\u00f3n, podemos recopilar su informaci\u00f3n y datos como parte del proceso inicial, para entender, evaluar y asistirle con sus necesidades legales, para cumplir con obligaciones bajo leyes especiales o para asegurar que la informaci\u00f3n sea correcta y est\u00e9 actualizada, entre otros fines. Solo recopilamos sus datos por medios leg\u00edtimos y con su consentimiento.<\/p>\n\n\n\n<p>Algunos de los datos que normalmente recopilamos son:<\/p>\n\n\n\n<ul class=\"wp-block-list\">\n<li><strong>Informaci\u00f3n b\u00e1sica y datos personales<\/strong> para identificarle de forma inequ\u00edvoca: nombre completo, fecha de nacimiento, nacionalidad, n\u00famero de pasaporte o documento de identificaci\u00f3n. Si es una persona jur\u00eddica, su cargo dentro de la organizaci\u00f3n.<\/li>\n\n\n\n<li><strong>Datos de contacto<\/strong> para comunicarnos con usted y para efectos de facturaci\u00f3n: direcci\u00f3n f\u00edsica, correo electr\u00f3nico y n\u00fameros de tel\u00e9fono. Si es persona jur\u00eddica, domicilio y n\u00famero de identificaci\u00f3n fiscal.<\/li>\n\n\n\n<li><strong>Informaci\u00f3n necesaria para cumplir con pol\u00edticas de \u201cConozca a su Cliente\u201d y requisitos de Debida Diligencia:<\/strong> adem\u00e1s de los datos antes mencionados, copia de su documento de identidad y comprobante de domicilio. Si es persona jur\u00eddica, certificado de existencia o equivalente, entre otros.<\/li>\n<\/ul>\n\n\n\n<p>Generalmente, usted proporciona la informaci\u00f3n durante nuestra relaci\u00f3n. Sin embargo, cuando resulte necesario para prestar los servicios solicitados y\/o cumplir obligaciones legales, podremos validar o recopilar informaci\u00f3n sobre usted en distintas bases de datos, como las de otras empresas de nuestro grupo econ\u00f3mico o a trav\u00e9s de terceros, tales como fuentes accesibles, autoridades y\/o entidades estatales y proveedores de servicios.<\/p>\n\n\n\n<p>Utilizamos sus datos personales \u00fanicamente en el marco de nuestras actividades profesionales habituales y para cumplir con nuestras obligaciones contractuales o acuerdos suscritos para la prestaci\u00f3n de servicios, realizar verificaciones de posibles conflictos de inter\u00e9s o prevenci\u00f3n de blanqueo de capitales, cumplir con obligaciones legales en las jurisdicciones donde operamos, defender sus derechos legales y acatar \u00f3rdenes judiciales y\/o administrativas cuando corresponda.<\/p>\n\n\n\n<h3 class=\"wp-block-heading\"><span class=\"ez-toc-section\" id=\"Si_nos_visita_en_nuestros_sitios_web_o_portales_de_servicio\"><\/span>Si nos visita en nuestros sitios web o portales de servicio<span class=\"ez-toc-section-end\"><\/span><\/h3>\n\n\n\n<p>Cuando navega por nuestros sitios web o utiliza nuestros servicios en l\u00ednea, podemos recopilar informaci\u00f3n t\u00e9cnica, como su direcci\u00f3n IP, para optimizar el funcionamiento y la seguridad de nuestras plataformas tecnol\u00f3gicas. Al ingresar a nuestros portales de atenci\u00f3n al cliente, como portales de pago, tambi\u00e9n recopilamos la informaci\u00f3n que usted nos proporciona en ese momento y que sea estrictamente necesaria para cumplir el prop\u00f3sito para el cual fueron dise\u00f1ados, por ejemplo, procesar el pago de una factura. En todos los casos buscamos su conveniencia y la seguridad de sus datos.<\/p>\n\n\n\n<h3 class=\"wp-block-heading\"><span class=\"ez-toc-section\" id=\"COMO_COMPARTIMOS_O_TRANSFERIMOS_SU_INFORMACION\"><\/span>C\u00d3MO COMPARTIMOS O TRANSFERIMOS SU INFORMACI\u00d3N<span class=\"ez-toc-section-end\"><\/span><\/h3>\n\n\n\n<p>Durante nuestra relaci\u00f3n comercial, proporcionamos informaci\u00f3n a nuestro personal \u00fanicamente para fines comerciales razonables y para la adecuada prestaci\u00f3n de servicios. Nuestro personal est\u00e1 capacitado para mantener la confidencialidad y seguridad de sus datos.<\/p>\n\n\n\n<p>Como parte de un grupo econ\u00f3mico, podemos compartir cierta informaci\u00f3n entre nuestras empresas con el \u00fanico prop\u00f3sito de prestarle el servicio o desarrollar la relaci\u00f3n comercial correspondiente. Nos aseguramos de que en todo momento se garantice el mismo nivel de protecci\u00f3n de datos que exigimos internamente.<\/p>\n\n\n\n<p>Para la prestaci\u00f3n de algunos servicios, podemos recurrir a proveedores externos o profesionales que colaboran con nosotros, tales como peritos, traductores, proveedores de servicios inform\u00e1ticos, bancos y otros, que pueden tener acceso a sus datos personales. En estos casos, exigimos que dichos proveedores cumplan pr\u00e1cticas y pol\u00edticas que aseguren la seguridad y confidencialidad de su informaci\u00f3n personal y que no la traten para fines distintos a los aqu\u00ed indicados.<\/p>\n\n\n\n<p>Algunas de nuestras empresas, sedes o proveedores de servicios pueden estar ubicados en distintas jurisdicciones. Cuando sea necesario transferir o transmitir su informaci\u00f3n personal para los fines declarados, garantizamos que la protecci\u00f3n y confidencialidad de sus datos se mantenga como si se encontraran en territorio nacional.<\/p>\n\n\n\n<p>Debe tener siempre en cuenta que debemos y estaremos obligados a proporcionar sus datos e informaci\u00f3n b\u00e1sica a las autoridades gubernamentales cuando as\u00ed sea solicitado y requerido por la ley.<\/p>\n\n\n\n<h3 class=\"wp-block-heading\"><span class=\"ez-toc-section\" id=\"Resguardo_de_la_informacion\"><\/span>Resguardo de la informaci\u00f3n<span class=\"ez-toc-section-end\"><\/span><\/h3>\n\n\n\n<p>La informaci\u00f3n que recopilamos se utiliza estrictamente para los fines indicados. El acceso de nuestros colaboradores a su informaci\u00f3n est\u00e1 restringido y limitado \u00fanicamente a quienes cuentan con autorizaci\u00f3n y capacitaci\u00f3n en el manejo adecuado de la informaci\u00f3n de clientes.<\/p>\n\n\n\n<p>Hemos adoptado e implementado medidas f\u00edsicas, electr\u00f3nicas, procedimentales y de seguridad para garantizar que su informaci\u00f3n se mantenga confidencial y segura, conforme a la ley y a nuestros procedimientos y pr\u00e1cticas internas.<\/p>\n\n\n\n<h3 class=\"wp-block-heading\"><span class=\"ez-toc-section\" id=\"Conservacion_de_la_informacion\"><\/span>Conservaci\u00f3n de la informaci\u00f3n<span class=\"ez-toc-section-end\"><\/span><\/h3>\n\n\n\n<p>Usted acepta que podamos almacenar y utilizar informaci\u00f3n sobre usted en nuestros registros para los fines descritos en esta Pol\u00edtica, incluso si deja de ser cliente, sujeto a las leyes aplicables.<\/p>\n\n\n\n<h3 class=\"wp-block-heading\"><span class=\"ez-toc-section\" id=\"Exactitud_de_la_informacion_personal\"><\/span>Exactitud de la informaci\u00f3n personal<span class=\"ez-toc-section-end\"><\/span><\/h3>\n\n\n\n<p>Mientras exista una relaci\u00f3n comercial con nosotros, usted debe proporcionar y mantener actualizada toda su informaci\u00f3n personal, notific\u00e1ndonos tan pronto como se produzcan cambios, de modo que podamos actualizar nuestras bases de datos y evitar inconvenientes en nuestra relaci\u00f3n contractual.<\/p>\n\n\n\n<h3 class=\"wp-block-heading\"><span class=\"ez-toc-section\" id=\"Vigencia_de_esta_Politica\"><\/span>Vigencia de esta Pol\u00edtica<span class=\"ez-toc-section-end\"><\/span><\/h3>\n\n\n\n<p>Esta Declaraci\u00f3n de Privacidad fue actualizada el 25 de marzo de 2021. Podemos revisar y modificar esta Declaraci\u00f3n de Privacidad en cualquier momento para actualizar nuestro compromiso con su privacidad conforme a la legislaci\u00f3n vigente y las mejores pr\u00e1cticas en materia de protecci\u00f3n de datos.<\/p>\n","protected":false},"excerpt":{"rendered":"<p>En NDM Law Firm &amp; Associates reconocemos la importancia de mantener la privacidad y la sensibilidad de la informaci\u00f3n que conservamos en nuestra base de datos, especialmente la informaci\u00f3n personal de las personas con las que nos relacionamos, ya sean clientes, usuarios, colaboradores, candidatos, proveedores u otros. Como abogados en ejercicio y proveedores de &#8230; <\/p>\n<p class=\"read-more-container\"><a title=\"Privacy Policy\" class=\"read-more button\" href=\"https:\/\/www.ndm.com.pa\/es\/privacy-policy\/#more-3\" aria-label=\"Leer m\u00e1s sobre Privacy Policy\">Leer m\u00e1s<\/a><\/p>\n","protected":false},"author":1,"featured_media":0,"parent":0,"menu_order":0,"comment_status":"closed","ping_status":"open","template":"","meta":{"content-type":"","inline_featured_image":false,"footnotes":""},"class_list":{"0":"post-3","1":"page","2":"type-page","3":"status-publish","5":"infinite-scroll-item"},"_links":{"self":[{"href":"https:\/\/www.ndm.com.pa\/es\/wp-json\/wp\/v2\/pages\/3","targetHints":{"allow":["GET"]}}],"collection":[{"href":"https:\/\/www.ndm.com.pa\/es\/wp-json\/wp\/v2\/pages"}],"about":[{"href":"https:\/\/www.ndm.com.pa\/es\/wp-json\/wp\/v2\/types\/page"}],"author":[{"embeddable":true,"href":"https:\/\/www.ndm.com.pa\/es\/wp-json\/wp\/v2\/users\/1"}],"replies":[{"embeddable":true,"href":"https:\/\/www.ndm.com.pa\/es\/wp-json\/wp\/v2\/comments?post=3"}],"version-history":[{"count":1,"href":"https:\/\/www.ndm.com.pa\/es\/wp-json\/wp\/v2\/pages\/3\/revisions"}],"predecessor-version":[{"id":7723,"href":"https:\/\/www.ndm.com.pa\/es\/wp-json\/wp\/v2\/pages\/3\/revisions\/7723"}],"wp:attachment":[{"href":"https:\/\/www.ndm.com.pa\/es\/wp-json\/wp\/v2\/media?parent=3"}],"curies":[{"name":"wp","href":"https:\/\/api.w.org\/{rel}","templated":true}]}}