{"id":27,"date":"2024-10-15T15:47:57","date_gmt":"2024-10-15T15:47:57","guid":{"rendered":"https:\/\/www.ndm.com.pa\/es\/?page_id=27"},"modified":"2024-10-21T16:11:46","modified_gmt":"2024-10-21T16:11:46","slug":"bufete-de-abogados","status":"publish","type":"page","link":"https:\/\/www.ndm.com.pa\/es\/bufete-de-abogados\/","title":{"rendered":"Bufete de Abogados"},"content":{"rendered":"<div class=\"gb-container gb-container-c79e3ad0\">\n<div class=\"gb-container gb-container-ae3ea60d\">\n\n<p><\/p>\n\n\n\n<p class=\"gb-headline gb-headline-fe87e4dd gb-headline-text\">En nuestra secci\u00f3n de bufetes, explorar\u00e1 la excelencia y el compromiso que nos distingue en el \u00e1mbito de los servicios legales en Panam\u00e1. Nuestro equipo de abogados y consultores NDM est\u00e1 dedicado a proporcionar un servicio personalizado. Descubra lo que nos hace diferentes, conozca a nuestros expertos y visite nuestras oficinas. <\/p>\n\n<\/div>\n\n<div class=\"gb-container gb-container-a9f32edb\">\n<div class=\"gb-container gb-container-4b3fc703\">\n<div class=\"gb-container gb-container-6f62c3cf\">\n<div class=\"gb-grid-wrapper gb-grid-wrapper-6b817d32\">\n<div class=\"gb-grid-column gb-grid-column-29df7af2\"><div class=\"gb-container gb-container-29df7af2\">\n\n<h2 class=\"gb-headline gb-headline-6578902f gb-headline-text\"><span class=\"ez-toc-section\" id=\"%C2%BFQue_nos_hace_diferentes\"><\/span>\u00bfQue nos hace diferentes?<span class=\"ez-toc-section-end\"><\/span><\/h2>\n\n\n\n<p class=\"gb-headline gb-headline-266209c3 gb-headline-text\">Descubra la historia de NDM, nuestro bufete de abogados con alcance global. Desde hace 17 a\u00f1os, ofrecemos servicios jur\u00eddicos completos y nos hemos consolidado como uno de los principales actores internacionales en el \u00e1mbito jur\u00eddico.<\/p>\n\n\n\n<div class=\"wp-block-buttons is-layout-flex wp-block-buttons-is-layout-flex\">\n<div class=\"wp-block-button has-custom-width wp-block-button__width-50\"><a class=\"wp-block-button__link wp-element-button\" href=\"https:\/\/www.ndm.com.pa\/es\/bufete-de-abogados\/abogado-corporativo\/\" style=\"border-radius:0px\" target=\"_blank\" rel=\"noreferrer noopener\">Ver m\u00e1s<\/a><\/div>\n<\/div>\n\n\n<div class=\"gb-container gb-container-688dd0b2\"><\/div>\n\n\n<p><\/p>\n\n<\/div><\/div>\n\n<div class=\"gb-grid-column gb-grid-column-771ce2b3\"><div class=\"gb-container gb-container-771ce2b3\">\n\n<h2 class=\"gb-headline gb-headline-f61f6f87 gb-headline-text\"><\/h2>\n\n\n\n<p><\/p>\n\n<\/div><\/div>\n<\/div>\n<\/div>\n<div class=\"gb-shapes\"><div class=\"gb-shape gb-shape-1\"><svg xmlns=\"http:\/\/www.w3.org\/2000\/svg\" viewBox=\"0 0 1200 360\" preserveAspectRatio=\"none\"><path d=\"M1200 360H0V0l1200 348z\"\/><\/svg><\/div><\/div><\/div>\n\n<div class=\"gb-container gb-container-bec774af\">\n<div class=\"gb-container gb-container-4d039916\">\n<div class=\"gb-container gb-container-2d647688\">\n<div class=\"gb-grid-wrapper gb-grid-wrapper-0b27abd3\">\n<div class=\"gb-grid-column gb-grid-column-c996c60f\"><div class=\"gb-container gb-container-c996c60f\"><\/div><\/div>\n\n<div class=\"gb-grid-column gb-grid-column-ee23b0c2\"><div class=\"gb-container gb-container-ee23b0c2\">\n\n<h2 class=\"gb-headline gb-headline-8b857626 gb-headline-text\"><span class=\"ez-toc-section\" id=\"Abogados_y_Asociados\"><\/span>Abogados y Asociados<span class=\"ez-toc-section-end\"><\/span><\/h2>\n\n\n\n<p class=\"gb-headline gb-headline-b7582155 gb-headline-text\">Conozca a nuestros profesionales y asociados de NDM, un grupo diverso que es parte integral de NDM. Como bufete de abogados l\u00edder en Panam\u00e1, su experiencia colectiva y compromiso para proporcionar soluciones personalizadas nos distinguen en el panorama.<\/p>\n\n\n<div class=\"gb-container gb-container-52dcecfb\">\n\n<div class=\"wp-block-buttons is-content-justification-right is-layout-flex wp-container-core-buttons-is-layout-765c4724 wp-block-buttons-is-layout-flex\">\n<div class=\"wp-block-button has-custom-width wp-block-button__width-50\"><a class=\"wp-block-button__link has-text-align-center wp-element-button\" href=\"https:\/\/www.ndm.com.pa\/es\/bufete-de-abogados\/abogados-y-consultores\/\" style=\"border-radius:0px\" target=\"_blank\" rel=\"noreferrer noopener\">Con\u00f3cenos<\/a><\/div>\n<\/div>\n\n<\/div>\n\n\n<div style=\"height:64px\" aria-hidden=\"true\" class=\"wp-block-spacer\"><\/div>\n\n<\/div><\/div>\n<\/div>\n<\/div>\n<div class=\"gb-shapes\"><div class=\"gb-shape gb-shape-1\"><svg xmlns=\"http:\/\/www.w3.org\/2000\/svg\" viewBox=\"0 0 1200 360\" preserveAspectRatio=\"none\"><path d=\"M1200 360H0V0l1200 348z\"\/><\/svg><\/div><\/div><\/div>\n<\/div>\n<\/div>\n<\/div>\n\n<div class=\"gb-container gb-container-e2106bfc\">\n<div class=\"gb-container gb-container-c232ac22\">\n<div class=\"gb-grid-wrapper gb-grid-wrapper-215601e9\">\n<div class=\"gb-grid-column gb-grid-column-4bdeb6f1\"><div class=\"gb-container gb-container-4bdeb6f1\">\n\n<h2 class=\"gb-headline gb-headline-5f2fb910 gb-headline-text\"><span class=\"ez-toc-section\" id=\"Oficina_de_Abogados\"><\/span>Oficina de Abogados<span class=\"ez-toc-section-end\"><\/span><\/h2>\n\n\n\n<p class=\"gb-headline gb-headline-08886b4d gb-headline-text\">Explore nuestra oficina, el coraz\u00f3n de nuestras operaciones, donde ponemos nuestra experiencia en acci\u00f3n. Este es el espacio donde nuestro equipo de abogados NDM trabaja diligentemente para proporcionar las mejores soluciones a nuestros clientes. <\/p>\n\n\n\n<div class=\"wp-block-buttons is-layout-flex wp-block-buttons-is-layout-flex\">\n<div class=\"wp-block-button has-custom-width wp-block-button__width-50\"><a class=\"wp-block-button__link has-text-align-center wp-element-button\" href=\"https:\/\/www.ndm.com.pa\/es\/bufete-de-abogados\/despachos-juridicos\/\" style=\"border-radius:0px\">Ver m\u00e1s<\/a><\/div>\n<\/div>\n\n<\/div><\/div>\n\n<div class=\"gb-grid-column gb-grid-column-aa0e184d\"><div class=\"gb-container gb-container-aa0e184d\">\n\n<h2 class=\"gb-headline gb-headline-2e08de42 gb-headline-text\"><\/h2>\n\n\n\n<p><\/p>\n\n<\/div><\/div>\n<\/div>\n<\/div>\n<\/div>\n\n<div class=\"gb-container gb-container-d1c3e3f9\">\n<div class=\"gb-container gb-container-051ad295\">\n<div class=\"gb-grid-wrapper gb-grid-wrapper-ba39c7c6\">\n<div class=\"gb-grid-column gb-grid-column-95f11b5b\"><div class=\"gb-container gb-container-95f11b5b\">\n\n<h2 class=\"gb-headline gb-headline-e8c73ff9 gb-headline-text\"><span class=\"ez-toc-section\" id=\"CONTACTANOS\"><\/span>CONT\u00c1CTANOS<span class=\"ez-toc-section-end\"><\/span><\/h2>\n\n\n\n<p class=\"gb-headline gb-headline-4503167c gb-headline-text\"><strong>ESTAMOS LISTOS PARA HABLAR CONTIGO<\/strong><\/p>\n\n<\/div><\/div>\n\n<div class=\"gb-grid-column gb-grid-column-438253ba\"><div class=\"gb-container gb-container-438253ba\">\n<div class=\"gb-container gb-container-7a7a14a2\" id=\"contacto\">\n\n<h3 class=\"gb-headline gb-headline-e0970646\"><span class=\"ez-toc-section\" id=\"Te_contactaremos\"><\/span><span class=\"gb-icon\"><svg aria-hidden=\"true\" role=\"img\" height=\"1em\" width=\"1em\" viewBox=\"0 0 512 512\" xmlns=\"http:\/\/www.w3.org\/2000\/svg\"><path fill=\"currentColor\" d=\"M464 64H48C21.49 64 0 85.49 0 112v288c0 26.51 21.49 48 48 48h416c26.51 0 48-21.49 48-48V112c0-26.51-21.49-48-48-48zm0 48v40.805c-22.422 18.259-58.168 46.651-134.587 106.49-16.841 13.247-50.201 45.072-73.413 44.701-23.208.375-56.579-31.459-73.413-44.701C106.18 199.465 70.425 171.067 48 152.805V112h416zM48 400V214.398c22.914 18.251 55.409 43.862 104.938 82.646 21.857 17.205 60.134 55.186 103.062 54.955 42.717.231 80.509-37.199 103.053-54.947 49.528-38.783 82.032-64.401 104.947-82.653V400H48z\"><\/path><\/svg><\/span><span class=\"gb-headline-text\">Te contactaremos<\/span><span class=\"ez-toc-section-end\"><\/span><\/h3>\n\n\n\n<script charset=\"utf-8\" type=\"text\/javascript\" src=\"\/\/js.hsforms.net\/forms\/embed\/v2.js\"><\/script>\n<script>\n  hbspt.forms.create({\n    region: \"na1\",\n    portalId: \"22633994\",\n    formId: \"65a5afb3-e520-4745-bfa0-ab5a1cb6982a\"\n  });\n<\/script>\n\n<\/div>\n<\/div><\/div>\n<\/div>\n<\/div>\n<\/div>\n\n<section class=\"gb-container gb-container-147574b7\">\n<div class=\"gb-container gb-container-0fb80343 gbp-section\">\n<div class=\"gb-container gb-container-27c67ba9 gbp-section__inner\">\n<div class=\"gb-container gb-container-a4f27823\">\n\n<h2 class=\"gb-headline gb-headline-dd2f6675 gb-headline-text gbp-section__headline\"><span class=\"ez-toc-section\" id=\"Nuestros_Ultimos_Blogs\"><\/span>Nuestros Ultimos Blogs<span class=\"ez-toc-section-end\"><\/span><\/h2>\n\n<\/div>\n<\/div>\n\n<div class=\"gb-container gb-container-39758d5a\">\n\n<div class=\"gb-grid-wrapper gb-grid-wrapper-f4874898 gb-query-loop-wrapper\">\n<div class=\"gb-grid-column gb-grid-column-386828f5 gb-query-loop-item post-7491 post type-post status-publish format-standard has-post-thumbnail hentry category-inmigracion-panama\"><div class=\"gb-container gb-container-386828f5 gbp-card--border\">\n<figure class=\"gb-block-image gb-block-image-675533a3\"><a href=\"https:\/\/www.ndm.com.pa\/es\/tienes-residencia-en-panama-actualiza-tu-domicilio-para-evitar-sanciones-migratorias\/\"><img decoding=\"async\" width=\"1024\" height=\"576\" src=\"https:\/\/www.ndm.com.pa\/es\/wp-content\/uploads\/2025\/07\/\u00bfTienes-residencia-en-Panama-Actualiza-tu-domicilio-para-evitar-sanciones-migratorias-1-1024x576.webp\" class=\"gb-image-675533a3\" alt=\"\" srcset=\"https:\/\/www.ndm.com.pa\/es\/wp-content\/uploads\/2025\/07\/\u00bfTienes-residencia-en-Panama-Actualiza-tu-domicilio-para-evitar-sanciones-migratorias-1-1024x576.webp 1024w, https:\/\/www.ndm.com.pa\/es\/wp-content\/uploads\/2025\/07\/\u00bfTienes-residencia-en-Panama-Actualiza-tu-domicilio-para-evitar-sanciones-migratorias-1-300x169.webp 300w, https:\/\/www.ndm.com.pa\/es\/wp-content\/uploads\/2025\/07\/\u00bfTienes-residencia-en-Panama-Actualiza-tu-domicilio-para-evitar-sanciones-migratorias-1-768x432.webp 768w, https:\/\/www.ndm.com.pa\/es\/wp-content\/uploads\/2025\/07\/\u00bfTienes-residencia-en-Panama-Actualiza-tu-domicilio-para-evitar-sanciones-migratorias-1.webp 1280w\" sizes=\"(max-width: 1024px) 100vw, 1024px\" title=\"\"><\/a><\/figure>\n\n<div class=\"gb-container gb-container-5e696bf0 gbp-card\">\n<h3 class=\"gb-headline gb-headline-43de760d gb-headline-text gbp-card__title\"><span class=\"ez-toc-section\" id=\"%C2%BFTienes_residencia_en_Panama_Actualiza_tu_domicilio_para_evitar_sanciones_migratorias\"><\/span><a href=\"https:\/\/www.ndm.com.pa\/es\/tienes-residencia-en-panama-actualiza-tu-domicilio-para-evitar-sanciones-migratorias\/\">\u00bfTienes residencia en Panam\u00e1? Actualiza tu domicilio para evitar sanciones migratorias<\/a><span class=\"ez-toc-section-end\"><\/span><\/h3>\n\n<div class=\"gb-headline gb-headline-bb8f2532 gb-headline-text gbp-card__text\">Panam\u00e1 est\u00e1 haciendo cumplir las reglas. Actualice su direcci\u00f3n para que coincida con su archivo de residencia original o se enfrentar\u00e1 a una multa de $100. Se aplica si su direcci\u00f3n actual no fue reportada dentro de los 30 d\u00edas del traslado.<\/div>\n<\/div>\n<\/div><\/div>\n\n<div class=\"gb-grid-column gb-grid-column-386828f5 gb-query-loop-item post-7366 post type-post status-publish format-standard has-post-thumbnail hentry category-inmigracion-panama\"><div class=\"gb-container gb-container-386828f5 gbp-card--border\">\n<figure class=\"gb-block-image gb-block-image-675533a3\"><a href=\"https:\/\/www.ndm.com.pa\/es\/permiso-de-proteccion-de-seguridad-humanitaria\/\"><img decoding=\"async\" width=\"1024\" height=\"576\" src=\"https:\/\/www.ndm.com.pa\/es\/wp-content\/uploads\/2025\/03\/El-Permiso-de-Proteccion-de-Seguridad-Humanitaria-1024x576.webp\" class=\"gb-image-675533a3\" alt=\"\" srcset=\"https:\/\/www.ndm.com.pa\/es\/wp-content\/uploads\/2025\/03\/El-Permiso-de-Proteccion-de-Seguridad-Humanitaria-1024x576.webp 1024w, https:\/\/www.ndm.com.pa\/es\/wp-content\/uploads\/2025\/03\/El-Permiso-de-Proteccion-de-Seguridad-Humanitaria-300x169.webp 300w, https:\/\/www.ndm.com.pa\/es\/wp-content\/uploads\/2025\/03\/El-Permiso-de-Proteccion-de-Seguridad-Humanitaria-768x432.webp 768w, https:\/\/www.ndm.com.pa\/es\/wp-content\/uploads\/2025\/03\/El-Permiso-de-Proteccion-de-Seguridad-Humanitaria-1536x864.webp 1536w, https:\/\/www.ndm.com.pa\/es\/wp-content\/uploads\/2025\/03\/El-Permiso-de-Proteccion-de-Seguridad-Humanitaria.webp 1920w\" sizes=\"(max-width: 1024px) 100vw, 1024px\" title=\"\"><\/a><\/figure>\n\n<div class=\"gb-container gb-container-5e696bf0 gbp-card\">\n<h3 class=\"gb-headline gb-headline-43de760d gb-headline-text gbp-card__title\"><span class=\"ez-toc-section\" id=\"El_Permiso_de_Proteccion_de_Seguridad_Humanitaria\"><\/span><a href=\"https:\/\/www.ndm.com.pa\/es\/permiso-de-proteccion-de-seguridad-humanitaria\/\">El Permiso de Protecci\u00f3n de Seguridad Humanitaria<\/a><span class=\"ez-toc-section-end\"><\/span><\/h3>\n\n<div class=\"gb-headline gb-headline-bb8f2532 gb-headline-text gbp-card__text\">El Permiso de Protecci\u00f3n de Seguridad Humanitaria permite a los beneficiarios obtener residencia y permiso de trabajo, y est\u00e1 dise\u00f1ado para proteger los derechos de los migrantes en situaci\u00f3n de vulnerabilidad.<\/div>\n<\/div>\n<\/div><\/div>\n\n<div class=\"gb-grid-column gb-grid-column-386828f5 gb-query-loop-item post-7165 post type-post status-publish format-standard has-post-thumbnail hentry category-migracion-panama\"><div class=\"gb-container gb-container-386828f5 gbp-card--border\">\n<figure class=\"gb-block-image gb-block-image-675533a3\"><a href=\"https:\/\/www.ndm.com.pa\/es\/mujeres-solteras-jubiladas-en-el-extranjero-como-encontrar-el-destino-perfecto\/\"><img decoding=\"async\" width=\"1024\" height=\"576\" src=\"https:\/\/www.ndm.com.pa\/es\/wp-content\/uploads\/2024\/10\/Mesa-de-trabajo-1-1024x576.jpg\" class=\"gb-image-675533a3\" alt=\"\" srcset=\"https:\/\/www.ndm.com.pa\/es\/wp-content\/uploads\/2024\/10\/Mesa-de-trabajo-1-1024x576.jpg 1024w, https:\/\/www.ndm.com.pa\/es\/wp-content\/uploads\/2024\/10\/Mesa-de-trabajo-1-300x169.jpg 300w, https:\/\/www.ndm.com.pa\/es\/wp-content\/uploads\/2024\/10\/Mesa-de-trabajo-1-768x432.jpg 768w, https:\/\/www.ndm.com.pa\/es\/wp-content\/uploads\/2024\/10\/Mesa-de-trabajo-1-1536x864.jpg 1536w, https:\/\/www.ndm.com.pa\/es\/wp-content\/uploads\/2024\/10\/Mesa-de-trabajo-1.jpg 1920w\" sizes=\"(max-width: 1024px) 100vw, 1024px\" title=\"\"><\/a><\/figure>\n\n<div class=\"gb-container gb-container-5e696bf0 gbp-card\">\n<h3 class=\"gb-headline gb-headline-43de760d gb-headline-text gbp-card__title\"><span class=\"ez-toc-section\" id=\"Mujeres_Solteras_Jubiladas_en_el_Extranjero_Como_Encontrar_el_Destino_Perfecto\"><\/span><a href=\"https:\/\/www.ndm.com.pa\/es\/mujeres-solteras-jubiladas-en-el-extranjero-como-encontrar-el-destino-perfecto\/\">Mujeres Solteras Jubiladas en el Extranjero: C\u00f3mo Encontrar el Destino Perfecto<\/a><span class=\"ez-toc-section-end\"><\/span><\/h3>\n\n<div class=\"gb-headline gb-headline-bb8f2532 gb-headline-text gbp-card__text\">En nuestro \u00faltimo episodio, entrevistamos a Patty Blue Hayes, una coach de vida y YouTuber que decidi\u00f3 jubilarse en Panam\u00e1. Ella comparte su experiencia personal y explica por qu\u00e9 Panam\u00e1 se convirti\u00f3 en su destino ideal. <\/div>\n<\/div>\n<\/div><\/div>\n<\/div>\n\n<\/div>\n<\/div>\n<\/section>\n\n\n<p><\/p>\n","protected":false},"excerpt":{"rendered":"<p>En nuestra secci\u00f3n de bufetes, explorar\u00e1 la excelencia y el compromiso que nos distingue en el \u00e1mbito de los servicios legales en Panam\u00e1. Nuestro equipo de abogados y consultores NDM est\u00e1 dedicado a proporcionar un servicio personalizado. Descubra lo que nos hace diferentes, conozca a nuestros expertos y visite nuestras oficinas. Nuestros Ultimos Blogs<\/p>\n","protected":false},"author":1,"featured_media":0,"parent":0,"menu_order":0,"comment_status":"closed","ping_status":"closed","template":"","meta":{"content-type":"","inline_featured_image":false,"footnotes":""},"class_list":{"0":"post-27","1":"page","2":"type-page","3":"status-publish","5":"infinite-scroll-item"},"_links":{"self":[{"href":"https:\/\/www.ndm.com.pa\/es\/wp-json\/wp\/v2\/pages\/27","targetHints":{"allow":["GET"]}}],"collection":[{"href":"https:\/\/www.ndm.com.pa\/es\/wp-json\/wp\/v2\/pages"}],"about":[{"href":"https:\/\/www.ndm.com.pa\/es\/wp-json\/wp\/v2\/types\/page"}],"author":[{"embeddable":true,"href":"https:\/\/www.ndm.com.pa\/es\/wp-json\/wp\/v2\/users\/1"}],"replies":[{"embeddable":true,"href":"https:\/\/www.ndm.com.pa\/es\/wp-json\/wp\/v2\/comments?post=27"}],"version-history":[{"count":5,"href":"https:\/\/www.ndm.com.pa\/es\/wp-json\/wp\/v2\/pages\/27\/revisions"}],"predecessor-version":[{"id":7176,"href":"https:\/\/www.ndm.com.pa\/es\/wp-json\/wp\/v2\/pages\/27\/revisions\/7176"}],"wp:attachment":[{"href":"https:\/\/www.ndm.com.pa\/es\/wp-json\/wp\/v2\/media?parent=27"}],"curies":[{"name":"wp","href":"https:\/\/api.w.org\/{rel}","templated":true}]}}